{"id":1189,"date":"2017-09-27T14:58:51","date_gmt":"2017-09-27T14:58:51","guid":{"rendered":"https:\/\/praelskincare.com\/produkt\/collagen-high-repair-serum\/"},"modified":"2018-03-12T13:09:10","modified_gmt":"2018-03-12T13:09:10","slug":"collagen-high-repair-serum","status":"publish","type":"product","link":"https:\/\/praelskincare.com\/de\/shop\/collagen-high-repair-serum\/","title":{"rendered":"Collagen High Repair Serum"},"content":{"rendered":"<p>Es verbindet, in sich das aktive Meereskollagen mit dem kostbaren Schneckenschleim. Das Kollagen, als die Quelle der Jugend f\u00fcr die Haut, befeuchtet entsprechend und hemmt die Alterungsprozesse. Der Schneckenschleim stimuliert auf eine nat\u00fcrliche Art die Hautzellen zur Regeneration und Wiederherstellung, indem er gleichzeitig lindernd und entz\u00fcndungshemmend wirkt. Ihre Haut gewinnt wieder an Gl\u00e4tte und Straffheit.<br \/>\nF\u00fcr problematische, fettige und gemischte Haut empfohlen. Im K\u00fchlschrank aufbewahren.<\/p>\n","protected":false},"excerpt":{"rendered":"<p>Es verbindet, in sich das aktive Meereskollagen mit dem kostbaren Schneckenschleim. Das Kollagen, als die Quelle der Jugend f\u00fcr die Haut, befeuchtet entsprechend und hemmt die Alterungsprozesse. Der Schneckenschleim stimuliert auf eine nat\u00fcrliche Art die Hautzellen zur Regeneration und Wiederherstellung, indem er gleichzeitig lindernd und entz\u00fcndungshemmend wirkt. Ihre Haut gewinnt wieder an Gl\u00e4tte und Straffheit. [&hellip;]<\/p>\n","protected":false},"featured_media":1190,"template":"","meta":{"inline_featured_image":false},"product_brand":[],"product_cat":[97],"product_tag":[98,100],"class_list":{"0":"post-1189","1":"product","2":"type-product","3":"status-publish","4":"has-post-thumbnail","6":"product_cat-regenerierendes-serum","7":"product_tag-active-marine-collagen-de","8":"product_tag-snail-secretion-de","10":"first","11":"outofstock","12":"taxable","13":"shipping-taxable","14":"purchasable","15":"product-type-simple"},"yoast_head":"<!-- This site is optimized with the Yoast SEO plugin v25.4 - https:\/\/yoast.com\/wordpress\/plugins\/seo\/ -->\n<title>Collagen High Repair Serum - Prael<\/title>\n<meta name=\"robots\" content=\"index, follow, max-snippet:-1, max-image-preview:large, max-video-preview:-1\" \/>\n<link rel=\"canonical\" href=\"https:\/\/praelskincare.com\/de\/shop\/collagen-high-repair-serum\/\" \/>\n<meta property=\"og:locale\" content=\"de_DE\" \/>\n<meta property=\"og:type\" content=\"article\" \/>\n<meta property=\"og:title\" content=\"Collagen High Repair Serum - Prael\" \/>\n<meta property=\"og:description\" content=\"Es verbindet, in sich das aktive Meereskollagen mit dem kostbaren Schneckenschleim. Das Kollagen, als die Quelle der Jugend f\u00fcr die Haut, befeuchtet entsprechend und hemmt die Alterungsprozesse. Der Schneckenschleim stimuliert auf eine nat\u00fcrliche Art die Hautzellen zur Regeneration und Wiederherstellung, indem er gleichzeitig lindernd und entz\u00fcndungshemmend wirkt. Ihre Haut gewinnt wieder an Gl\u00e4tte und Straffheit. [&hellip;]\" \/>\n<meta property=\"og:url\" content=\"https:\/\/praelskincare.com\/de\/shop\/collagen-high-repair-serum\/\" \/>\n<meta property=\"og:site_name\" content=\"Prael\" \/>\n<meta property=\"article:modified_time\" content=\"2018-03-12T13:09:10+00:00\" \/>\n<meta property=\"og:image\" content=\"https:\/\/praelskincare.com\/wp-content\/uploads\/2017\/10\/collagen-high-repair-serum-thumbnail.png\" \/>\n\t<meta property=\"og:image:width\" content=\"1280\" \/>\n\t<meta property=\"og:image:height\" content=\"1280\" \/>\n\t<meta property=\"og:image:type\" content=\"image\/png\" \/>\n<meta name=\"twitter:card\" content=\"summary_large_image\" \/>\n<script type=\"application\/ld+json\" class=\"yoast-schema-graph\">{\"@context\":\"https:\/\/schema.org\",\"@graph\":[{\"@type\":\"WebPage\",\"@id\":\"https:\/\/praelskincare.com\/de\/shop\/collagen-high-repair-serum\/\",\"url\":\"https:\/\/praelskincare.com\/de\/shop\/collagen-high-repair-serum\/\",\"name\":\"Collagen High Repair Serum - Prael\",\"isPartOf\":{\"@id\":\"https:\/\/praelskincare.com\/#website\"},\"primaryImageOfPage\":{\"@id\":\"https:\/\/praelskincare.com\/de\/shop\/collagen-high-repair-serum\/#primaryimage\"},\"image\":{\"@id\":\"https:\/\/praelskincare.com\/de\/shop\/collagen-high-repair-serum\/#primaryimage\"},\"thumbnailUrl\":\"https:\/\/praelskincare.com\/wp-content\/uploads\/2017\/10\/collagen-high-repair-serum-thumbnail.png\",\"datePublished\":\"2017-09-27T14:58:51+00:00\",\"dateModified\":\"2018-03-12T13:09:10+00:00\",\"breadcrumb\":{\"@id\":\"https:\/\/praelskincare.com\/de\/shop\/collagen-high-repair-serum\/#breadcrumb\"},\"inLanguage\":\"de\",\"potentialAction\":[{\"@type\":\"ReadAction\",\"target\":[\"https:\/\/praelskincare.com\/de\/shop\/collagen-high-repair-serum\/\"]}]},{\"@type\":\"ImageObject\",\"inLanguage\":\"de\",\"@id\":\"https:\/\/praelskincare.com\/de\/shop\/collagen-high-repair-serum\/#primaryimage\",\"url\":\"https:\/\/praelskincare.com\/wp-content\/uploads\/2017\/10\/collagen-high-repair-serum-thumbnail.png\",\"contentUrl\":\"https:\/\/praelskincare.com\/wp-content\/uploads\/2017\/10\/collagen-high-repair-serum-thumbnail.png\",\"width\":1280,\"height\":1280},{\"@type\":\"BreadcrumbList\",\"@id\":\"https:\/\/praelskincare.com\/de\/shop\/collagen-high-repair-serum\/#breadcrumb\",\"itemListElement\":[{\"@type\":\"ListItem\",\"position\":1,\"name\":\"Home\",\"item\":\"https:\/\/praelskincare.com\/de\/\"},{\"@type\":\"ListItem\",\"position\":2,\"name\":\"Prael cosmetics\",\"item\":\"https:\/\/praelskincare.com\/shop\/\"},{\"@type\":\"ListItem\",\"position\":3,\"name\":\"Collagen High Repair Serum\"}]},{\"@type\":\"WebSite\",\"@id\":\"https:\/\/praelskincare.com\/#website\",\"url\":\"https:\/\/praelskincare.com\/\",\"name\":\"Prael\",\"description\":\"Luxury Collagen Skincare\",\"publisher\":{\"@id\":\"https:\/\/praelskincare.com\/#organization\"},\"potentialAction\":[{\"@type\":\"SearchAction\",\"target\":{\"@type\":\"EntryPoint\",\"urlTemplate\":\"https:\/\/praelskincare.com\/?s={search_term_string}\"},\"query-input\":{\"@type\":\"PropertyValueSpecification\",\"valueRequired\":true,\"valueName\":\"search_term_string\"}}],\"inLanguage\":\"de\"},{\"@type\":\"Organization\",\"@id\":\"https:\/\/praelskincare.com\/#organization\",\"name\":\"PRAEL\",\"url\":\"https:\/\/praelskincare.com\/\",\"logo\":{\"@type\":\"ImageObject\",\"inLanguage\":\"de\",\"@id\":\"https:\/\/praelskincare.com\/#\/schema\/logo\/image\/\",\"url\":\"https:\/\/praelskincare.com\/wp-content\/uploads\/2017\/05\/logo_prael.png\",\"contentUrl\":\"https:\/\/praelskincare.com\/wp-content\/uploads\/2017\/05\/logo_prael.png\",\"width\":88,\"height\":58,\"caption\":\"PRAEL\"},\"image\":{\"@id\":\"https:\/\/praelskincare.com\/#\/schema\/logo\/image\/\"}}]}<\/script>\n<!-- \/ Yoast SEO plugin. -->","yoast_head_json":{"title":"Collagen High Repair Serum - Prael","robots":{"index":"index","follow":"follow","max-snippet":"max-snippet:-1","max-image-preview":"max-image-preview:large","max-video-preview":"max-video-preview:-1"},"canonical":"https:\/\/praelskincare.com\/de\/shop\/collagen-high-repair-serum\/","og_locale":"de_DE","og_type":"article","og_title":"Collagen High Repair Serum - Prael","og_description":"Es verbindet, in sich das aktive Meereskollagen mit dem kostbaren Schneckenschleim. Das Kollagen, als die Quelle der Jugend f\u00fcr die Haut, befeuchtet entsprechend und hemmt die Alterungsprozesse. Der Schneckenschleim stimuliert auf eine nat\u00fcrliche Art die Hautzellen zur Regeneration und Wiederherstellung, indem er gleichzeitig lindernd und entz\u00fcndungshemmend wirkt. Ihre Haut gewinnt wieder an Gl\u00e4tte und Straffheit. [&hellip;]","og_url":"https:\/\/praelskincare.com\/de\/shop\/collagen-high-repair-serum\/","og_site_name":"Prael","article_modified_time":"2018-03-12T13:09:10+00:00","og_image":[{"width":1280,"height":1280,"url":"https:\/\/praelskincare.com\/wp-content\/uploads\/2017\/10\/collagen-high-repair-serum-thumbnail.png","type":"image\/png"}],"twitter_card":"summary_large_image","schema":{"@context":"https:\/\/schema.org","@graph":[{"@type":"WebPage","@id":"https:\/\/praelskincare.com\/de\/shop\/collagen-high-repair-serum\/","url":"https:\/\/praelskincare.com\/de\/shop\/collagen-high-repair-serum\/","name":"Collagen High Repair Serum - Prael","isPartOf":{"@id":"https:\/\/praelskincare.com\/#website"},"primaryImageOfPage":{"@id":"https:\/\/praelskincare.com\/de\/shop\/collagen-high-repair-serum\/#primaryimage"},"image":{"@id":"https:\/\/praelskincare.com\/de\/shop\/collagen-high-repair-serum\/#primaryimage"},"thumbnailUrl":"https:\/\/praelskincare.com\/wp-content\/uploads\/2017\/10\/collagen-high-repair-serum-thumbnail.png","datePublished":"2017-09-27T14:58:51+00:00","dateModified":"2018-03-12T13:09:10+00:00","breadcrumb":{"@id":"https:\/\/praelskincare.com\/de\/shop\/collagen-high-repair-serum\/#breadcrumb"},"inLanguage":"de","potentialAction":[{"@type":"ReadAction","target":["https:\/\/praelskincare.com\/de\/shop\/collagen-high-repair-serum\/"]}]},{"@type":"ImageObject","inLanguage":"de","@id":"https:\/\/praelskincare.com\/de\/shop\/collagen-high-repair-serum\/#primaryimage","url":"https:\/\/praelskincare.com\/wp-content\/uploads\/2017\/10\/collagen-high-repair-serum-thumbnail.png","contentUrl":"https:\/\/praelskincare.com\/wp-content\/uploads\/2017\/10\/collagen-high-repair-serum-thumbnail.png","width":1280,"height":1280},{"@type":"BreadcrumbList","@id":"https:\/\/praelskincare.com\/de\/shop\/collagen-high-repair-serum\/#breadcrumb","itemListElement":[{"@type":"ListItem","position":1,"name":"Home","item":"https:\/\/praelskincare.com\/de\/"},{"@type":"ListItem","position":2,"name":"Prael cosmetics","item":"https:\/\/praelskincare.com\/shop\/"},{"@type":"ListItem","position":3,"name":"Collagen High Repair Serum"}]},{"@type":"WebSite","@id":"https:\/\/praelskincare.com\/#website","url":"https:\/\/praelskincare.com\/","name":"Prael","description":"Luxury Collagen Skincare","publisher":{"@id":"https:\/\/praelskincare.com\/#organization"},"potentialAction":[{"@type":"SearchAction","target":{"@type":"EntryPoint","urlTemplate":"https:\/\/praelskincare.com\/?s={search_term_string}"},"query-input":{"@type":"PropertyValueSpecification","valueRequired":true,"valueName":"search_term_string"}}],"inLanguage":"de"},{"@type":"Organization","@id":"https:\/\/praelskincare.com\/#organization","name":"PRAEL","url":"https:\/\/praelskincare.com\/","logo":{"@type":"ImageObject","inLanguage":"de","@id":"https:\/\/praelskincare.com\/#\/schema\/logo\/image\/","url":"https:\/\/praelskincare.com\/wp-content\/uploads\/2017\/05\/logo_prael.png","contentUrl":"https:\/\/praelskincare.com\/wp-content\/uploads\/2017\/05\/logo_prael.png","width":88,"height":58,"caption":"PRAEL"},"image":{"@id":"https:\/\/praelskincare.com\/#\/schema\/logo\/image\/"}}]}},"_links":{"self":[{"href":"https:\/\/praelskincare.com\/de\/wp-json\/wp\/v2\/product\/1189\/"}],"collection":[{"href":"https:\/\/praelskincare.com\/de\/wp-json\/wp\/v2\/product\/"}],"about":[{"href":"https:\/\/praelskincare.com\/de\/wp-json\/wp\/v2\/types\/product\/"}],"wp:featuredmedia":[{"embeddable":true,"href":"https:\/\/praelskincare.com\/de\/wp-json\/wp\/v2\/media\/1190\/"}],"wp:attachment":[{"href":"https:\/\/praelskincare.com\/de\/wp-json\/wp\/v2\/media\/?parent=1189"}],"wp:term":[{"taxonomy":"product_brand","embeddable":true,"href":"https:\/\/praelskincare.com\/de\/wp-json\/wp\/v2\/product_brand\/?post=1189"},{"taxonomy":"product_cat","embeddable":true,"href":"https:\/\/praelskincare.com\/de\/wp-json\/wp\/v2\/product_cat\/?post=1189"},{"taxonomy":"product_tag","embeddable":true,"href":"https:\/\/praelskincare.com\/de\/wp-json\/wp\/v2\/product_tag\/?post=1189"}],"curies":[{"name":"wp","href":"https:\/\/api.w.org\/{rel}","templated":true}]}}