{"id":1204,"date":"2017-09-28T22:04:06","date_gmt":"2017-09-28T22:04:06","guid":{"rendered":"https:\/\/praelskincare.com\/produkt\/flash-moisture-mist\/"},"modified":"2018-03-12T13:06:34","modified_gmt":"2018-03-12T13:06:34","slug":"flash-moisture-mist","status":"publish","type":"product","link":"https:\/\/praelskincare.com\/de\/shop\/flash-moisture-mist\/","title":{"rendered":"Flash Moisture Mist"},"content":{"rendered":"<p>Es ist unersetzlich und einzigartig. Der im Nebel enthaltene Zink hat heilende Eigenschaften und unterst\u00fctzt die Hautregenerationsprozesse. Chitosan bildet eine unsichtbare Barriere vor Luftverunreinigungen. Dank der leichten \u00f6llosen Formel verleiht es das Gef\u00fchl der Frische und des Komforts. Es ist zur Anwendung f\u00fcr alle Hauttypen und auch zur Aknebehandlung, geeignet.<\/p>\n","protected":false},"excerpt":{"rendered":"<p>Es ist unersetzlich und einzigartig. Der im Nebel enthaltene Zink hat heilende Eigenschaften und unterst\u00fctzt die Hautregenerationsprozesse. Chitosan bildet eine unsichtbare Barriere vor Luftverunreinigungen. Dank der leichten \u00f6llosen Formel verleiht es das Gef\u00fchl der Frische und des Komforts. Es ist zur Anwendung f\u00fcr alle Hauttypen und auch zur Aknebehandlung, geeignet.<\/p>\n","protected":false},"featured_media":1789,"template":"","meta":{"inline_featured_image":false},"product_brand":[],"product_cat":[106],"product_tag":[109,107,108],"class_list":{"0":"post-1204","1":"product","2":"type-product","3":"status-publish","4":"has-post-thumbnail","6":"product_cat-reinigung","7":"product_tag-chitosan-de","8":"product_tag-panthenol-de","9":"product_tag-spring-water-de","11":"first","12":"instock","13":"taxable","14":"shipping-taxable","15":"purchasable","16":"product-type-simple"},"yoast_head":"<!-- This site is optimized with the Yoast SEO plugin v25.4 - https:\/\/yoast.com\/wordpress\/plugins\/seo\/ -->\n<title>Flash Moisture Mist - Prael<\/title>\n<meta name=\"robots\" content=\"index, follow, max-snippet:-1, max-image-preview:large, max-video-preview:-1\" \/>\n<link rel=\"canonical\" href=\"https:\/\/praelskincare.com\/de\/shop\/flash-moisture-mist\/\" \/>\n<meta property=\"og:locale\" content=\"de_DE\" \/>\n<meta property=\"og:type\" content=\"article\" \/>\n<meta property=\"og:title\" content=\"Flash Moisture Mist - Prael\" \/>\n<meta property=\"og:description\" content=\"Es ist unersetzlich und einzigartig. Der im Nebel enthaltene Zink hat heilende Eigenschaften und unterst\u00fctzt die Hautregenerationsprozesse. Chitosan bildet eine unsichtbare Barriere vor Luftverunreinigungen. Dank der leichten \u00f6llosen Formel verleiht es das Gef\u00fchl der Frische und des Komforts. Es ist zur Anwendung f\u00fcr alle Hauttypen und auch zur Aknebehandlung, geeignet.\" \/>\n<meta property=\"og:url\" content=\"https:\/\/praelskincare.com\/de\/shop\/flash-moisture-mist\/\" \/>\n<meta property=\"og:site_name\" content=\"Prael\" \/>\n<meta property=\"article:modified_time\" content=\"2018-03-12T13:06:34+00:00\" \/>\n<meta property=\"og:image\" content=\"https:\/\/praelskincare.com\/wp-content\/uploads\/2018\/03\/flash-moisture-mist-5.png\" \/>\n\t<meta property=\"og:image:width\" content=\"1280\" \/>\n\t<meta property=\"og:image:height\" content=\"1280\" \/>\n\t<meta property=\"og:image:type\" content=\"image\/png\" \/>\n<meta name=\"twitter:card\" content=\"summary_large_image\" \/>\n<script type=\"application\/ld+json\" class=\"yoast-schema-graph\">{\"@context\":\"https:\/\/schema.org\",\"@graph\":[{\"@type\":\"WebPage\",\"@id\":\"https:\/\/praelskincare.com\/de\/shop\/flash-moisture-mist\/\",\"url\":\"https:\/\/praelskincare.com\/de\/shop\/flash-moisture-mist\/\",\"name\":\"Flash Moisture Mist - Prael\",\"isPartOf\":{\"@id\":\"https:\/\/praelskincare.com\/#website\"},\"primaryImageOfPage\":{\"@id\":\"https:\/\/praelskincare.com\/de\/shop\/flash-moisture-mist\/#primaryimage\"},\"image\":{\"@id\":\"https:\/\/praelskincare.com\/de\/shop\/flash-moisture-mist\/#primaryimage\"},\"thumbnailUrl\":\"https:\/\/praelskincare.com\/wp-content\/uploads\/2018\/03\/flash-moisture-mist-5.png\",\"datePublished\":\"2017-09-28T22:04:06+00:00\",\"dateModified\":\"2018-03-12T13:06:34+00:00\",\"breadcrumb\":{\"@id\":\"https:\/\/praelskincare.com\/de\/shop\/flash-moisture-mist\/#breadcrumb\"},\"inLanguage\":\"de\",\"potentialAction\":[{\"@type\":\"ReadAction\",\"target\":[\"https:\/\/praelskincare.com\/de\/shop\/flash-moisture-mist\/\"]}]},{\"@type\":\"ImageObject\",\"inLanguage\":\"de\",\"@id\":\"https:\/\/praelskincare.com\/de\/shop\/flash-moisture-mist\/#primaryimage\",\"url\":\"https:\/\/praelskincare.com\/wp-content\/uploads\/2018\/03\/flash-moisture-mist-5.png\",\"contentUrl\":\"https:\/\/praelskincare.com\/wp-content\/uploads\/2018\/03\/flash-moisture-mist-5.png\",\"width\":1280,\"height\":1280,\"caption\":\"Flash Moisture Mist 5\"},{\"@type\":\"BreadcrumbList\",\"@id\":\"https:\/\/praelskincare.com\/de\/shop\/flash-moisture-mist\/#breadcrumb\",\"itemListElement\":[{\"@type\":\"ListItem\",\"position\":1,\"name\":\"Home\",\"item\":\"https:\/\/praelskincare.com\/de\/\"},{\"@type\":\"ListItem\",\"position\":2,\"name\":\"Prael cosmetics\",\"item\":\"https:\/\/praelskincare.com\/shop\/\"},{\"@type\":\"ListItem\",\"position\":3,\"name\":\"Flash Moisture Mist\"}]},{\"@type\":\"WebSite\",\"@id\":\"https:\/\/praelskincare.com\/#website\",\"url\":\"https:\/\/praelskincare.com\/\",\"name\":\"Prael\",\"description\":\"Luxury Collagen Skincare\",\"publisher\":{\"@id\":\"https:\/\/praelskincare.com\/#organization\"},\"potentialAction\":[{\"@type\":\"SearchAction\",\"target\":{\"@type\":\"EntryPoint\",\"urlTemplate\":\"https:\/\/praelskincare.com\/?s={search_term_string}\"},\"query-input\":{\"@type\":\"PropertyValueSpecification\",\"valueRequired\":true,\"valueName\":\"search_term_string\"}}],\"inLanguage\":\"de\"},{\"@type\":\"Organization\",\"@id\":\"https:\/\/praelskincare.com\/#organization\",\"name\":\"PRAEL\",\"url\":\"https:\/\/praelskincare.com\/\",\"logo\":{\"@type\":\"ImageObject\",\"inLanguage\":\"de\",\"@id\":\"https:\/\/praelskincare.com\/#\/schema\/logo\/image\/\",\"url\":\"https:\/\/praelskincare.com\/wp-content\/uploads\/2017\/05\/logo_prael.png\",\"contentUrl\":\"https:\/\/praelskincare.com\/wp-content\/uploads\/2017\/05\/logo_prael.png\",\"width\":88,\"height\":58,\"caption\":\"PRAEL\"},\"image\":{\"@id\":\"https:\/\/praelskincare.com\/#\/schema\/logo\/image\/\"}}]}<\/script>\n<!-- \/ Yoast SEO plugin. -->","yoast_head_json":{"title":"Flash Moisture Mist - Prael","robots":{"index":"index","follow":"follow","max-snippet":"max-snippet:-1","max-image-preview":"max-image-preview:large","max-video-preview":"max-video-preview:-1"},"canonical":"https:\/\/praelskincare.com\/de\/shop\/flash-moisture-mist\/","og_locale":"de_DE","og_type":"article","og_title":"Flash Moisture Mist - Prael","og_description":"Es ist unersetzlich und einzigartig. Der im Nebel enthaltene Zink hat heilende Eigenschaften und unterst\u00fctzt die Hautregenerationsprozesse. Chitosan bildet eine unsichtbare Barriere vor Luftverunreinigungen. Dank der leichten \u00f6llosen Formel verleiht es das Gef\u00fchl der Frische und des Komforts. Es ist zur Anwendung f\u00fcr alle Hauttypen und auch zur Aknebehandlung, geeignet.","og_url":"https:\/\/praelskincare.com\/de\/shop\/flash-moisture-mist\/","og_site_name":"Prael","article_modified_time":"2018-03-12T13:06:34+00:00","og_image":[{"width":1280,"height":1280,"url":"https:\/\/praelskincare.com\/wp-content\/uploads\/2018\/03\/flash-moisture-mist-5.png","type":"image\/png"}],"twitter_card":"summary_large_image","schema":{"@context":"https:\/\/schema.org","@graph":[{"@type":"WebPage","@id":"https:\/\/praelskincare.com\/de\/shop\/flash-moisture-mist\/","url":"https:\/\/praelskincare.com\/de\/shop\/flash-moisture-mist\/","name":"Flash Moisture Mist - Prael","isPartOf":{"@id":"https:\/\/praelskincare.com\/#website"},"primaryImageOfPage":{"@id":"https:\/\/praelskincare.com\/de\/shop\/flash-moisture-mist\/#primaryimage"},"image":{"@id":"https:\/\/praelskincare.com\/de\/shop\/flash-moisture-mist\/#primaryimage"},"thumbnailUrl":"https:\/\/praelskincare.com\/wp-content\/uploads\/2018\/03\/flash-moisture-mist-5.png","datePublished":"2017-09-28T22:04:06+00:00","dateModified":"2018-03-12T13:06:34+00:00","breadcrumb":{"@id":"https:\/\/praelskincare.com\/de\/shop\/flash-moisture-mist\/#breadcrumb"},"inLanguage":"de","potentialAction":[{"@type":"ReadAction","target":["https:\/\/praelskincare.com\/de\/shop\/flash-moisture-mist\/"]}]},{"@type":"ImageObject","inLanguage":"de","@id":"https:\/\/praelskincare.com\/de\/shop\/flash-moisture-mist\/#primaryimage","url":"https:\/\/praelskincare.com\/wp-content\/uploads\/2018\/03\/flash-moisture-mist-5.png","contentUrl":"https:\/\/praelskincare.com\/wp-content\/uploads\/2018\/03\/flash-moisture-mist-5.png","width":1280,"height":1280,"caption":"Flash Moisture Mist 5"},{"@type":"BreadcrumbList","@id":"https:\/\/praelskincare.com\/de\/shop\/flash-moisture-mist\/#breadcrumb","itemListElement":[{"@type":"ListItem","position":1,"name":"Home","item":"https:\/\/praelskincare.com\/de\/"},{"@type":"ListItem","position":2,"name":"Prael cosmetics","item":"https:\/\/praelskincare.com\/shop\/"},{"@type":"ListItem","position":3,"name":"Flash Moisture Mist"}]},{"@type":"WebSite","@id":"https:\/\/praelskincare.com\/#website","url":"https:\/\/praelskincare.com\/","name":"Prael","description":"Luxury Collagen Skincare","publisher":{"@id":"https:\/\/praelskincare.com\/#organization"},"potentialAction":[{"@type":"SearchAction","target":{"@type":"EntryPoint","urlTemplate":"https:\/\/praelskincare.com\/?s={search_term_string}"},"query-input":{"@type":"PropertyValueSpecification","valueRequired":true,"valueName":"search_term_string"}}],"inLanguage":"de"},{"@type":"Organization","@id":"https:\/\/praelskincare.com\/#organization","name":"PRAEL","url":"https:\/\/praelskincare.com\/","logo":{"@type":"ImageObject","inLanguage":"de","@id":"https:\/\/praelskincare.com\/#\/schema\/logo\/image\/","url":"https:\/\/praelskincare.com\/wp-content\/uploads\/2017\/05\/logo_prael.png","contentUrl":"https:\/\/praelskincare.com\/wp-content\/uploads\/2017\/05\/logo_prael.png","width":88,"height":58,"caption":"PRAEL"},"image":{"@id":"https:\/\/praelskincare.com\/#\/schema\/logo\/image\/"}}]}},"_links":{"self":[{"href":"https:\/\/praelskincare.com\/de\/wp-json\/wp\/v2\/product\/1204\/"}],"collection":[{"href":"https:\/\/praelskincare.com\/de\/wp-json\/wp\/v2\/product\/"}],"about":[{"href":"https:\/\/praelskincare.com\/de\/wp-json\/wp\/v2\/types\/product\/"}],"wp:featuredmedia":[{"embeddable":true,"href":"https:\/\/praelskincare.com\/de\/wp-json\/wp\/v2\/media\/1789\/"}],"wp:attachment":[{"href":"https:\/\/praelskincare.com\/de\/wp-json\/wp\/v2\/media\/?parent=1204"}],"wp:term":[{"taxonomy":"product_brand","embeddable":true,"href":"https:\/\/praelskincare.com\/de\/wp-json\/wp\/v2\/product_brand\/?post=1204"},{"taxonomy":"product_cat","embeddable":true,"href":"https:\/\/praelskincare.com\/de\/wp-json\/wp\/v2\/product_cat\/?post=1204"},{"taxonomy":"product_tag","embeddable":true,"href":"https:\/\/praelskincare.com\/de\/wp-json\/wp\/v2\/product_tag\/?post=1204"}],"curies":[{"name":"wp","href":"https:\/\/api.w.org\/{rel}","templated":true}]}}