{"id":1214,"date":"2017-09-28T22:02:48","date_gmt":"2017-09-28T22:02:48","guid":{"rendered":"https:\/\/praelskincare.com\/produkt\/illuminating-day-solution\/"},"modified":"2018-03-12T13:07:21","modified_gmt":"2018-03-12T13:07:21","slug":"illuminating-day-solution","status":"publish","type":"product","link":"https:\/\/praelskincare.com\/de\/shop\/illuminating-day-solution\/","title":{"rendered":"Illuminating Day Solution"},"content":{"rendered":"<p>Befeuchtendes Cremegel mit Antioxidationseigenschaften. Es enth\u00e4lt Gr\u00fcnteeextrakt, das die Haut gegen freie Radikale und die nat\u00fcrliche Ferulas\u00e4ure mit der Antioxidationswirkung sch\u00fctzt. Das an Vitaminen und anderen wertvollen Bestandteilen reiche Pulver aus reinen Perlen unterst\u00fctzt die Widerstandsf\u00e4higkeit und stimuliert die nat\u00fcrlichen Prozesse innerhalb der Haut, indem es die Befeuchtung verbessert, die Gl\u00e4tte und den angeborenen Farbton regeneriert.<br \/>\nK\u00fchl und trocken aufbewahren.<\/p>\n","protected":false},"excerpt":{"rendered":"<p>Befeuchtendes Cremegel mit Antioxidationseigenschaften. Es enth\u00e4lt Gr\u00fcnteeextrakt, das die Haut gegen freie Radikale und die nat\u00fcrliche Ferulas\u00e4ure mit der Antioxidationswirkung sch\u00fctzt. Das an Vitaminen und anderen wertvollen Bestandteilen reiche Pulver aus reinen Perlen unterst\u00fctzt die Widerstandsf\u00e4higkeit und stimuliert die nat\u00fcrlichen Prozesse innerhalb der Haut, indem es die Befeuchtung verbessert, die Gl\u00e4tte und den angeborenen Farbton [&hellip;]<\/p>\n","protected":false},"featured_media":1215,"template":"","meta":{"inline_featured_image":false},"product_brand":[],"product_cat":[111],"product_tag":[113,112,114],"class_list":{"0":"post-1214","1":"product","2":"type-product","3":"status-publish","4":"has-post-thumbnail","6":"product_cat-cremes","7":"product_tag-ferulic-acid-de","8":"product_tag-green-tea-de","9":"product_tag-pearl-powder-de","11":"first","12":"outofstock","13":"taxable","14":"shipping-taxable","15":"purchasable","16":"product-type-simple"},"yoast_head":"<!-- This site is optimized with the Yoast SEO plugin v25.4 - https:\/\/yoast.com\/wordpress\/plugins\/seo\/ -->\n<title>Illuminating Day Solution - Prael<\/title>\n<meta name=\"robots\" content=\"index, follow, max-snippet:-1, max-image-preview:large, max-video-preview:-1\" \/>\n<link rel=\"canonical\" href=\"https:\/\/praelskincare.com\/de\/shop\/illuminating-day-solution\/\" \/>\n<meta property=\"og:locale\" content=\"de_DE\" \/>\n<meta property=\"og:type\" content=\"article\" \/>\n<meta property=\"og:title\" content=\"Illuminating Day Solution - Prael\" \/>\n<meta property=\"og:description\" content=\"Befeuchtendes Cremegel mit Antioxidationseigenschaften. Es enth\u00e4lt Gr\u00fcnteeextrakt, das die Haut gegen freie Radikale und die nat\u00fcrliche Ferulas\u00e4ure mit der Antioxidationswirkung sch\u00fctzt. Das an Vitaminen und anderen wertvollen Bestandteilen reiche Pulver aus reinen Perlen unterst\u00fctzt die Widerstandsf\u00e4higkeit und stimuliert die nat\u00fcrlichen Prozesse innerhalb der Haut, indem es die Befeuchtung verbessert, die Gl\u00e4tte und den angeborenen Farbton [&hellip;]\" \/>\n<meta property=\"og:url\" content=\"https:\/\/praelskincare.com\/de\/shop\/illuminating-day-solution\/\" \/>\n<meta property=\"og:site_name\" content=\"Prael\" \/>\n<meta property=\"article:modified_time\" content=\"2018-03-12T13:07:21+00:00\" \/>\n<meta property=\"og:image\" content=\"https:\/\/praelskincare.com\/wp-content\/uploads\/2017\/10\/illuminating-day-solution-thumbnail.png\" \/>\n\t<meta property=\"og:image:width\" content=\"1280\" \/>\n\t<meta property=\"og:image:height\" content=\"1280\" \/>\n\t<meta property=\"og:image:type\" content=\"image\/png\" \/>\n<meta name=\"twitter:card\" content=\"summary_large_image\" \/>\n<script type=\"application\/ld+json\" class=\"yoast-schema-graph\">{\"@context\":\"https:\/\/schema.org\",\"@graph\":[{\"@type\":\"WebPage\",\"@id\":\"https:\/\/praelskincare.com\/de\/shop\/illuminating-day-solution\/\",\"url\":\"https:\/\/praelskincare.com\/de\/shop\/illuminating-day-solution\/\",\"name\":\"Illuminating Day Solution - Prael\",\"isPartOf\":{\"@id\":\"https:\/\/praelskincare.com\/#website\"},\"primaryImageOfPage\":{\"@id\":\"https:\/\/praelskincare.com\/de\/shop\/illuminating-day-solution\/#primaryimage\"},\"image\":{\"@id\":\"https:\/\/praelskincare.com\/de\/shop\/illuminating-day-solution\/#primaryimage\"},\"thumbnailUrl\":\"https:\/\/praelskincare.com\/wp-content\/uploads\/2017\/10\/illuminating-day-solution-thumbnail.png\",\"datePublished\":\"2017-09-28T22:02:48+00:00\",\"dateModified\":\"2018-03-12T13:07:21+00:00\",\"breadcrumb\":{\"@id\":\"https:\/\/praelskincare.com\/de\/shop\/illuminating-day-solution\/#breadcrumb\"},\"inLanguage\":\"de\",\"potentialAction\":[{\"@type\":\"ReadAction\",\"target\":[\"https:\/\/praelskincare.com\/de\/shop\/illuminating-day-solution\/\"]}]},{\"@type\":\"ImageObject\",\"inLanguage\":\"de\",\"@id\":\"https:\/\/praelskincare.com\/de\/shop\/illuminating-day-solution\/#primaryimage\",\"url\":\"https:\/\/praelskincare.com\/wp-content\/uploads\/2017\/10\/illuminating-day-solution-thumbnail.png\",\"contentUrl\":\"https:\/\/praelskincare.com\/wp-content\/uploads\/2017\/10\/illuminating-day-solution-thumbnail.png\",\"width\":1280,\"height\":1280},{\"@type\":\"BreadcrumbList\",\"@id\":\"https:\/\/praelskincare.com\/de\/shop\/illuminating-day-solution\/#breadcrumb\",\"itemListElement\":[{\"@type\":\"ListItem\",\"position\":1,\"name\":\"Home\",\"item\":\"https:\/\/praelskincare.com\/de\/\"},{\"@type\":\"ListItem\",\"position\":2,\"name\":\"Prael cosmetics\",\"item\":\"https:\/\/praelskincare.com\/shop\/\"},{\"@type\":\"ListItem\",\"position\":3,\"name\":\"Illuminating Day Solution\"}]},{\"@type\":\"WebSite\",\"@id\":\"https:\/\/praelskincare.com\/#website\",\"url\":\"https:\/\/praelskincare.com\/\",\"name\":\"Prael\",\"description\":\"Luxury Collagen Skincare\",\"publisher\":{\"@id\":\"https:\/\/praelskincare.com\/#organization\"},\"potentialAction\":[{\"@type\":\"SearchAction\",\"target\":{\"@type\":\"EntryPoint\",\"urlTemplate\":\"https:\/\/praelskincare.com\/?s={search_term_string}\"},\"query-input\":{\"@type\":\"PropertyValueSpecification\",\"valueRequired\":true,\"valueName\":\"search_term_string\"}}],\"inLanguage\":\"de\"},{\"@type\":\"Organization\",\"@id\":\"https:\/\/praelskincare.com\/#organization\",\"name\":\"PRAEL\",\"url\":\"https:\/\/praelskincare.com\/\",\"logo\":{\"@type\":\"ImageObject\",\"inLanguage\":\"de\",\"@id\":\"https:\/\/praelskincare.com\/#\/schema\/logo\/image\/\",\"url\":\"https:\/\/praelskincare.com\/wp-content\/uploads\/2017\/05\/logo_prael.png\",\"contentUrl\":\"https:\/\/praelskincare.com\/wp-content\/uploads\/2017\/05\/logo_prael.png\",\"width\":88,\"height\":58,\"caption\":\"PRAEL\"},\"image\":{\"@id\":\"https:\/\/praelskincare.com\/#\/schema\/logo\/image\/\"}}]}<\/script>\n<!-- \/ Yoast SEO plugin. -->","yoast_head_json":{"title":"Illuminating Day Solution - Prael","robots":{"index":"index","follow":"follow","max-snippet":"max-snippet:-1","max-image-preview":"max-image-preview:large","max-video-preview":"max-video-preview:-1"},"canonical":"https:\/\/praelskincare.com\/de\/shop\/illuminating-day-solution\/","og_locale":"de_DE","og_type":"article","og_title":"Illuminating Day Solution - Prael","og_description":"Befeuchtendes Cremegel mit Antioxidationseigenschaften. Es enth\u00e4lt Gr\u00fcnteeextrakt, das die Haut gegen freie Radikale und die nat\u00fcrliche Ferulas\u00e4ure mit der Antioxidationswirkung sch\u00fctzt. Das an Vitaminen und anderen wertvollen Bestandteilen reiche Pulver aus reinen Perlen unterst\u00fctzt die Widerstandsf\u00e4higkeit und stimuliert die nat\u00fcrlichen Prozesse innerhalb der Haut, indem es die Befeuchtung verbessert, die Gl\u00e4tte und den angeborenen Farbton [&hellip;]","og_url":"https:\/\/praelskincare.com\/de\/shop\/illuminating-day-solution\/","og_site_name":"Prael","article_modified_time":"2018-03-12T13:07:21+00:00","og_image":[{"width":1280,"height":1280,"url":"https:\/\/praelskincare.com\/wp-content\/uploads\/2017\/10\/illuminating-day-solution-thumbnail.png","type":"image\/png"}],"twitter_card":"summary_large_image","schema":{"@context":"https:\/\/schema.org","@graph":[{"@type":"WebPage","@id":"https:\/\/praelskincare.com\/de\/shop\/illuminating-day-solution\/","url":"https:\/\/praelskincare.com\/de\/shop\/illuminating-day-solution\/","name":"Illuminating Day Solution - Prael","isPartOf":{"@id":"https:\/\/praelskincare.com\/#website"},"primaryImageOfPage":{"@id":"https:\/\/praelskincare.com\/de\/shop\/illuminating-day-solution\/#primaryimage"},"image":{"@id":"https:\/\/praelskincare.com\/de\/shop\/illuminating-day-solution\/#primaryimage"},"thumbnailUrl":"https:\/\/praelskincare.com\/wp-content\/uploads\/2017\/10\/illuminating-day-solution-thumbnail.png","datePublished":"2017-09-28T22:02:48+00:00","dateModified":"2018-03-12T13:07:21+00:00","breadcrumb":{"@id":"https:\/\/praelskincare.com\/de\/shop\/illuminating-day-solution\/#breadcrumb"},"inLanguage":"de","potentialAction":[{"@type":"ReadAction","target":["https:\/\/praelskincare.com\/de\/shop\/illuminating-day-solution\/"]}]},{"@type":"ImageObject","inLanguage":"de","@id":"https:\/\/praelskincare.com\/de\/shop\/illuminating-day-solution\/#primaryimage","url":"https:\/\/praelskincare.com\/wp-content\/uploads\/2017\/10\/illuminating-day-solution-thumbnail.png","contentUrl":"https:\/\/praelskincare.com\/wp-content\/uploads\/2017\/10\/illuminating-day-solution-thumbnail.png","width":1280,"height":1280},{"@type":"BreadcrumbList","@id":"https:\/\/praelskincare.com\/de\/shop\/illuminating-day-solution\/#breadcrumb","itemListElement":[{"@type":"ListItem","position":1,"name":"Home","item":"https:\/\/praelskincare.com\/de\/"},{"@type":"ListItem","position":2,"name":"Prael cosmetics","item":"https:\/\/praelskincare.com\/shop\/"},{"@type":"ListItem","position":3,"name":"Illuminating Day Solution"}]},{"@type":"WebSite","@id":"https:\/\/praelskincare.com\/#website","url":"https:\/\/praelskincare.com\/","name":"Prael","description":"Luxury Collagen Skincare","publisher":{"@id":"https:\/\/praelskincare.com\/#organization"},"potentialAction":[{"@type":"SearchAction","target":{"@type":"EntryPoint","urlTemplate":"https:\/\/praelskincare.com\/?s={search_term_string}"},"query-input":{"@type":"PropertyValueSpecification","valueRequired":true,"valueName":"search_term_string"}}],"inLanguage":"de"},{"@type":"Organization","@id":"https:\/\/praelskincare.com\/#organization","name":"PRAEL","url":"https:\/\/praelskincare.com\/","logo":{"@type":"ImageObject","inLanguage":"de","@id":"https:\/\/praelskincare.com\/#\/schema\/logo\/image\/","url":"https:\/\/praelskincare.com\/wp-content\/uploads\/2017\/05\/logo_prael.png","contentUrl":"https:\/\/praelskincare.com\/wp-content\/uploads\/2017\/05\/logo_prael.png","width":88,"height":58,"caption":"PRAEL"},"image":{"@id":"https:\/\/praelskincare.com\/#\/schema\/logo\/image\/"}}]}},"_links":{"self":[{"href":"https:\/\/praelskincare.com\/de\/wp-json\/wp\/v2\/product\/1214\/"}],"collection":[{"href":"https:\/\/praelskincare.com\/de\/wp-json\/wp\/v2\/product\/"}],"about":[{"href":"https:\/\/praelskincare.com\/de\/wp-json\/wp\/v2\/types\/product\/"}],"wp:featuredmedia":[{"embeddable":true,"href":"https:\/\/praelskincare.com\/de\/wp-json\/wp\/v2\/media\/1215\/"}],"wp:attachment":[{"href":"https:\/\/praelskincare.com\/de\/wp-json\/wp\/v2\/media\/?parent=1214"}],"wp:term":[{"taxonomy":"product_brand","embeddable":true,"href":"https:\/\/praelskincare.com\/de\/wp-json\/wp\/v2\/product_brand\/?post=1214"},{"taxonomy":"product_cat","embeddable":true,"href":"https:\/\/praelskincare.com\/de\/wp-json\/wp\/v2\/product_cat\/?post=1214"},{"taxonomy":"product_tag","embeddable":true,"href":"https:\/\/praelskincare.com\/de\/wp-json\/wp\/v2\/product_tag\/?post=1214"}],"curies":[{"name":"wp","href":"https:\/\/api.w.org\/{rel}","templated":true}]}}