{"id":1219,"date":"2017-09-28T21:57:01","date_gmt":"2017-09-28T21:57:01","guid":{"rendered":"https:\/\/praelskincare.com\/produkt\/jasmine-active-marine-collagen-serum\/"},"modified":"2018-03-12T13:08:16","modified_gmt":"2018-03-12T13:08:16","slug":"jasmine-active-marine-collagen-serum","status":"publish","type":"product","link":"https:\/\/praelskincare.com\/de\/shop\/jasmine-active-marine-collagen-serum\/","title":{"rendered":"Jasmine Active Marine Collagen Serum"},"content":{"rendered":"<p>Die au\u00dfergew\u00f6hnliche Verbindung des aktiven Meereskollagens mit Jasmin. Es wird f\u00fcr die trockene, reizanf\u00e4llige Haut empfohlen. Es h\u00fcllt mit Jasminduft ein, wirkt lindernd und beseitigt die unangenehme Hautstraffung. Es dichtet die Lipidbarierre der Haut ab und h\u00e4lt somit Wasser in der Oberhaut auf, wodurch die Haut vor den Verunreinigungen gesch\u00fctzt wird. Dank dem Gehalt an aktivem Meereskollagen werden die Falten schon nach einigen Tagen der Anwendung flacher, das Gesichtsoval wird betont, und die Haut wird straffer und flexibler.<br \/>\nEs wird f\u00fcr alle Hauttypen empfohlen. Im K\u00fchlschrank aufbewahren. Das Produkt ist nur ausgew\u00e4hlten Standorten erh\u00e4ltlich.<\/p>\n","protected":false},"excerpt":{"rendered":"<p>Die au\u00dfergew\u00f6hnliche Verbindung des aktiven Meereskollagens mit Jasmin. Es wird f\u00fcr die trockene, reizanf\u00e4llige Haut empfohlen. Es h\u00fcllt mit Jasminduft ein, wirkt lindernd und beseitigt die unangenehme Hautstraffung. Es dichtet die Lipidbarierre der Haut ab und h\u00e4lt somit Wasser in der Oberhaut auf, wodurch die Haut vor den Verunreinigungen gesch\u00fctzt wird. Dank dem Gehalt an [&hellip;]<\/p>\n","protected":false},"featured_media":1220,"template":"","meta":{"inline_featured_image":false},"product_brand":[],"product_cat":[97],"product_tag":[98,115],"class_list":{"0":"post-1219","1":"product","2":"type-product","3":"status-publish","4":"has-post-thumbnail","6":"product_cat-regenerierendes-serum","7":"product_tag-active-marine-collagen-de","8":"product_tag-jasmine-de","10":"first","11":"outofstock","12":"taxable","13":"shipping-taxable","14":"purchasable","15":"product-type-simple"},"yoast_head":"<!-- This site is optimized with the Yoast SEO plugin v25.4 - https:\/\/yoast.com\/wordpress\/plugins\/seo\/ -->\n<title>Jasmine Active Marine Collagen Serum - Prael<\/title>\n<meta name=\"robots\" content=\"index, follow, max-snippet:-1, max-image-preview:large, max-video-preview:-1\" \/>\n<link rel=\"canonical\" href=\"https:\/\/praelskincare.com\/de\/shop\/jasmine-active-marine-collagen-serum\/\" \/>\n<meta property=\"og:locale\" content=\"de_DE\" \/>\n<meta property=\"og:type\" content=\"article\" \/>\n<meta property=\"og:title\" content=\"Jasmine Active Marine Collagen Serum - Prael\" \/>\n<meta property=\"og:description\" content=\"Die au\u00dfergew\u00f6hnliche Verbindung des aktiven Meereskollagens mit Jasmin. Es wird f\u00fcr die trockene, reizanf\u00e4llige Haut empfohlen. Es h\u00fcllt mit Jasminduft ein, wirkt lindernd und beseitigt die unangenehme Hautstraffung. Es dichtet die Lipidbarierre der Haut ab und h\u00e4lt somit Wasser in der Oberhaut auf, wodurch die Haut vor den Verunreinigungen gesch\u00fctzt wird. Dank dem Gehalt an [&hellip;]\" \/>\n<meta property=\"og:url\" content=\"https:\/\/praelskincare.com\/de\/shop\/jasmine-active-marine-collagen-serum\/\" \/>\n<meta property=\"og:site_name\" content=\"Prael\" \/>\n<meta property=\"article:modified_time\" content=\"2018-03-12T13:08:16+00:00\" \/>\n<meta property=\"og:image\" content=\"https:\/\/praelskincare.com\/wp-content\/uploads\/2017\/10\/serum-thumbnail.png\" \/>\n\t<meta property=\"og:image:width\" content=\"1280\" \/>\n\t<meta property=\"og:image:height\" content=\"1280\" \/>\n\t<meta property=\"og:image:type\" content=\"image\/png\" \/>\n<meta name=\"twitter:card\" content=\"summary_large_image\" \/>\n<meta name=\"twitter:label1\" content=\"Gesch\u00e4tzte Lesezeit\" \/>\n\t<meta name=\"twitter:data1\" content=\"1\u00a0Minute\" \/>\n<script type=\"application\/ld+json\" class=\"yoast-schema-graph\">{\"@context\":\"https:\/\/schema.org\",\"@graph\":[{\"@type\":\"WebPage\",\"@id\":\"https:\/\/praelskincare.com\/de\/shop\/jasmine-active-marine-collagen-serum\/\",\"url\":\"https:\/\/praelskincare.com\/de\/shop\/jasmine-active-marine-collagen-serum\/\",\"name\":\"Jasmine Active Marine Collagen Serum - Prael\",\"isPartOf\":{\"@id\":\"https:\/\/praelskincare.com\/#website\"},\"primaryImageOfPage\":{\"@id\":\"https:\/\/praelskincare.com\/de\/shop\/jasmine-active-marine-collagen-serum\/#primaryimage\"},\"image\":{\"@id\":\"https:\/\/praelskincare.com\/de\/shop\/jasmine-active-marine-collagen-serum\/#primaryimage\"},\"thumbnailUrl\":\"https:\/\/praelskincare.com\/wp-content\/uploads\/2017\/10\/serum-thumbnail.png\",\"datePublished\":\"2017-09-28T21:57:01+00:00\",\"dateModified\":\"2018-03-12T13:08:16+00:00\",\"breadcrumb\":{\"@id\":\"https:\/\/praelskincare.com\/de\/shop\/jasmine-active-marine-collagen-serum\/#breadcrumb\"},\"inLanguage\":\"de\",\"potentialAction\":[{\"@type\":\"ReadAction\",\"target\":[\"https:\/\/praelskincare.com\/de\/shop\/jasmine-active-marine-collagen-serum\/\"]}]},{\"@type\":\"ImageObject\",\"inLanguage\":\"de\",\"@id\":\"https:\/\/praelskincare.com\/de\/shop\/jasmine-active-marine-collagen-serum\/#primaryimage\",\"url\":\"https:\/\/praelskincare.com\/wp-content\/uploads\/2017\/10\/serum-thumbnail.png\",\"contentUrl\":\"https:\/\/praelskincare.com\/wp-content\/uploads\/2017\/10\/serum-thumbnail.png\",\"width\":1280,\"height\":1280},{\"@type\":\"BreadcrumbList\",\"@id\":\"https:\/\/praelskincare.com\/de\/shop\/jasmine-active-marine-collagen-serum\/#breadcrumb\",\"itemListElement\":[{\"@type\":\"ListItem\",\"position\":1,\"name\":\"Home\",\"item\":\"https:\/\/praelskincare.com\/de\/\"},{\"@type\":\"ListItem\",\"position\":2,\"name\":\"Prael cosmetics\",\"item\":\"https:\/\/praelskincare.com\/shop\/\"},{\"@type\":\"ListItem\",\"position\":3,\"name\":\"Jasmine Active Marine Collagen Serum\"}]},{\"@type\":\"WebSite\",\"@id\":\"https:\/\/praelskincare.com\/#website\",\"url\":\"https:\/\/praelskincare.com\/\",\"name\":\"Prael\",\"description\":\"Luxury Collagen Skincare\",\"publisher\":{\"@id\":\"https:\/\/praelskincare.com\/#organization\"},\"potentialAction\":[{\"@type\":\"SearchAction\",\"target\":{\"@type\":\"EntryPoint\",\"urlTemplate\":\"https:\/\/praelskincare.com\/?s={search_term_string}\"},\"query-input\":{\"@type\":\"PropertyValueSpecification\",\"valueRequired\":true,\"valueName\":\"search_term_string\"}}],\"inLanguage\":\"de\"},{\"@type\":\"Organization\",\"@id\":\"https:\/\/praelskincare.com\/#organization\",\"name\":\"PRAEL\",\"url\":\"https:\/\/praelskincare.com\/\",\"logo\":{\"@type\":\"ImageObject\",\"inLanguage\":\"de\",\"@id\":\"https:\/\/praelskincare.com\/#\/schema\/logo\/image\/\",\"url\":\"https:\/\/praelskincare.com\/wp-content\/uploads\/2017\/05\/logo_prael.png\",\"contentUrl\":\"https:\/\/praelskincare.com\/wp-content\/uploads\/2017\/05\/logo_prael.png\",\"width\":88,\"height\":58,\"caption\":\"PRAEL\"},\"image\":{\"@id\":\"https:\/\/praelskincare.com\/#\/schema\/logo\/image\/\"}}]}<\/script>\n<!-- \/ Yoast SEO plugin. -->","yoast_head_json":{"title":"Jasmine Active Marine Collagen Serum - Prael","robots":{"index":"index","follow":"follow","max-snippet":"max-snippet:-1","max-image-preview":"max-image-preview:large","max-video-preview":"max-video-preview:-1"},"canonical":"https:\/\/praelskincare.com\/de\/shop\/jasmine-active-marine-collagen-serum\/","og_locale":"de_DE","og_type":"article","og_title":"Jasmine Active Marine Collagen Serum - Prael","og_description":"Die au\u00dfergew\u00f6hnliche Verbindung des aktiven Meereskollagens mit Jasmin. Es wird f\u00fcr die trockene, reizanf\u00e4llige Haut empfohlen. Es h\u00fcllt mit Jasminduft ein, wirkt lindernd und beseitigt die unangenehme Hautstraffung. Es dichtet die Lipidbarierre der Haut ab und h\u00e4lt somit Wasser in der Oberhaut auf, wodurch die Haut vor den Verunreinigungen gesch\u00fctzt wird. Dank dem Gehalt an [&hellip;]","og_url":"https:\/\/praelskincare.com\/de\/shop\/jasmine-active-marine-collagen-serum\/","og_site_name":"Prael","article_modified_time":"2018-03-12T13:08:16+00:00","og_image":[{"width":1280,"height":1280,"url":"https:\/\/praelskincare.com\/wp-content\/uploads\/2017\/10\/serum-thumbnail.png","type":"image\/png"}],"twitter_card":"summary_large_image","twitter_misc":{"Gesch\u00e4tzte Lesezeit":"1\u00a0Minute"},"schema":{"@context":"https:\/\/schema.org","@graph":[{"@type":"WebPage","@id":"https:\/\/praelskincare.com\/de\/shop\/jasmine-active-marine-collagen-serum\/","url":"https:\/\/praelskincare.com\/de\/shop\/jasmine-active-marine-collagen-serum\/","name":"Jasmine Active Marine Collagen Serum - Prael","isPartOf":{"@id":"https:\/\/praelskincare.com\/#website"},"primaryImageOfPage":{"@id":"https:\/\/praelskincare.com\/de\/shop\/jasmine-active-marine-collagen-serum\/#primaryimage"},"image":{"@id":"https:\/\/praelskincare.com\/de\/shop\/jasmine-active-marine-collagen-serum\/#primaryimage"},"thumbnailUrl":"https:\/\/praelskincare.com\/wp-content\/uploads\/2017\/10\/serum-thumbnail.png","datePublished":"2017-09-28T21:57:01+00:00","dateModified":"2018-03-12T13:08:16+00:00","breadcrumb":{"@id":"https:\/\/praelskincare.com\/de\/shop\/jasmine-active-marine-collagen-serum\/#breadcrumb"},"inLanguage":"de","potentialAction":[{"@type":"ReadAction","target":["https:\/\/praelskincare.com\/de\/shop\/jasmine-active-marine-collagen-serum\/"]}]},{"@type":"ImageObject","inLanguage":"de","@id":"https:\/\/praelskincare.com\/de\/shop\/jasmine-active-marine-collagen-serum\/#primaryimage","url":"https:\/\/praelskincare.com\/wp-content\/uploads\/2017\/10\/serum-thumbnail.png","contentUrl":"https:\/\/praelskincare.com\/wp-content\/uploads\/2017\/10\/serum-thumbnail.png","width":1280,"height":1280},{"@type":"BreadcrumbList","@id":"https:\/\/praelskincare.com\/de\/shop\/jasmine-active-marine-collagen-serum\/#breadcrumb","itemListElement":[{"@type":"ListItem","position":1,"name":"Home","item":"https:\/\/praelskincare.com\/de\/"},{"@type":"ListItem","position":2,"name":"Prael cosmetics","item":"https:\/\/praelskincare.com\/shop\/"},{"@type":"ListItem","position":3,"name":"Jasmine Active Marine Collagen Serum"}]},{"@type":"WebSite","@id":"https:\/\/praelskincare.com\/#website","url":"https:\/\/praelskincare.com\/","name":"Prael","description":"Luxury Collagen Skincare","publisher":{"@id":"https:\/\/praelskincare.com\/#organization"},"potentialAction":[{"@type":"SearchAction","target":{"@type":"EntryPoint","urlTemplate":"https:\/\/praelskincare.com\/?s={search_term_string}"},"query-input":{"@type":"PropertyValueSpecification","valueRequired":true,"valueName":"search_term_string"}}],"inLanguage":"de"},{"@type":"Organization","@id":"https:\/\/praelskincare.com\/#organization","name":"PRAEL","url":"https:\/\/praelskincare.com\/","logo":{"@type":"ImageObject","inLanguage":"de","@id":"https:\/\/praelskincare.com\/#\/schema\/logo\/image\/","url":"https:\/\/praelskincare.com\/wp-content\/uploads\/2017\/05\/logo_prael.png","contentUrl":"https:\/\/praelskincare.com\/wp-content\/uploads\/2017\/05\/logo_prael.png","width":88,"height":58,"caption":"PRAEL"},"image":{"@id":"https:\/\/praelskincare.com\/#\/schema\/logo\/image\/"}}]}},"_links":{"self":[{"href":"https:\/\/praelskincare.com\/de\/wp-json\/wp\/v2\/product\/1219\/"}],"collection":[{"href":"https:\/\/praelskincare.com\/de\/wp-json\/wp\/v2\/product\/"}],"about":[{"href":"https:\/\/praelskincare.com\/de\/wp-json\/wp\/v2\/types\/product\/"}],"wp:featuredmedia":[{"embeddable":true,"href":"https:\/\/praelskincare.com\/de\/wp-json\/wp\/v2\/media\/1220\/"}],"wp:attachment":[{"href":"https:\/\/praelskincare.com\/de\/wp-json\/wp\/v2\/media\/?parent=1219"}],"wp:term":[{"taxonomy":"product_brand","embeddable":true,"href":"https:\/\/praelskincare.com\/de\/wp-json\/wp\/v2\/product_brand\/?post=1219"},{"taxonomy":"product_cat","embeddable":true,"href":"https:\/\/praelskincare.com\/de\/wp-json\/wp\/v2\/product_cat\/?post=1219"},{"taxonomy":"product_tag","embeddable":true,"href":"https:\/\/praelskincare.com\/de\/wp-json\/wp\/v2\/product_tag\/?post=1219"}],"curies":[{"name":"wp","href":"https:\/\/api.w.org\/{rel}","templated":true}]}}