{"id":1742,"date":"2017-09-28T22:05:22","date_gmt":"2017-09-28T22:05:22","guid":{"rendered":"https:\/\/praelskincare.com\/sklep\/high-effective-cleansing-foam\/"},"modified":"2017-09-28T22:05:22","modified_gmt":"2017-09-28T22:05:22","slug":"high-effective-cleansing-foam","status":"publish","type":"product","link":"https:\/\/praelskincare.com\/de\/shop\/high-effective-cleansing-foam\/","title":{"rendered":"High Effective Cleansing Foam"},"content":{"rendered":"<p>Der hochqualitative Schaum wurde f\u00fcr jeden Hauttyp entwickelt. Garantiert perfekte Hautreinigung ohne den Austrocknungseffekt. Die Active Cleansing Complex Formel beseitigt die Verunreinigungen, das Extrakt aus Zaubernuss beschleunigt die Heilungsprozesse, reguliert das Abgeben von Sebum und sch\u00fctzt gegen Wasserverlust. Die Haut bleibt seidig weich bei Ber\u00fchrung und entsprechend befeuchtet.<br \/>\nDas Produkt enth\u00e4lt keine SLS.<\/p>\n","protected":false},"excerpt":{"rendered":"<p>Der hochqualitative Schaum wurde f\u00fcr jeden Hauttyp entwickelt. Garantiert perfekte Hautreinigung ohne den Austrocknungseffekt. Die Active Cleansing Complex Formel beseitigt die Verunreinigungen, das Extrakt aus Zaubernuss beschleunigt die Heilungsprozesse, reguliert das Abgeben von Sebum und sch\u00fctzt gegen Wasserverlust. Die Haut bleibt seidig weich bei Ber\u00fchrung und entsprechend befeuchtet. Das Produkt enth\u00e4lt keine SLS.<\/p>\n","protected":false},"featured_media":1427,"template":"","meta":{"inline_featured_image":false},"product_brand":[],"product_cat":[106],"product_tag":[],"class_list":{"0":"post-1742","1":"product","2":"type-product","3":"status-publish","4":"has-post-thumbnail","6":"product_cat-reinigung","8":"first","9":"outofstock","10":"taxable","11":"shipping-taxable","12":"purchasable","13":"product-type-simple"},"yoast_head":"<!-- This site is optimized with the Yoast SEO plugin v25.4 - https:\/\/yoast.com\/wordpress\/plugins\/seo\/ -->\n<title>High Effective Cleansing Foam - Prael<\/title>\n<meta name=\"robots\" content=\"index, follow, max-snippet:-1, max-image-preview:large, max-video-preview:-1\" \/>\n<link rel=\"canonical\" href=\"https:\/\/praelskincare.com\/de\/shop\/high-effective-cleansing-foam\/\" \/>\n<meta property=\"og:locale\" content=\"de_DE\" \/>\n<meta property=\"og:type\" content=\"article\" \/>\n<meta property=\"og:title\" content=\"High Effective Cleansing Foam - Prael\" \/>\n<meta property=\"og:description\" content=\"Der hochqualitative Schaum wurde f\u00fcr jeden Hauttyp entwickelt. Garantiert perfekte Hautreinigung ohne den Austrocknungseffekt. Die Active Cleansing Complex Formel beseitigt die Verunreinigungen, das Extrakt aus Zaubernuss beschleunigt die Heilungsprozesse, reguliert das Abgeben von Sebum und sch\u00fctzt gegen Wasserverlust. Die Haut bleibt seidig weich bei Ber\u00fchrung und entsprechend befeuchtet. Das Produkt enth\u00e4lt keine SLS.\" \/>\n<meta property=\"og:url\" content=\"https:\/\/praelskincare.com\/de\/shop\/high-effective-cleansing-foam\/\" \/>\n<meta property=\"og:site_name\" content=\"Prael\" \/>\n<meta property=\"og:image\" content=\"https:\/\/praelskincare.com\/wp-content\/uploads\/2017\/11\/cleansing-foam-front.png\" \/>\n\t<meta property=\"og:image:width\" content=\"1280\" \/>\n\t<meta property=\"og:image:height\" content=\"1280\" \/>\n\t<meta property=\"og:image:type\" content=\"image\/png\" \/>\n<meta name=\"twitter:card\" content=\"summary_large_image\" \/>\n<script type=\"application\/ld+json\" class=\"yoast-schema-graph\">{\"@context\":\"https:\/\/schema.org\",\"@graph\":[{\"@type\":\"WebPage\",\"@id\":\"https:\/\/praelskincare.com\/de\/shop\/high-effective-cleansing-foam\/\",\"url\":\"https:\/\/praelskincare.com\/de\/shop\/high-effective-cleansing-foam\/\",\"name\":\"High Effective Cleansing Foam - Prael\",\"isPartOf\":{\"@id\":\"https:\/\/praelskincare.com\/#website\"},\"primaryImageOfPage\":{\"@id\":\"https:\/\/praelskincare.com\/de\/shop\/high-effective-cleansing-foam\/#primaryimage\"},\"image\":{\"@id\":\"https:\/\/praelskincare.com\/de\/shop\/high-effective-cleansing-foam\/#primaryimage\"},\"thumbnailUrl\":\"https:\/\/praelskincare.com\/wp-content\/uploads\/2017\/11\/cleansing-foam-front.png\",\"datePublished\":\"2017-09-28T22:05:22+00:00\",\"breadcrumb\":{\"@id\":\"https:\/\/praelskincare.com\/de\/shop\/high-effective-cleansing-foam\/#breadcrumb\"},\"inLanguage\":\"de\",\"potentialAction\":[{\"@type\":\"ReadAction\",\"target\":[\"https:\/\/praelskincare.com\/de\/shop\/high-effective-cleansing-foam\/\"]}]},{\"@type\":\"ImageObject\",\"inLanguage\":\"de\",\"@id\":\"https:\/\/praelskincare.com\/de\/shop\/high-effective-cleansing-foam\/#primaryimage\",\"url\":\"https:\/\/praelskincare.com\/wp-content\/uploads\/2017\/11\/cleansing-foam-front.png\",\"contentUrl\":\"https:\/\/praelskincare.com\/wp-content\/uploads\/2017\/11\/cleansing-foam-front.png\",\"width\":1280,\"height\":1280},{\"@type\":\"BreadcrumbList\",\"@id\":\"https:\/\/praelskincare.com\/de\/shop\/high-effective-cleansing-foam\/#breadcrumb\",\"itemListElement\":[{\"@type\":\"ListItem\",\"position\":1,\"name\":\"Home\",\"item\":\"https:\/\/praelskincare.com\/de\/\"},{\"@type\":\"ListItem\",\"position\":2,\"name\":\"Prael cosmetics\",\"item\":\"https:\/\/praelskincare.com\/shop\/\"},{\"@type\":\"ListItem\",\"position\":3,\"name\":\"High Effective Cleansing Foam\"}]},{\"@type\":\"WebSite\",\"@id\":\"https:\/\/praelskincare.com\/#website\",\"url\":\"https:\/\/praelskincare.com\/\",\"name\":\"Prael\",\"description\":\"Luxury Collagen Skincare\",\"publisher\":{\"@id\":\"https:\/\/praelskincare.com\/#organization\"},\"potentialAction\":[{\"@type\":\"SearchAction\",\"target\":{\"@type\":\"EntryPoint\",\"urlTemplate\":\"https:\/\/praelskincare.com\/?s={search_term_string}\"},\"query-input\":{\"@type\":\"PropertyValueSpecification\",\"valueRequired\":true,\"valueName\":\"search_term_string\"}}],\"inLanguage\":\"de\"},{\"@type\":\"Organization\",\"@id\":\"https:\/\/praelskincare.com\/#organization\",\"name\":\"PRAEL\",\"url\":\"https:\/\/praelskincare.com\/\",\"logo\":{\"@type\":\"ImageObject\",\"inLanguage\":\"de\",\"@id\":\"https:\/\/praelskincare.com\/#\/schema\/logo\/image\/\",\"url\":\"https:\/\/praelskincare.com\/wp-content\/uploads\/2017\/05\/logo_prael.png\",\"contentUrl\":\"https:\/\/praelskincare.com\/wp-content\/uploads\/2017\/05\/logo_prael.png\",\"width\":88,\"height\":58,\"caption\":\"PRAEL\"},\"image\":{\"@id\":\"https:\/\/praelskincare.com\/#\/schema\/logo\/image\/\"}}]}<\/script>\n<!-- \/ Yoast SEO plugin. -->","yoast_head_json":{"title":"High Effective Cleansing Foam - Prael","robots":{"index":"index","follow":"follow","max-snippet":"max-snippet:-1","max-image-preview":"max-image-preview:large","max-video-preview":"max-video-preview:-1"},"canonical":"https:\/\/praelskincare.com\/de\/shop\/high-effective-cleansing-foam\/","og_locale":"de_DE","og_type":"article","og_title":"High Effective Cleansing Foam - Prael","og_description":"Der hochqualitative Schaum wurde f\u00fcr jeden Hauttyp entwickelt. Garantiert perfekte Hautreinigung ohne den Austrocknungseffekt. Die Active Cleansing Complex Formel beseitigt die Verunreinigungen, das Extrakt aus Zaubernuss beschleunigt die Heilungsprozesse, reguliert das Abgeben von Sebum und sch\u00fctzt gegen Wasserverlust. Die Haut bleibt seidig weich bei Ber\u00fchrung und entsprechend befeuchtet. Das Produkt enth\u00e4lt keine SLS.","og_url":"https:\/\/praelskincare.com\/de\/shop\/high-effective-cleansing-foam\/","og_site_name":"Prael","og_image":[{"width":1280,"height":1280,"url":"https:\/\/praelskincare.com\/wp-content\/uploads\/2017\/11\/cleansing-foam-front.png","type":"image\/png"}],"twitter_card":"summary_large_image","schema":{"@context":"https:\/\/schema.org","@graph":[{"@type":"WebPage","@id":"https:\/\/praelskincare.com\/de\/shop\/high-effective-cleansing-foam\/","url":"https:\/\/praelskincare.com\/de\/shop\/high-effective-cleansing-foam\/","name":"High Effective Cleansing Foam - Prael","isPartOf":{"@id":"https:\/\/praelskincare.com\/#website"},"primaryImageOfPage":{"@id":"https:\/\/praelskincare.com\/de\/shop\/high-effective-cleansing-foam\/#primaryimage"},"image":{"@id":"https:\/\/praelskincare.com\/de\/shop\/high-effective-cleansing-foam\/#primaryimage"},"thumbnailUrl":"https:\/\/praelskincare.com\/wp-content\/uploads\/2017\/11\/cleansing-foam-front.png","datePublished":"2017-09-28T22:05:22+00:00","breadcrumb":{"@id":"https:\/\/praelskincare.com\/de\/shop\/high-effective-cleansing-foam\/#breadcrumb"},"inLanguage":"de","potentialAction":[{"@type":"ReadAction","target":["https:\/\/praelskincare.com\/de\/shop\/high-effective-cleansing-foam\/"]}]},{"@type":"ImageObject","inLanguage":"de","@id":"https:\/\/praelskincare.com\/de\/shop\/high-effective-cleansing-foam\/#primaryimage","url":"https:\/\/praelskincare.com\/wp-content\/uploads\/2017\/11\/cleansing-foam-front.png","contentUrl":"https:\/\/praelskincare.com\/wp-content\/uploads\/2017\/11\/cleansing-foam-front.png","width":1280,"height":1280},{"@type":"BreadcrumbList","@id":"https:\/\/praelskincare.com\/de\/shop\/high-effective-cleansing-foam\/#breadcrumb","itemListElement":[{"@type":"ListItem","position":1,"name":"Home","item":"https:\/\/praelskincare.com\/de\/"},{"@type":"ListItem","position":2,"name":"Prael cosmetics","item":"https:\/\/praelskincare.com\/shop\/"},{"@type":"ListItem","position":3,"name":"High Effective Cleansing Foam"}]},{"@type":"WebSite","@id":"https:\/\/praelskincare.com\/#website","url":"https:\/\/praelskincare.com\/","name":"Prael","description":"Luxury Collagen Skincare","publisher":{"@id":"https:\/\/praelskincare.com\/#organization"},"potentialAction":[{"@type":"SearchAction","target":{"@type":"EntryPoint","urlTemplate":"https:\/\/praelskincare.com\/?s={search_term_string}"},"query-input":{"@type":"PropertyValueSpecification","valueRequired":true,"valueName":"search_term_string"}}],"inLanguage":"de"},{"@type":"Organization","@id":"https:\/\/praelskincare.com\/#organization","name":"PRAEL","url":"https:\/\/praelskincare.com\/","logo":{"@type":"ImageObject","inLanguage":"de","@id":"https:\/\/praelskincare.com\/#\/schema\/logo\/image\/","url":"https:\/\/praelskincare.com\/wp-content\/uploads\/2017\/05\/logo_prael.png","contentUrl":"https:\/\/praelskincare.com\/wp-content\/uploads\/2017\/05\/logo_prael.png","width":88,"height":58,"caption":"PRAEL"},"image":{"@id":"https:\/\/praelskincare.com\/#\/schema\/logo\/image\/"}}]}},"_links":{"self":[{"href":"https:\/\/praelskincare.com\/de\/wp-json\/wp\/v2\/product\/1742\/"}],"collection":[{"href":"https:\/\/praelskincare.com\/de\/wp-json\/wp\/v2\/product\/"}],"about":[{"href":"https:\/\/praelskincare.com\/de\/wp-json\/wp\/v2\/types\/product\/"}],"wp:featuredmedia":[{"embeddable":true,"href":"https:\/\/praelskincare.com\/de\/wp-json\/wp\/v2\/media\/1427\/"}],"wp:attachment":[{"href":"https:\/\/praelskincare.com\/de\/wp-json\/wp\/v2\/media\/?parent=1742"}],"wp:term":[{"taxonomy":"product_brand","embeddable":true,"href":"https:\/\/praelskincare.com\/de\/wp-json\/wp\/v2\/product_brand\/?post=1742"},{"taxonomy":"product_cat","embeddable":true,"href":"https:\/\/praelskincare.com\/de\/wp-json\/wp\/v2\/product_cat\/?post=1742"},{"taxonomy":"product_tag","embeddable":true,"href":"https:\/\/praelskincare.com\/de\/wp-json\/wp\/v2\/product_tag\/?post=1742"}],"curies":[{"name":"wp","href":"https:\/\/api.w.org\/{rel}","templated":true}]}}