{"id":2467,"date":"2019-11-13T13:20:17","date_gmt":"2019-11-13T13:20:17","guid":{"rendered":"https:\/\/praelskincare.com\/sklep\/aktive-meeresalgen\/"},"modified":"2020-01-14T06:45:21","modified_gmt":"2020-01-14T06:45:21","slug":"aktive-meeresalgen","status":"publish","type":"product","link":"https:\/\/praelskincare.com\/de\/shop\/aktive-meeresalgen\/","title":{"rendered":"Gold Lifting Eye Serum"},"content":{"rendered":"<p>Luxuri\u00f6ses Erneuerungs- und Anti-Aging-Augenserum, bereichert mit purem Gold. Tiefbefeuchtendes Serum in Gelform, das die Haut um die Augen herum hydratisiert, indem es ein angenehmes Gef\u00fchl hinterlasst. Es enth\u00e4lt\u00a0 kr\u00e4ftige nat\u00fcrliche Meeresalgenextrakte mit wichtigen antioxidativen Eigenschaften, sowie ein revolution\u00e4res kollagenf\u00f6rderndes Peptid, das die Hautbarriere verst\u00e4rkt und der Haut um die Augen herum Ton und Festigkeit verleiht.<\/p>\n<p>Brauner Meeresalgenextrakt verbessert die Hauelastizit\u00e4t und -dicht, und verringert die Augenfalten. Partikeln aus purem Gold sorgen f\u00fcr einen schillernden Schimmer, der die nat\u00fcrliche Leuchtkraft der Haut hervorhebt.<\/p>\n<p>Diese revolution\u00e4re Formel ist frei von Mineral\u00f6len, Silikonen, Poly\u00e4thylenglykol (PEG) und Konservierungsstoffen.<\/p>\n","protected":false},"excerpt":{"rendered":"<p>Luxuri\u00f6ses Erneuerungs- und Anti-Aging-Augenserum, bereichert mit purem Gold. Tiefbefeuchtendes Serum in Gelform, das die Haut um die Augen herum hydratisiert, indem es ein angenehmes Gef\u00fchl hinterlasst. Es enth\u00e4lt\u00a0 kr\u00e4ftige nat\u00fcrliche Meeresalgenextrakte mit wichtigen antioxidativen Eigenschaften, sowie ein revolution\u00e4res kollagenf\u00f6rderndes Peptid, das die Hautbarriere verst\u00e4rkt und der Haut um die Augen herum Ton und Festigkeit verleiht. [&hellip;]<\/p>\n","protected":false},"featured_media":2461,"template":"","meta":{"inline_featured_image":false},"product_brand":[],"product_cat":[143],"product_tag":[186],"class_list":{"0":"post-2467","1":"product","2":"type-product","3":"status-publish","4":"has-post-thumbnail","6":"product_cat-uncategorized","7":"product_tag-aktive-meeresalgen","9":"first","10":"instock","11":"taxable","12":"shipping-taxable","13":"purchasable","14":"product-type-simple"},"yoast_head":"<!-- This site is optimized with the Yoast SEO plugin v25.4 - https:\/\/yoast.com\/wordpress\/plugins\/seo\/ -->\n<title>Gold Lifting Eye Serum - Prael<\/title>\n<meta name=\"robots\" content=\"index, follow, max-snippet:-1, max-image-preview:large, max-video-preview:-1\" \/>\n<link rel=\"canonical\" href=\"https:\/\/praelskincare.com\/de\/shop\/aktive-meeresalgen\/\" \/>\n<meta property=\"og:locale\" content=\"de_DE\" \/>\n<meta property=\"og:type\" content=\"article\" \/>\n<meta property=\"og:title\" content=\"Gold Lifting Eye Serum - Prael\" \/>\n<meta property=\"og:description\" content=\"Luxuri\u00f6ses Erneuerungs- und Anti-Aging-Augenserum, bereichert mit purem Gold. Tiefbefeuchtendes Serum in Gelform, das die Haut um die Augen herum hydratisiert, indem es ein angenehmes Gef\u00fchl hinterlasst. Es enth\u00e4lt\u00a0 kr\u00e4ftige nat\u00fcrliche Meeresalgenextrakte mit wichtigen antioxidativen Eigenschaften, sowie ein revolution\u00e4res kollagenf\u00f6rderndes Peptid, das die Hautbarriere verst\u00e4rkt und der Haut um die Augen herum Ton und Festigkeit verleiht. [&hellip;]\" \/>\n<meta property=\"og:url\" content=\"https:\/\/praelskincare.com\/de\/shop\/aktive-meeresalgen\/\" \/>\n<meta property=\"og:site_name\" content=\"Prael\" \/>\n<meta property=\"article:modified_time\" content=\"2020-01-14T06:45:21+00:00\" \/>\n<meta property=\"og:image\" content=\"https:\/\/praelskincare.com\/wp-content\/uploads\/2019\/11\/gold-lifting-eye-serum-1.jpg\" \/>\n\t<meta property=\"og:image:width\" content=\"1280\" \/>\n\t<meta property=\"og:image:height\" content=\"1280\" \/>\n\t<meta property=\"og:image:type\" content=\"image\/jpeg\" \/>\n<meta name=\"twitter:card\" content=\"summary_large_image\" \/>\n<meta name=\"twitter:label1\" content=\"Gesch\u00e4tzte Lesezeit\" \/>\n\t<meta name=\"twitter:data1\" content=\"1\u00a0Minute\" \/>\n<script type=\"application\/ld+json\" class=\"yoast-schema-graph\">{\"@context\":\"https:\/\/schema.org\",\"@graph\":[{\"@type\":\"WebPage\",\"@id\":\"https:\/\/praelskincare.com\/de\/shop\/aktive-meeresalgen\/\",\"url\":\"https:\/\/praelskincare.com\/de\/shop\/aktive-meeresalgen\/\",\"name\":\"Gold Lifting Eye Serum - Prael\",\"isPartOf\":{\"@id\":\"https:\/\/praelskincare.com\/#website\"},\"primaryImageOfPage\":{\"@id\":\"https:\/\/praelskincare.com\/de\/shop\/aktive-meeresalgen\/#primaryimage\"},\"image\":{\"@id\":\"https:\/\/praelskincare.com\/de\/shop\/aktive-meeresalgen\/#primaryimage\"},\"thumbnailUrl\":\"https:\/\/praelskincare.com\/wp-content\/uploads\/2019\/11\/gold-lifting-eye-serum-1.jpg\",\"datePublished\":\"2019-11-13T13:20:17+00:00\",\"dateModified\":\"2020-01-14T06:45:21+00:00\",\"breadcrumb\":{\"@id\":\"https:\/\/praelskincare.com\/de\/shop\/aktive-meeresalgen\/#breadcrumb\"},\"inLanguage\":\"de\",\"potentialAction\":[{\"@type\":\"ReadAction\",\"target\":[\"https:\/\/praelskincare.com\/de\/shop\/aktive-meeresalgen\/\"]}]},{\"@type\":\"ImageObject\",\"inLanguage\":\"de\",\"@id\":\"https:\/\/praelskincare.com\/de\/shop\/aktive-meeresalgen\/#primaryimage\",\"url\":\"https:\/\/praelskincare.com\/wp-content\/uploads\/2019\/11\/gold-lifting-eye-serum-1.jpg\",\"contentUrl\":\"https:\/\/praelskincare.com\/wp-content\/uploads\/2019\/11\/gold-lifting-eye-serum-1.jpg\",\"width\":1280,\"height\":1280},{\"@type\":\"BreadcrumbList\",\"@id\":\"https:\/\/praelskincare.com\/de\/shop\/aktive-meeresalgen\/#breadcrumb\",\"itemListElement\":[{\"@type\":\"ListItem\",\"position\":1,\"name\":\"Home\",\"item\":\"https:\/\/praelskincare.com\/de\/\"},{\"@type\":\"ListItem\",\"position\":2,\"name\":\"Prael cosmetics\",\"item\":\"https:\/\/praelskincare.com\/shop\/\"},{\"@type\":\"ListItem\",\"position\":3,\"name\":\"Gold Lifting Eye Serum\"}]},{\"@type\":\"WebSite\",\"@id\":\"https:\/\/praelskincare.com\/#website\",\"url\":\"https:\/\/praelskincare.com\/\",\"name\":\"Prael\",\"description\":\"Luxury Collagen Skincare\",\"publisher\":{\"@id\":\"https:\/\/praelskincare.com\/#organization\"},\"potentialAction\":[{\"@type\":\"SearchAction\",\"target\":{\"@type\":\"EntryPoint\",\"urlTemplate\":\"https:\/\/praelskincare.com\/?s={search_term_string}\"},\"query-input\":{\"@type\":\"PropertyValueSpecification\",\"valueRequired\":true,\"valueName\":\"search_term_string\"}}],\"inLanguage\":\"de\"},{\"@type\":\"Organization\",\"@id\":\"https:\/\/praelskincare.com\/#organization\",\"name\":\"PRAEL\",\"url\":\"https:\/\/praelskincare.com\/\",\"logo\":{\"@type\":\"ImageObject\",\"inLanguage\":\"de\",\"@id\":\"https:\/\/praelskincare.com\/#\/schema\/logo\/image\/\",\"url\":\"https:\/\/praelskincare.com\/wp-content\/uploads\/2017\/05\/logo_prael.png\",\"contentUrl\":\"https:\/\/praelskincare.com\/wp-content\/uploads\/2017\/05\/logo_prael.png\",\"width\":88,\"height\":58,\"caption\":\"PRAEL\"},\"image\":{\"@id\":\"https:\/\/praelskincare.com\/#\/schema\/logo\/image\/\"}}]}<\/script>\n<!-- \/ Yoast SEO plugin. -->","yoast_head_json":{"title":"Gold Lifting Eye Serum - Prael","robots":{"index":"index","follow":"follow","max-snippet":"max-snippet:-1","max-image-preview":"max-image-preview:large","max-video-preview":"max-video-preview:-1"},"canonical":"https:\/\/praelskincare.com\/de\/shop\/aktive-meeresalgen\/","og_locale":"de_DE","og_type":"article","og_title":"Gold Lifting Eye Serum - Prael","og_description":"Luxuri\u00f6ses Erneuerungs- und Anti-Aging-Augenserum, bereichert mit purem Gold. Tiefbefeuchtendes Serum in Gelform, das die Haut um die Augen herum hydratisiert, indem es ein angenehmes Gef\u00fchl hinterlasst. Es enth\u00e4lt\u00a0 kr\u00e4ftige nat\u00fcrliche Meeresalgenextrakte mit wichtigen antioxidativen Eigenschaften, sowie ein revolution\u00e4res kollagenf\u00f6rderndes Peptid, das die Hautbarriere verst\u00e4rkt und der Haut um die Augen herum Ton und Festigkeit verleiht. [&hellip;]","og_url":"https:\/\/praelskincare.com\/de\/shop\/aktive-meeresalgen\/","og_site_name":"Prael","article_modified_time":"2020-01-14T06:45:21+00:00","og_image":[{"width":1280,"height":1280,"url":"https:\/\/praelskincare.com\/wp-content\/uploads\/2019\/11\/gold-lifting-eye-serum-1.jpg","type":"image\/jpeg"}],"twitter_card":"summary_large_image","twitter_misc":{"Gesch\u00e4tzte Lesezeit":"1\u00a0Minute"},"schema":{"@context":"https:\/\/schema.org","@graph":[{"@type":"WebPage","@id":"https:\/\/praelskincare.com\/de\/shop\/aktive-meeresalgen\/","url":"https:\/\/praelskincare.com\/de\/shop\/aktive-meeresalgen\/","name":"Gold Lifting Eye Serum - Prael","isPartOf":{"@id":"https:\/\/praelskincare.com\/#website"},"primaryImageOfPage":{"@id":"https:\/\/praelskincare.com\/de\/shop\/aktive-meeresalgen\/#primaryimage"},"image":{"@id":"https:\/\/praelskincare.com\/de\/shop\/aktive-meeresalgen\/#primaryimage"},"thumbnailUrl":"https:\/\/praelskincare.com\/wp-content\/uploads\/2019\/11\/gold-lifting-eye-serum-1.jpg","datePublished":"2019-11-13T13:20:17+00:00","dateModified":"2020-01-14T06:45:21+00:00","breadcrumb":{"@id":"https:\/\/praelskincare.com\/de\/shop\/aktive-meeresalgen\/#breadcrumb"},"inLanguage":"de","potentialAction":[{"@type":"ReadAction","target":["https:\/\/praelskincare.com\/de\/shop\/aktive-meeresalgen\/"]}]},{"@type":"ImageObject","inLanguage":"de","@id":"https:\/\/praelskincare.com\/de\/shop\/aktive-meeresalgen\/#primaryimage","url":"https:\/\/praelskincare.com\/wp-content\/uploads\/2019\/11\/gold-lifting-eye-serum-1.jpg","contentUrl":"https:\/\/praelskincare.com\/wp-content\/uploads\/2019\/11\/gold-lifting-eye-serum-1.jpg","width":1280,"height":1280},{"@type":"BreadcrumbList","@id":"https:\/\/praelskincare.com\/de\/shop\/aktive-meeresalgen\/#breadcrumb","itemListElement":[{"@type":"ListItem","position":1,"name":"Home","item":"https:\/\/praelskincare.com\/de\/"},{"@type":"ListItem","position":2,"name":"Prael cosmetics","item":"https:\/\/praelskincare.com\/shop\/"},{"@type":"ListItem","position":3,"name":"Gold Lifting Eye Serum"}]},{"@type":"WebSite","@id":"https:\/\/praelskincare.com\/#website","url":"https:\/\/praelskincare.com\/","name":"Prael","description":"Luxury Collagen Skincare","publisher":{"@id":"https:\/\/praelskincare.com\/#organization"},"potentialAction":[{"@type":"SearchAction","target":{"@type":"EntryPoint","urlTemplate":"https:\/\/praelskincare.com\/?s={search_term_string}"},"query-input":{"@type":"PropertyValueSpecification","valueRequired":true,"valueName":"search_term_string"}}],"inLanguage":"de"},{"@type":"Organization","@id":"https:\/\/praelskincare.com\/#organization","name":"PRAEL","url":"https:\/\/praelskincare.com\/","logo":{"@type":"ImageObject","inLanguage":"de","@id":"https:\/\/praelskincare.com\/#\/schema\/logo\/image\/","url":"https:\/\/praelskincare.com\/wp-content\/uploads\/2017\/05\/logo_prael.png","contentUrl":"https:\/\/praelskincare.com\/wp-content\/uploads\/2017\/05\/logo_prael.png","width":88,"height":58,"caption":"PRAEL"},"image":{"@id":"https:\/\/praelskincare.com\/#\/schema\/logo\/image\/"}}]}},"_links":{"self":[{"href":"https:\/\/praelskincare.com\/de\/wp-json\/wp\/v2\/product\/2467\/"}],"collection":[{"href":"https:\/\/praelskincare.com\/de\/wp-json\/wp\/v2\/product\/"}],"about":[{"href":"https:\/\/praelskincare.com\/de\/wp-json\/wp\/v2\/types\/product\/"}],"wp:featuredmedia":[{"embeddable":true,"href":"https:\/\/praelskincare.com\/de\/wp-json\/wp\/v2\/media\/2461\/"}],"wp:attachment":[{"href":"https:\/\/praelskincare.com\/de\/wp-json\/wp\/v2\/media\/?parent=2467"}],"wp:term":[{"taxonomy":"product_brand","embeddable":true,"href":"https:\/\/praelskincare.com\/de\/wp-json\/wp\/v2\/product_brand\/?post=2467"},{"taxonomy":"product_cat","embeddable":true,"href":"https:\/\/praelskincare.com\/de\/wp-json\/wp\/v2\/product_cat\/?post=2467"},{"taxonomy":"product_tag","embeddable":true,"href":"https:\/\/praelskincare.com\/de\/wp-json\/wp\/v2\/product_tag\/?post=2467"}],"curies":[{"name":"wp","href":"https:\/\/api.w.org\/{rel}","templated":true}]}}