{"id":937,"date":"2017-10-23T08:12:33","date_gmt":"2017-10-23T08:12:33","guid":{"rendered":"http:\/\/praelskincare.local\/?page_id=937"},"modified":"2018-07-10T10:00:26","modified_gmt":"2018-07-10T10:00:26","slug":"polityka-prywatnosci","status":"publish","type":"page","link":"https:\/\/praelskincare.com\/pl\/polityka-prywatnosci\/","title":{"rendered":"Polityka prywatno\u015bci"},"content":{"rendered":"<h2>\u00a7 1. Postanowienia og\u00f3lne<\/h2>\n<p>Niniejszy dokument okre\u015bla Polityk\u0119 Prywatno\u015bci Sklepu PRAEL, kt\u00f3ra w szczeg\u00f3lno\u015bci obejmuje regulacje dotycz\u0105ce ochrony danych osobowych oraz bezpiecze\u0144stwa innych danych wprowadzonych do Sklepu przez U\u017cytkownika.<\/p>\n<p>Polityka Prywatno\u015bci stanowi integralny za\u0142\u0105cznik do Regulaminu.<\/p>\n<h2>\u00a7 2. Definicje<\/h2>\n<p>Terminy u\u017cyte w niniejszym dokumencie oznaczaj\u0105:<\/p>\n<p>Administrator \u2013 PRAEL GROUP Pte Ltd, 111 North Bridge Road, #13-01 Peninsula Plaza, Singapore 179098, Reg. No. 201317353G;<\/p>\n<p>Serwis \u2013 sklep internetowy PRAEL dost\u0119pny poprzez sie\u0107 internet z domeny http:\/\/praelskincare.com.<\/p>\n<p>Strona internetowa \u2013 strona internetowa pod adresem http:\/\/praelskincare.com oraz wszelkie jej podstrony.<\/p>\n<p>Strony \u2013 Administrator i U\u017cytkownik.<\/p>\n<p>U\u017cytkownik \u2013 osoba fizyczna, kt\u00f3ra poprzez zarejestrowanie w Serwisie w spos\u00f3b wskazany w Regulaminie, posiada aktywne konto U\u017cytkownika.<\/p>\n<h2>\u00a7 3. Ochrona danych osobowych<\/h2>\n<p>Administrator jest Administratorem danych osobowych w rozumieniu rozporz\u0105dzenia o ochronie danych osobowych z dnia 27 kwietnia 2016 r. (RODO).<\/p>\n<p>Korzystanie z Serwisu wi\u0105\u017ce si\u0119 z konieczno\u015bci\u0105 podania przez U\u017cytkownika swoich w\u0142asnych danych osobowych.<\/p>\n<p>Administrator pozyskuje i przetwarza nast\u0119puj\u0105ce dane osobowe:<\/p>\n<p>imi\u0119 i nazwisko<\/p>\n<p>adres korespondencyjny<\/p>\n<p>numer telefonu<\/p>\n<p>adres poczty elektronicznej<\/p>\n<p>nazwa firmy<\/p>\n<p>numer NIP<\/p>\n<p>adres prowadzenia dzia\u0142alno\u015bci gospodarczej<\/p>\n<p>Dane osobowe b\u0119d\u0105 przetwarzane w celu za\u0142o\u017cenia i utrzymywania konta U\u017cytkownika oraz w zwi\u0105zku z realizacj\u0105 umowy sprzeda\u017cy poprzez sklep internetowy. Dane osobowe b\u0119d\u0105 przechowywane do 2 lat od dnia usuni\u0119cia konta U\u017cytkownika lub do dnia wyga\u015bni\u0119cia wszelkich roszcze\u0144 pomi\u0119dzy Administratorem a U\u017cytkownikiem, w zale\u017cno\u015bci od tego, kt\u00f3re z termin\u00f3w nast\u0105pi p\u00f3\u017aniej. Podstaw\u0105 przetwarzania danych osobowych jest wykonywanie umowy na rzecz U\u017cytkownika.<\/p>\n<p>Administrator przetwarza dane osobowe U\u017cytkownik\u00f3w w celu \u015bwiadczenia us\u0142ugi poprzez Serwis oraz umo\u017cliwienia U\u017cytkownikom zakupu i realizacji us\u0142ug poprzez Serwis,<\/p>\n<p>Je\u017celi U\u017cytkownik zapisze si\u0119 do newslettera, dane osobowe b\u0119d\u0105 przetwarzane r\u00f3wnie\u017c w celach marketingowych, na podstawie art. 6 ust. 1 lit. f) rozporz\u0105dzenia o ochronie danych osobowych z dnia 27 kwietnia 2016 r. (RODO). Podanie danych osobowych w tym celu jest dobrowolne, jednak\u017ce brak brak ich podania uniemo\u017cliwia otrzymywanie wiadomo\u015bci od nas. Dane osobowe b\u0119d\u0105 przechowywane przez okres do dnia wypisania si\u0119 U\u017cytkownika z newslettera.<\/p>\n<p>Dane osobowe b\u0119d\u0105 przekazywane wy\u0142\u0105cznie zaufanym podwykonawcom Administratora, tj. dostawcom us\u0142ug informatycznych, firmom dor\u0119czaj\u0105cym przesy\u0142ki, firmie rachunkowej, firmie obs\u0142uguj\u0105cej newslettery.<\/p>\n<p>Dane osobowe b\u0119d\u0105 przetwarzane w spos\u00f3b zautomatyzowany, tak\u017ce w formie profilowania. Profilowanie b\u0119dzie mia\u0142o na celu umo\u017cliwienie przygotowania najlepszej, spersonalizowanej oferty i dedykowanych reklam.<\/p>\n<h2>\u00a74. Uprawnienia U\u017cytkownika<\/h2>\n<p>W przypadku zmiany danych osobowych, U\u017cytkownik powinien uaktualni\u0107 je na Profilu u\u017cytkownika.<\/p>\n<p>U\u017cytkownikowi przys\u0142uguje prawo \u017c\u0105dania dost\u0119pu do tre\u015bci swoich danych osobowych, ich sprostowania, usuni\u0119cia oraz prawo do ograniczenia ich przetwarzania. Ponadto tak\u017ce prawo do cofni\u0119cia zgody w dowolnym momencie bez wp\u0142ywu na zgodno\u015b\u0107 z prawem przetwarzania, prawo do przenoszenia danych oraz prawo do wniesienia sprzeciwu wobec przetwarzania danych osobowych.<\/p>\n<p>U\u017cytkownikowi przys\u0142uguje prawo wniesienia skargi do Prezesa Urz\u0119du Ochrony Danych Osobowych.<\/p>\n<p>Podanie danych osobowych jest dobrowolne, jednak\u017ce brak wyra\u017cenia zgody na przetwarzanie danych uniemo\u017cliwia korzystanie z Serwisu.<\/p>\n<p>Administrator mo\u017ce odm\u00f3wi\u0107 usuni\u0119cia danych osobowych U\u017cytkownika, je\u017celi zachowanie danych osobowych jest konieczne ze wzgl\u0119du na obowi\u0105zek na\u0142o\u017cony na Administratora przez przepisy prawa.<\/p>\n<h2>\u00a75. Szyfrowanie danych<\/h2>\n<p>Administrator zobowi\u0105zuje si\u0119 do szyfrowania transmisji danych w celu zabezpieczenia danych U\u017cytkownika przechowywanych w systemie.<\/p>\n<p>Ka\u017cde po\u0142\u0105czenie U\u017cytkownika z Serwisem jest szyfrowane i poufne.<\/p>\n<h2>\u00a76. Techniczna ochrona danych<\/h2>\n<p>Administrator zobowi\u0105zuje si\u0119 do przechowywania kopii bezpiecze\u0144stwa zawieraj\u0105cych dane osobowe U\u017cytkownika.<\/p>\n<p>Powierzone dane s\u0105 sk\u0142adowane na najwy\u017cszej klasy sprz\u0119cie i serwerach w odpowiednio zabezpieczonych centrach przechowywania informacji, do kt\u00f3rych dost\u0119p maj\u0105 tylko upowa\u017cnione osoby.<\/p>\n<p>Administrator przeprowadza czynno\u015bci zwi\u0105zane z przetwarzaniem danych osobowych z poszanowaniem wszystkich wymog\u00f3w prawnych i technicznych na\u0142o\u017conych na niego przez przepisy dotycz\u0105ce ochrony danych osobowych.<\/p>\n<h2>\u00a77. Polityka cookies<\/h2>\n<p>Dla wygody U\u017cytkownik\u00f3w Serwis u\u017cywa plik\u00f3w cookies m.in. w celu dostosowania serwisu do potrzeb u\u017cytkownik\u00f3w oraz w celach statystycznych. Cookies to niewielkie pliki tekstowe wysy\u0142ane przez serwis internetowy, kt\u00f3ry odwiedza internauta, do urz\u0105dzenia internauty.<\/p>\n<p>W ramach Serwisu stosowane s\u0105 dwa typy plik\u00f3w cookies: \u201esesyjne\u201d (session cookies) oraz \u201esta\u0142e\u201d (persistent cookies). Cookies \u201esesyjne\u201d s\u0105 plikami tymczasowymi, kt\u00f3re przechowywane s\u0105 w urz\u0105dzeniu ko\u0144cowym U\u017cytkownika do czasu wylogowania, opuszczenia strony internetowej lub wy\u0142\u0105czenia oprogramowania (przegl\u0105darki internetowej). \u201eSta\u0142e\u201d pliki cookies przechowywane s\u0105 w urz\u0105dzeniu ko\u0144cowym U\u017cytkownika przez czas okre\u015blony w parametrach plik\u00f3w cookies lub do czasu ich usuni\u0119cia przez U\u017cytkownika.<\/p>\n<p>W Serwisie wykorzystujemy nast\u0119puj\u0105ce rodzaje plik\u00f3w Cookies:<\/p>\n<p>\u201eniezb\u0119dne\u201d &#8211; umo\u017cliwiaj\u0105 korzystanie z us\u0142ug dost\u0119pnych w ramach Serwisu, np. wykorzystywane przy obs\u0142udze autoryzacji u\u017cytkownik\u00f3w;<\/p>\n<p>&#8222;zabezpieczaj\u0105ce&#8221; &#8211; s\u0142u\u017c\u0105 do zapewnienia bezpiecze\u0144stwa, np. wykorzystywane do wykrywania nadu\u017cy\u0107 w zakresie korzystania z us\u0142ug Serwisu;<\/p>\n<p>\u201ewydajno\u015bciowe\u201d &#8211; umo\u017cliwiaj\u0105 zbieranie informacji o sposobie korzystania z Serwisu;<\/p>\n<p>\u201efunkcjonalne\u201d &#8211; umo\u017cliwiaj\u0105 zapami\u0119tanie wybranych przez U\u017cytkownika ustawie\u0144 i personalizacj\u0119 interfejsu U\u017cytkownika, np. w zakresie wybranego j\u0119zyka lub regionu, z kt\u00f3rego pochodzi U\u017cytkownik, rozmiaru czcionki, wygl\u0105du Serwisu itp.;<\/p>\n<p>\u201ereklamowe\u201d &#8211; umo\u017cliwiaj\u0105 dostarczanie U\u017cytkownikom tre\u015bci reklamowych bardziej dostosowanych do ich zainteresowa\u0144.<\/p>\n<p>\u201cintegracyjne\u201d &#8211; zwi\u0105zane s\u0105 z wykorzystywanymi w Serwisie us\u0142ugami firm trzecich, np. Google Analytics, tawk.to.<\/p>\n<p>Serwisy obce, kt\u00f3rych materia\u0142y przedstawiamy, mog\u0105 tak\u017ce u\u017cywa\u0107 cookies, kt\u00f3re umo\u017cliwiaj\u0105 logowanie si\u0119, oraz s\u0142u\u017c\u0105 dostarczaniu reklam odpowiadaj\u0105cych upodobaniom i zachowaniom u\u017cytkownika.<\/p>\n<p>W przegl\u0105darce internetowej mo\u017cna zmieni\u0107 ustawienia dotycz\u0105ce cookies. Brak zmiany tych ustawie\u0144 oznacza akceptacj\u0119 dla stosowanych tu cookies.<\/p>\n<h2>\u00a78. Logi<\/h2>\n<p>Zgodnie z praktyk\u0105 wi\u0119kszo\u015bci serwis\u00f3w www przechowujemy zapytania HTTP kierowane do naszego serwera (logi serwera). W zwi\u0105zku z powy\u017cszym przechowujemy:<\/p>\n<p>adresy IP, z kt\u00f3rych u\u017cytkownicy przegl\u0105daj\u0105 tre\u015bci informacyjne naszego serwisu;<\/p>\n<p>czas nadej\u015bcia zapytania,<\/p>\n<p>czas wys\u0142ania odpowiedzi,<\/p>\n<p>nazw\u0119 stacji klienta &#8211; identyfikacja realizowana przez protok\u00f3\u0142 HTTP,<\/p>\n<p>informacje o b\u0142\u0119dach jakie nast\u0105pi\u0142y przy realizacji transakcji HTTP,<\/p>\n<p>adres URL strony poprzednio odwiedzanej przez u\u017cytkownika (referer link);<\/p>\n<p>informacje o przegl\u0105darce u\u017cytkownika.<\/p>\n<p>Dane gromadzone w dziennikach log\u00f3w, dane s\u0105 wykorzystywane tylko i wy\u0142\u0105cznie do cel\u00f3w administrowania Serwisem.<\/p>\n<p>Zebrane logi przechowywane s\u0105 przez czas nieokre\u015blony jako materia\u0142 pomocniczy s\u0142u\u017c\u0105cy do administrowania Serwisem. Informacje w nich zawarte nie s\u0105 ujawniane nikomu poza osobami upowa\u017cnionymi do administrowania Serwisem. Na podstawie plik\u00f3w log\u00f3w mog\u0105 by\u0107 generowane statystyki stanowi\u0105ce pomoc w administrowaniu. Zbiorcze podsumowania w postaci takich statystyk nie zawieraj\u0105 \u017cadnych cech identyfikuj\u0105cych osoby odwiedzaj\u0105ce serwis.<\/p>\n<h2>\u00a79. Kontakt<\/h2>\n<p>U\u017cytkownik mo\u017ce w dowolnym czasie skontaktowa\u0107 si\u0119 z Administratorem w celu uzyskania informacji o tym, czy i w jaki spos\u00f3b Administrator wykorzystuje jego dane osobowe.<\/p>\n<p>U\u017cytkownik mo\u017ce r\u00f3wnie\u017c zwr\u00f3ci\u0107 si\u0119 do Administratora z pro\u015bb\u0105 o usuni\u0119cie jego danych osobowych w ca\u0142o\u015bci lub w okre\u015blonej cz\u0119\u015bci.<\/p>\n<p>Z Administratorem mo\u017cna skontaktowa\u0107 si\u0119 wysy\u0142aj\u0105c wiadomo\u015b\u0107 na adres e-mail: customer.care@praelskincare.com<\/p>\n","protected":false},"excerpt":{"rendered":"<p>\u00a7 1. Postanowienia og\u00f3lne Niniejszy dokument okre\u015bla Polityk\u0119 Prywatno\u015bci Sklepu PRAEL, kt\u00f3ra w szczeg\u00f3lno\u015bci obejmuje regulacje dotycz\u0105ce ochrony danych osobowych oraz bezpiecze\u0144stwa innych danych wprowadzonych do Sklepu przez U\u017cytkownika. Polityka Prywatno\u015bci stanowi integralny za\u0142\u0105cznik do Regulaminu. \u00a7 2. Definicje Terminy u\u017cyte w niniejszym dokumencie oznaczaj\u0105: Administrator \u2013 PRAEL GROUP Pte Ltd, 111 North Bridge Road, [&hellip;]<\/p>\n","protected":false},"author":1,"featured_media":0,"parent":0,"menu_order":0,"comment_status":"closed","ping_status":"closed","template":"page-privacy-policy.php","meta":{"inline_featured_image":false,"footnotes":""},"class_list":["post-937","page","type-page","status-publish","hentry"],"yoast_head":"<!-- This site is optimized with the Yoast SEO plugin v25.4 - https:\/\/yoast.com\/wordpress\/plugins\/seo\/ -->\n<title>Polityka prywatno\u015bci - Prael<\/title>\n<meta name=\"robots\" content=\"noindex, follow\" \/>\n<meta property=\"og:locale\" content=\"pl_PL\" \/>\n<meta property=\"og:type\" content=\"article\" \/>\n<meta property=\"og:title\" content=\"Polityka prywatno\u015bci - Prael\" \/>\n<meta property=\"og:description\" content=\"\u00a7 1. Postanowienia og\u00f3lne Niniejszy dokument okre\u015bla Polityk\u0119 Prywatno\u015bci Sklepu PRAEL, kt\u00f3ra w szczeg\u00f3lno\u015bci obejmuje regulacje dotycz\u0105ce ochrony danych osobowych oraz bezpiecze\u0144stwa innych danych wprowadzonych do Sklepu przez U\u017cytkownika. Polityka Prywatno\u015bci stanowi integralny za\u0142\u0105cznik do Regulaminu. \u00a7 2. Definicje Terminy u\u017cyte w niniejszym dokumencie oznaczaj\u0105: Administrator \u2013 PRAEL GROUP Pte Ltd, 111 North Bridge Road, [&hellip;]\" \/>\n<meta property=\"og:url\" content=\"https:\/\/praelskincare.com\/privacy-policy\/\" \/>\n<meta property=\"og:site_name\" content=\"Prael\" \/>\n<meta property=\"article:modified_time\" content=\"2018-07-10T10:00:26+00:00\" \/>\n<meta property=\"og:image\" content=\"https:\/\/praelskincare.com\/wp-content\/uploads\/2019\/04\/prael-3-2017-10-10-386.jpg\" \/>\n\t<meta property=\"og:image:width\" content=\"2808\" \/>\n\t<meta property=\"og:image:height\" content=\"1872\" \/>\n\t<meta property=\"og:image:type\" content=\"image\/jpeg\" \/>\n<meta name=\"twitter:card\" content=\"summary_large_image\" \/>\n<meta name=\"twitter:label1\" content=\"Szacowany czas czytania\" \/>\n\t<meta name=\"twitter:data1\" content=\"6 minut\" \/>\n<script type=\"application\/ld+json\" class=\"yoast-schema-graph\">{\"@context\":\"https:\/\/schema.org\",\"@graph\":[{\"@type\":\"WebPage\",\"@id\":\"https:\/\/praelskincare.com\/privacy-policy\/\",\"url\":\"https:\/\/praelskincare.com\/privacy-policy\/\",\"name\":\"Polityka prywatno\u015bci - Prael\",\"isPartOf\":{\"@id\":\"https:\/\/praelskincare.com\/#website\"},\"datePublished\":\"2017-10-23T08:12:33+00:00\",\"dateModified\":\"2018-07-10T10:00:26+00:00\",\"breadcrumb\":{\"@id\":\"https:\/\/praelskincare.com\/privacy-policy\/#breadcrumb\"},\"inLanguage\":\"pl-PL\",\"potentialAction\":[{\"@type\":\"ReadAction\",\"target\":[\"https:\/\/praelskincare.com\/privacy-policy\/\"]}]},{\"@type\":\"BreadcrumbList\",\"@id\":\"https:\/\/praelskincare.com\/privacy-policy\/#breadcrumb\",\"itemListElement\":[{\"@type\":\"ListItem\",\"position\":1,\"name\":\"Home\",\"item\":\"https:\/\/praelskincare.com\/\"},{\"@type\":\"ListItem\",\"position\":2,\"name\":\"Polityka prywatno\u015bci\"}]},{\"@type\":\"WebSite\",\"@id\":\"https:\/\/praelskincare.com\/#website\",\"url\":\"https:\/\/praelskincare.com\/\",\"name\":\"Prael\",\"description\":\"Luxury Collagen Skincare\",\"publisher\":{\"@id\":\"https:\/\/praelskincare.com\/#organization\"},\"potentialAction\":[{\"@type\":\"SearchAction\",\"target\":{\"@type\":\"EntryPoint\",\"urlTemplate\":\"https:\/\/praelskincare.com\/?s={search_term_string}\"},\"query-input\":{\"@type\":\"PropertyValueSpecification\",\"valueRequired\":true,\"valueName\":\"search_term_string\"}}],\"inLanguage\":\"pl-PL\"},{\"@type\":\"Organization\",\"@id\":\"https:\/\/praelskincare.com\/#organization\",\"name\":\"PRAEL\",\"url\":\"https:\/\/praelskincare.com\/\",\"logo\":{\"@type\":\"ImageObject\",\"inLanguage\":\"pl-PL\",\"@id\":\"https:\/\/praelskincare.com\/#\/schema\/logo\/image\/\",\"url\":\"https:\/\/praelskincare.com\/wp-content\/uploads\/2017\/05\/logo_prael.png\",\"contentUrl\":\"https:\/\/praelskincare.com\/wp-content\/uploads\/2017\/05\/logo_prael.png\",\"width\":88,\"height\":58,\"caption\":\"PRAEL\"},\"image\":{\"@id\":\"https:\/\/praelskincare.com\/#\/schema\/logo\/image\/\"}}]}<\/script>\n<!-- \/ Yoast SEO plugin. -->","yoast_head_json":{"title":"Polityka prywatno\u015bci - Prael","robots":{"index":"noindex","follow":"follow"},"og_locale":"pl_PL","og_type":"article","og_title":"Polityka prywatno\u015bci - Prael","og_description":"\u00a7 1. Postanowienia og\u00f3lne Niniejszy dokument okre\u015bla Polityk\u0119 Prywatno\u015bci Sklepu PRAEL, kt\u00f3ra w szczeg\u00f3lno\u015bci obejmuje regulacje dotycz\u0105ce ochrony danych osobowych oraz bezpiecze\u0144stwa innych danych wprowadzonych do Sklepu przez U\u017cytkownika. Polityka Prywatno\u015bci stanowi integralny za\u0142\u0105cznik do Regulaminu. \u00a7 2. Definicje Terminy u\u017cyte w niniejszym dokumencie oznaczaj\u0105: Administrator \u2013 PRAEL GROUP Pte Ltd, 111 North Bridge Road, [&hellip;]","og_url":"https:\/\/praelskincare.com\/privacy-policy\/","og_site_name":"Prael","article_modified_time":"2018-07-10T10:00:26+00:00","og_image":[{"width":2808,"height":1872,"url":"https:\/\/praelskincare.com\/wp-content\/uploads\/2019\/04\/prael-3-2017-10-10-386.jpg","type":"image\/jpeg"}],"twitter_card":"summary_large_image","twitter_misc":{"Szacowany czas czytania":"6 minut"},"schema":{"@context":"https:\/\/schema.org","@graph":[{"@type":"WebPage","@id":"https:\/\/praelskincare.com\/privacy-policy\/","url":"https:\/\/praelskincare.com\/privacy-policy\/","name":"Polityka prywatno\u015bci - Prael","isPartOf":{"@id":"https:\/\/praelskincare.com\/#website"},"datePublished":"2017-10-23T08:12:33+00:00","dateModified":"2018-07-10T10:00:26+00:00","breadcrumb":{"@id":"https:\/\/praelskincare.com\/privacy-policy\/#breadcrumb"},"inLanguage":"pl-PL","potentialAction":[{"@type":"ReadAction","target":["https:\/\/praelskincare.com\/privacy-policy\/"]}]},{"@type":"BreadcrumbList","@id":"https:\/\/praelskincare.com\/privacy-policy\/#breadcrumb","itemListElement":[{"@type":"ListItem","position":1,"name":"Home","item":"https:\/\/praelskincare.com\/"},{"@type":"ListItem","position":2,"name":"Polityka prywatno\u015bci"}]},{"@type":"WebSite","@id":"https:\/\/praelskincare.com\/#website","url":"https:\/\/praelskincare.com\/","name":"Prael","description":"Luxury Collagen Skincare","publisher":{"@id":"https:\/\/praelskincare.com\/#organization"},"potentialAction":[{"@type":"SearchAction","target":{"@type":"EntryPoint","urlTemplate":"https:\/\/praelskincare.com\/?s={search_term_string}"},"query-input":{"@type":"PropertyValueSpecification","valueRequired":true,"valueName":"search_term_string"}}],"inLanguage":"pl-PL"},{"@type":"Organization","@id":"https:\/\/praelskincare.com\/#organization","name":"PRAEL","url":"https:\/\/praelskincare.com\/","logo":{"@type":"ImageObject","inLanguage":"pl-PL","@id":"https:\/\/praelskincare.com\/#\/schema\/logo\/image\/","url":"https:\/\/praelskincare.com\/wp-content\/uploads\/2017\/05\/logo_prael.png","contentUrl":"https:\/\/praelskincare.com\/wp-content\/uploads\/2017\/05\/logo_prael.png","width":88,"height":58,"caption":"PRAEL"},"image":{"@id":"https:\/\/praelskincare.com\/#\/schema\/logo\/image\/"}}]}},"_links":{"self":[{"href":"https:\/\/praelskincare.com\/pl\/wp-json\/wp\/v2\/pages\/937\/"}],"collection":[{"href":"https:\/\/praelskincare.com\/pl\/wp-json\/wp\/v2\/pages\/"}],"about":[{"href":"https:\/\/praelskincare.com\/pl\/wp-json\/wp\/v2\/types\/page\/"}],"author":[{"embeddable":true,"href":"https:\/\/praelskincare.com\/pl\/wp-json\/wp\/v2\/users\/1\/"}],"replies":[{"embeddable":true,"href":"https:\/\/praelskincare.com\/pl\/wp-json\/wp\/v2\/comments\/?post=937"}],"version-history":[{"count":3,"href":"https:\/\/praelskincare.com\/pl\/wp-json\/wp\/v2\/pages\/937\/revisions\/"}],"predecessor-version":[{"id":1981,"href":"https:\/\/praelskincare.com\/pl\/wp-json\/wp\/v2\/pages\/937\/revisions\/1981\/"}],"wp:attachment":[{"href":"https:\/\/praelskincare.com\/pl\/wp-json\/wp\/v2\/media\/?parent=937"}],"curies":[{"name":"wp","href":"https:\/\/api.w.org\/{rel}","templated":true}]}}