{"id":2336,"date":"2019-11-13T13:20:17","date_gmt":"2019-11-13T13:20:17","guid":{"rendered":"https:\/\/praelskincare.com\/?post_type=product&#038;p=2336"},"modified":"2019-12-03T19:40:15","modified_gmt":"2019-12-03T19:40:15","slug":"gold-lifting-eye-serum","status":"publish","type":"product","link":"https:\/\/praelskincare.com\/pl\/sklep\/gold-lifting-eye-serum\/","title":{"rendered":"Gold Lifting Eye Serum"},"content":{"rendered":"<p>Luksusowe liftinguj\u0105ce i przeciwzmarszczkowe serum pod oczy wzbogacone czystym z\u0142otem. G\u0142\u0119boko nawil\u017caj\u0105ce serum w postaci \u017celu do nawil\u017cenia sk\u00f3ry wok\u00f3\u0142 oczu, pozostawiaj\u0105c przyjemne uczucie komfortu. Zawiera naturalne ekstrakty z alg o wa\u017cnych w\u0142a\u015bciwo\u015bciach przeciwutleniaj\u0105cych oraz rewolucyjny peptyd wzmacniaj\u0105cy kolagen, kt\u00f3ry wzmacnia barier\u0119 ochronn\u0105 sk\u00f3ry oraz nadaje jej ton i j\u0119drno\u015b\u0107.<\/p>\n<p>Wyci\u0105g z br\u0105zowych wodorost\u00f3w poprawia elastyczno\u015b\u0107 i g\u0119sto\u015b\u0107 sk\u00f3ry, a tak\u017ce wyp\u0142yca zmarszczki. Cz\u0105steczki czystego z\u0142ota nadaj\u0105 po\u0142yskuj\u0105cy blask, kt\u00f3ry podkre\u015bla naturaln\u0105 jasno\u015b\u0107 sk\u00f3ry.<\/p>\n<p>Rewolucyjna formu\u0142a serum nie zawiera olej\u00f3w mineralnych, silikon\u00f3w, PEG i konserwant\u00f3w.<\/p>\n","protected":false},"excerpt":{"rendered":"<p>Luksusowe liftinguj\u0105ce i przeciwzmarszczkowe serum pod oczy wzbogacone czystym z\u0142otem. G\u0142\u0119boko nawil\u017caj\u0105ce serum w postaci \u017celu do nawil\u017cenia sk\u00f3ry wok\u00f3\u0142 oczu, pozostawiaj\u0105c przyjemne uczucie komfortu. Zawiera naturalne ekstrakty z alg o wa\u017cnych w\u0142a\u015bciwo\u015bciach przeciwutleniaj\u0105cych oraz rewolucyjny peptyd wzmacniaj\u0105cy kolagen, kt\u00f3ry wzmacnia barier\u0119 ochronn\u0105 sk\u00f3ry oraz nadaje jej ton i j\u0119drno\u015b\u0107. Wyci\u0105g z br\u0105zowych wodorost\u00f3w poprawia [&hellip;]<\/p>\n","protected":false},"featured_media":2456,"template":"","meta":{"inline_featured_image":false},"product_brand":[],"product_cat":[172],"product_tag":[175],"class_list":{"0":"post-2336","1":"product","2":"type-product","3":"status-publish","4":"has-post-thumbnail","6":"product_cat-pielegnacja-oczu","7":"product_tag-active-marine-algae","9":"first","10":"instock","11":"taxable","12":"shipping-taxable","13":"purchasable","14":"product-type-simple"},"yoast_head":"<!-- This site is optimized with the Yoast SEO plugin v25.4 - https:\/\/yoast.com\/wordpress\/plugins\/seo\/ -->\n<title>Gold Lifting Eye Serum - Prael<\/title>\n<meta name=\"robots\" content=\"index, follow, max-snippet:-1, max-image-preview:large, max-video-preview:-1\" \/>\n<link rel=\"canonical\" href=\"https:\/\/praelskincare.com\/pl\/sklep\/gold-lifting-eye-serum\/\" \/>\n<meta property=\"og:locale\" content=\"pl_PL\" \/>\n<meta property=\"og:type\" content=\"article\" \/>\n<meta property=\"og:title\" content=\"Gold Lifting Eye Serum - Prael\" \/>\n<meta property=\"og:description\" content=\"Luksusowe liftinguj\u0105ce i przeciwzmarszczkowe serum pod oczy wzbogacone czystym z\u0142otem. G\u0142\u0119boko nawil\u017caj\u0105ce serum w postaci \u017celu do nawil\u017cenia sk\u00f3ry wok\u00f3\u0142 oczu, pozostawiaj\u0105c przyjemne uczucie komfortu. Zawiera naturalne ekstrakty z alg o wa\u017cnych w\u0142a\u015bciwo\u015bciach przeciwutleniaj\u0105cych oraz rewolucyjny peptyd wzmacniaj\u0105cy kolagen, kt\u00f3ry wzmacnia barier\u0119 ochronn\u0105 sk\u00f3ry oraz nadaje jej ton i j\u0119drno\u015b\u0107. Wyci\u0105g z br\u0105zowych wodorost\u00f3w poprawia [&hellip;]\" \/>\n<meta property=\"og:url\" content=\"https:\/\/praelskincare.com\/pl\/sklep\/gold-lifting-eye-serum\/\" \/>\n<meta property=\"og:site_name\" content=\"Prael\" \/>\n<meta property=\"article:modified_time\" content=\"2019-12-03T19:40:15+00:00\" \/>\n<meta property=\"og:image\" content=\"https:\/\/praelskincare.com\/wp-content\/uploads\/2019\/11\/gold-lifting-eye-serum-1.jpg\" \/>\n\t<meta property=\"og:image:width\" content=\"1280\" \/>\n\t<meta property=\"og:image:height\" content=\"1280\" \/>\n\t<meta property=\"og:image:type\" content=\"image\/jpeg\" \/>\n<meta name=\"twitter:card\" content=\"summary_large_image\" \/>\n<meta name=\"twitter:label1\" content=\"Szacowany czas czytania\" \/>\n\t<meta name=\"twitter:data1\" content=\"1 minuta\" \/>\n<script type=\"application\/ld+json\" class=\"yoast-schema-graph\">{\"@context\":\"https:\/\/schema.org\",\"@graph\":[{\"@type\":\"WebPage\",\"@id\":\"https:\/\/praelskincare.com\/pl\/sklep\/gold-lifting-eye-serum\/\",\"url\":\"https:\/\/praelskincare.com\/pl\/sklep\/gold-lifting-eye-serum\/\",\"name\":\"Gold Lifting Eye Serum - Prael\",\"isPartOf\":{\"@id\":\"https:\/\/praelskincare.com\/#website\"},\"primaryImageOfPage\":{\"@id\":\"https:\/\/praelskincare.com\/pl\/sklep\/gold-lifting-eye-serum\/#primaryimage\"},\"image\":{\"@id\":\"https:\/\/praelskincare.com\/pl\/sklep\/gold-lifting-eye-serum\/#primaryimage\"},\"thumbnailUrl\":\"https:\/\/praelskincare.com\/wp-content\/uploads\/2019\/11\/gold-lifting-eye-serum-1.jpg\",\"datePublished\":\"2019-11-13T13:20:17+00:00\",\"dateModified\":\"2019-12-03T19:40:15+00:00\",\"breadcrumb\":{\"@id\":\"https:\/\/praelskincare.com\/pl\/sklep\/gold-lifting-eye-serum\/#breadcrumb\"},\"inLanguage\":\"pl-PL\",\"potentialAction\":[{\"@type\":\"ReadAction\",\"target\":[\"https:\/\/praelskincare.com\/pl\/sklep\/gold-lifting-eye-serum\/\"]}]},{\"@type\":\"ImageObject\",\"inLanguage\":\"pl-PL\",\"@id\":\"https:\/\/praelskincare.com\/pl\/sklep\/gold-lifting-eye-serum\/#primaryimage\",\"url\":\"https:\/\/praelskincare.com\/wp-content\/uploads\/2019\/11\/gold-lifting-eye-serum-1.jpg\",\"contentUrl\":\"https:\/\/praelskincare.com\/wp-content\/uploads\/2019\/11\/gold-lifting-eye-serum-1.jpg\",\"width\":1280,\"height\":1280,\"caption\":\"Gold Lifting Eye Serum\"},{\"@type\":\"BreadcrumbList\",\"@id\":\"https:\/\/praelskincare.com\/pl\/sklep\/gold-lifting-eye-serum\/#breadcrumb\",\"itemListElement\":[{\"@type\":\"ListItem\",\"position\":1,\"name\":\"Home\",\"item\":\"https:\/\/praelskincare.com\/\"},{\"@type\":\"ListItem\",\"position\":2,\"name\":\"Prael cosmetics\",\"item\":\"https:\/\/praelskincare.com\/shop\/\"},{\"@type\":\"ListItem\",\"position\":3,\"name\":\"Gold Lifting Eye Serum\"}]},{\"@type\":\"WebSite\",\"@id\":\"https:\/\/praelskincare.com\/#website\",\"url\":\"https:\/\/praelskincare.com\/\",\"name\":\"Prael\",\"description\":\"Luxury Collagen Skincare\",\"publisher\":{\"@id\":\"https:\/\/praelskincare.com\/#organization\"},\"potentialAction\":[{\"@type\":\"SearchAction\",\"target\":{\"@type\":\"EntryPoint\",\"urlTemplate\":\"https:\/\/praelskincare.com\/?s={search_term_string}\"},\"query-input\":{\"@type\":\"PropertyValueSpecification\",\"valueRequired\":true,\"valueName\":\"search_term_string\"}}],\"inLanguage\":\"pl-PL\"},{\"@type\":\"Organization\",\"@id\":\"https:\/\/praelskincare.com\/#organization\",\"name\":\"PRAEL\",\"url\":\"https:\/\/praelskincare.com\/\",\"logo\":{\"@type\":\"ImageObject\",\"inLanguage\":\"pl-PL\",\"@id\":\"https:\/\/praelskincare.com\/#\/schema\/logo\/image\/\",\"url\":\"https:\/\/praelskincare.com\/wp-content\/uploads\/2017\/05\/logo_prael.png\",\"contentUrl\":\"https:\/\/praelskincare.com\/wp-content\/uploads\/2017\/05\/logo_prael.png\",\"width\":88,\"height\":58,\"caption\":\"PRAEL\"},\"image\":{\"@id\":\"https:\/\/praelskincare.com\/#\/schema\/logo\/image\/\"}}]}<\/script>\n<!-- \/ Yoast SEO plugin. -->","yoast_head_json":{"title":"Gold Lifting Eye Serum - Prael","robots":{"index":"index","follow":"follow","max-snippet":"max-snippet:-1","max-image-preview":"max-image-preview:large","max-video-preview":"max-video-preview:-1"},"canonical":"https:\/\/praelskincare.com\/pl\/sklep\/gold-lifting-eye-serum\/","og_locale":"pl_PL","og_type":"article","og_title":"Gold Lifting Eye Serum - Prael","og_description":"Luksusowe liftinguj\u0105ce i przeciwzmarszczkowe serum pod oczy wzbogacone czystym z\u0142otem. G\u0142\u0119boko nawil\u017caj\u0105ce serum w postaci \u017celu do nawil\u017cenia sk\u00f3ry wok\u00f3\u0142 oczu, pozostawiaj\u0105c przyjemne uczucie komfortu. Zawiera naturalne ekstrakty z alg o wa\u017cnych w\u0142a\u015bciwo\u015bciach przeciwutleniaj\u0105cych oraz rewolucyjny peptyd wzmacniaj\u0105cy kolagen, kt\u00f3ry wzmacnia barier\u0119 ochronn\u0105 sk\u00f3ry oraz nadaje jej ton i j\u0119drno\u015b\u0107. Wyci\u0105g z br\u0105zowych wodorost\u00f3w poprawia [&hellip;]","og_url":"https:\/\/praelskincare.com\/pl\/sklep\/gold-lifting-eye-serum\/","og_site_name":"Prael","article_modified_time":"2019-12-03T19:40:15+00:00","og_image":[{"width":1280,"height":1280,"url":"https:\/\/praelskincare.com\/wp-content\/uploads\/2019\/11\/gold-lifting-eye-serum-1.jpg","type":"image\/jpeg"}],"twitter_card":"summary_large_image","twitter_misc":{"Szacowany czas czytania":"1 minuta"},"schema":{"@context":"https:\/\/schema.org","@graph":[{"@type":"WebPage","@id":"https:\/\/praelskincare.com\/pl\/sklep\/gold-lifting-eye-serum\/","url":"https:\/\/praelskincare.com\/pl\/sklep\/gold-lifting-eye-serum\/","name":"Gold Lifting Eye Serum - Prael","isPartOf":{"@id":"https:\/\/praelskincare.com\/#website"},"primaryImageOfPage":{"@id":"https:\/\/praelskincare.com\/pl\/sklep\/gold-lifting-eye-serum\/#primaryimage"},"image":{"@id":"https:\/\/praelskincare.com\/pl\/sklep\/gold-lifting-eye-serum\/#primaryimage"},"thumbnailUrl":"https:\/\/praelskincare.com\/wp-content\/uploads\/2019\/11\/gold-lifting-eye-serum-1.jpg","datePublished":"2019-11-13T13:20:17+00:00","dateModified":"2019-12-03T19:40:15+00:00","breadcrumb":{"@id":"https:\/\/praelskincare.com\/pl\/sklep\/gold-lifting-eye-serum\/#breadcrumb"},"inLanguage":"pl-PL","potentialAction":[{"@type":"ReadAction","target":["https:\/\/praelskincare.com\/pl\/sklep\/gold-lifting-eye-serum\/"]}]},{"@type":"ImageObject","inLanguage":"pl-PL","@id":"https:\/\/praelskincare.com\/pl\/sklep\/gold-lifting-eye-serum\/#primaryimage","url":"https:\/\/praelskincare.com\/wp-content\/uploads\/2019\/11\/gold-lifting-eye-serum-1.jpg","contentUrl":"https:\/\/praelskincare.com\/wp-content\/uploads\/2019\/11\/gold-lifting-eye-serum-1.jpg","width":1280,"height":1280,"caption":"Gold Lifting Eye Serum"},{"@type":"BreadcrumbList","@id":"https:\/\/praelskincare.com\/pl\/sklep\/gold-lifting-eye-serum\/#breadcrumb","itemListElement":[{"@type":"ListItem","position":1,"name":"Home","item":"https:\/\/praelskincare.com\/"},{"@type":"ListItem","position":2,"name":"Prael cosmetics","item":"https:\/\/praelskincare.com\/shop\/"},{"@type":"ListItem","position":3,"name":"Gold Lifting Eye Serum"}]},{"@type":"WebSite","@id":"https:\/\/praelskincare.com\/#website","url":"https:\/\/praelskincare.com\/","name":"Prael","description":"Luxury Collagen Skincare","publisher":{"@id":"https:\/\/praelskincare.com\/#organization"},"potentialAction":[{"@type":"SearchAction","target":{"@type":"EntryPoint","urlTemplate":"https:\/\/praelskincare.com\/?s={search_term_string}"},"query-input":{"@type":"PropertyValueSpecification","valueRequired":true,"valueName":"search_term_string"}}],"inLanguage":"pl-PL"},{"@type":"Organization","@id":"https:\/\/praelskincare.com\/#organization","name":"PRAEL","url":"https:\/\/praelskincare.com\/","logo":{"@type":"ImageObject","inLanguage":"pl-PL","@id":"https:\/\/praelskincare.com\/#\/schema\/logo\/image\/","url":"https:\/\/praelskincare.com\/wp-content\/uploads\/2017\/05\/logo_prael.png","contentUrl":"https:\/\/praelskincare.com\/wp-content\/uploads\/2017\/05\/logo_prael.png","width":88,"height":58,"caption":"PRAEL"},"image":{"@id":"https:\/\/praelskincare.com\/#\/schema\/logo\/image\/"}}]}},"_links":{"self":[{"href":"https:\/\/praelskincare.com\/pl\/wp-json\/wp\/v2\/product\/2336\/"}],"collection":[{"href":"https:\/\/praelskincare.com\/pl\/wp-json\/wp\/v2\/product\/"}],"about":[{"href":"https:\/\/praelskincare.com\/pl\/wp-json\/wp\/v2\/types\/product\/"}],"wp:featuredmedia":[{"embeddable":true,"href":"https:\/\/praelskincare.com\/pl\/wp-json\/wp\/v2\/media\/2456\/"}],"wp:attachment":[{"href":"https:\/\/praelskincare.com\/pl\/wp-json\/wp\/v2\/media\/?parent=2336"}],"wp:term":[{"taxonomy":"product_brand","embeddable":true,"href":"https:\/\/praelskincare.com\/pl\/wp-json\/wp\/v2\/product_brand\/?post=2336"},{"taxonomy":"product_cat","embeddable":true,"href":"https:\/\/praelskincare.com\/pl\/wp-json\/wp\/v2\/product_cat\/?post=2336"},{"taxonomy":"product_tag","embeddable":true,"href":"https:\/\/praelskincare.com\/pl\/wp-json\/wp\/v2\/product_tag\/?post=2336"}],"curies":[{"name":"wp","href":"https:\/\/api.w.org\/{rel}","templated":true}]}}