{"id":602,"date":"2017-09-27T14:58:51","date_gmt":"2017-09-27T14:58:51","guid":{"rendered":"https:\/\/praelskincare.local\/?post_type=product&#038;p=602"},"modified":"2019-10-31T09:27:32","modified_gmt":"2019-10-31T09:27:32","slug":"collagen-high-repair-serum","status":"publish","type":"product","link":"https:\/\/praelskincare.com\/pl\/sklep\/collagen-high-repair-serum\/","title":{"rendered":"Collagen High Repair Serum"},"content":{"rendered":"<p><strong>Serum Kolagenowe ze \u015aluzem \u015alimaka<\/strong> \u0142\u0105czy w sobie Aktywny Kolagen Morski oraz drogocenny \u015bluz ze \u015blimaka. Kolagen jako \u017ar\u00f3d\u0142o m\u0142odo\u015bci dla sk\u00f3ry odpowiednio j\u0105 nawil\u017ca i hamuje procesy starzenia. \u015aluz ze \u015blimaka w naturalny spos\u00f3b pobudza kom\u00f3rki sk\u00f3ry do odnowy i naprawy, dzia\u0142aj\u0105c r\u00f3wnocze\u015bnie koj\u0105co i przeciwzapalnie. Twoje cera odzyskuje g\u0142adko\u015b\u0107 i spr\u0119\u017cysto\u015b\u0107.<\/p>\n","protected":false},"excerpt":{"rendered":"<p>Serum Kolagenowe ze \u015aluzem \u015alimaka \u0142\u0105czy w sobie Aktywny Kolagen Morski oraz drogocenny \u015bluz ze \u015blimaka. Kolagen jako \u017ar\u00f3d\u0142o m\u0142odo\u015bci dla sk\u00f3ry odpowiednio j\u0105 nawil\u017ca i hamuje procesy starzenia. \u015aluz ze \u015blimaka w naturalny spos\u00f3b pobudza kom\u00f3rki sk\u00f3ry do odnowy i naprawy, dzia\u0142aj\u0105c r\u00f3wnocze\u015bnie koj\u0105co i przeciwzapalnie. Twoje cera odzyskuje g\u0142adko\u015b\u0107 i spr\u0119\u017cysto\u015b\u0107.<\/p>\n","protected":false},"featured_media":631,"template":"","meta":{"inline_featured_image":false},"product_brand":[],"product_cat":[38],"product_tag":[39,58],"class_list":{"0":"post-602","1":"product","2":"type-product","3":"status-publish","4":"has-post-thumbnail","6":"product_cat-serum-regenerujace","7":"product_tag-active-marine-collagen","8":"product_tag-snail-secretion","10":"first","11":"outofstock","12":"taxable","13":"shipping-taxable","14":"purchasable","15":"product-type-simple"},"yoast_head":"<!-- This site is optimized with the Yoast SEO plugin v25.4 - https:\/\/yoast.com\/wordpress\/plugins\/seo\/ -->\n<title>Collagen High Repair Serum - Prael<\/title>\n<meta name=\"robots\" content=\"index, follow, max-snippet:-1, max-image-preview:large, max-video-preview:-1\" \/>\n<link rel=\"canonical\" href=\"https:\/\/praelskincare.com\/pl\/sklep\/collagen-high-repair-serum\/\" \/>\n<meta property=\"og:locale\" content=\"pl_PL\" \/>\n<meta property=\"og:type\" content=\"article\" \/>\n<meta property=\"og:title\" content=\"Collagen High Repair Serum - Prael\" \/>\n<meta property=\"og:description\" content=\"Serum Kolagenowe ze \u015aluzem \u015alimaka \u0142\u0105czy w sobie Aktywny Kolagen Morski oraz drogocenny \u015bluz ze \u015blimaka. Kolagen jako \u017ar\u00f3d\u0142o m\u0142odo\u015bci dla sk\u00f3ry odpowiednio j\u0105 nawil\u017ca i hamuje procesy starzenia. \u015aluz ze \u015blimaka w naturalny spos\u00f3b pobudza kom\u00f3rki sk\u00f3ry do odnowy i naprawy, dzia\u0142aj\u0105c r\u00f3wnocze\u015bnie koj\u0105co i przeciwzapalnie. Twoje cera odzyskuje g\u0142adko\u015b\u0107 i spr\u0119\u017cysto\u015b\u0107.\" \/>\n<meta property=\"og:url\" content=\"https:\/\/praelskincare.com\/pl\/sklep\/collagen-high-repair-serum\/\" \/>\n<meta property=\"og:site_name\" content=\"Prael\" \/>\n<meta property=\"article:modified_time\" content=\"2019-10-31T09:27:32+00:00\" \/>\n<meta property=\"og:image\" content=\"https:\/\/praelskincare.com\/wp-content\/uploads\/2017\/10\/collagen-high-repair-serum-thumbnail.png\" \/>\n\t<meta property=\"og:image:width\" content=\"1280\" \/>\n\t<meta property=\"og:image:height\" content=\"1280\" \/>\n\t<meta property=\"og:image:type\" content=\"image\/png\" \/>\n<meta name=\"twitter:card\" content=\"summary_large_image\" \/>\n<script type=\"application\/ld+json\" class=\"yoast-schema-graph\">{\"@context\":\"https:\/\/schema.org\",\"@graph\":[{\"@type\":\"WebPage\",\"@id\":\"https:\/\/praelskincare.com\/pl\/sklep\/collagen-high-repair-serum\/\",\"url\":\"https:\/\/praelskincare.com\/pl\/sklep\/collagen-high-repair-serum\/\",\"name\":\"Collagen High Repair Serum - Prael\",\"isPartOf\":{\"@id\":\"https:\/\/praelskincare.com\/#website\"},\"primaryImageOfPage\":{\"@id\":\"https:\/\/praelskincare.com\/pl\/sklep\/collagen-high-repair-serum\/#primaryimage\"},\"image\":{\"@id\":\"https:\/\/praelskincare.com\/pl\/sklep\/collagen-high-repair-serum\/#primaryimage\"},\"thumbnailUrl\":\"https:\/\/praelskincare.com\/wp-content\/uploads\/2017\/10\/collagen-high-repair-serum-thumbnail.png\",\"datePublished\":\"2017-09-27T14:58:51+00:00\",\"dateModified\":\"2019-10-31T09:27:32+00:00\",\"breadcrumb\":{\"@id\":\"https:\/\/praelskincare.com\/pl\/sklep\/collagen-high-repair-serum\/#breadcrumb\"},\"inLanguage\":\"pl-PL\",\"potentialAction\":[{\"@type\":\"ReadAction\",\"target\":[\"https:\/\/praelskincare.com\/pl\/sklep\/collagen-high-repair-serum\/\"]}]},{\"@type\":\"ImageObject\",\"inLanguage\":\"pl-PL\",\"@id\":\"https:\/\/praelskincare.com\/pl\/sklep\/collagen-high-repair-serum\/#primaryimage\",\"url\":\"https:\/\/praelskincare.com\/wp-content\/uploads\/2017\/10\/collagen-high-repair-serum-thumbnail.png\",\"contentUrl\":\"https:\/\/praelskincare.com\/wp-content\/uploads\/2017\/10\/collagen-high-repair-serum-thumbnail.png\",\"width\":1280,\"height\":1280},{\"@type\":\"BreadcrumbList\",\"@id\":\"https:\/\/praelskincare.com\/pl\/sklep\/collagen-high-repair-serum\/#breadcrumb\",\"itemListElement\":[{\"@type\":\"ListItem\",\"position\":1,\"name\":\"Home\",\"item\":\"https:\/\/praelskincare.com\/\"},{\"@type\":\"ListItem\",\"position\":2,\"name\":\"Prael cosmetics\",\"item\":\"https:\/\/praelskincare.com\/shop\/\"},{\"@type\":\"ListItem\",\"position\":3,\"name\":\"Collagen High Repair Serum\"}]},{\"@type\":\"WebSite\",\"@id\":\"https:\/\/praelskincare.com\/#website\",\"url\":\"https:\/\/praelskincare.com\/\",\"name\":\"Prael\",\"description\":\"Luxury Collagen Skincare\",\"publisher\":{\"@id\":\"https:\/\/praelskincare.com\/#organization\"},\"potentialAction\":[{\"@type\":\"SearchAction\",\"target\":{\"@type\":\"EntryPoint\",\"urlTemplate\":\"https:\/\/praelskincare.com\/?s={search_term_string}\"},\"query-input\":{\"@type\":\"PropertyValueSpecification\",\"valueRequired\":true,\"valueName\":\"search_term_string\"}}],\"inLanguage\":\"pl-PL\"},{\"@type\":\"Organization\",\"@id\":\"https:\/\/praelskincare.com\/#organization\",\"name\":\"PRAEL\",\"url\":\"https:\/\/praelskincare.com\/\",\"logo\":{\"@type\":\"ImageObject\",\"inLanguage\":\"pl-PL\",\"@id\":\"https:\/\/praelskincare.com\/#\/schema\/logo\/image\/\",\"url\":\"https:\/\/praelskincare.com\/wp-content\/uploads\/2017\/05\/logo_prael.png\",\"contentUrl\":\"https:\/\/praelskincare.com\/wp-content\/uploads\/2017\/05\/logo_prael.png\",\"width\":88,\"height\":58,\"caption\":\"PRAEL\"},\"image\":{\"@id\":\"https:\/\/praelskincare.com\/#\/schema\/logo\/image\/\"}}]}<\/script>\n<!-- \/ Yoast SEO plugin. -->","yoast_head_json":{"title":"Collagen High Repair Serum - Prael","robots":{"index":"index","follow":"follow","max-snippet":"max-snippet:-1","max-image-preview":"max-image-preview:large","max-video-preview":"max-video-preview:-1"},"canonical":"https:\/\/praelskincare.com\/pl\/sklep\/collagen-high-repair-serum\/","og_locale":"pl_PL","og_type":"article","og_title":"Collagen High Repair Serum - Prael","og_description":"Serum Kolagenowe ze \u015aluzem \u015alimaka \u0142\u0105czy w sobie Aktywny Kolagen Morski oraz drogocenny \u015bluz ze \u015blimaka. Kolagen jako \u017ar\u00f3d\u0142o m\u0142odo\u015bci dla sk\u00f3ry odpowiednio j\u0105 nawil\u017ca i hamuje procesy starzenia. \u015aluz ze \u015blimaka w naturalny spos\u00f3b pobudza kom\u00f3rki sk\u00f3ry do odnowy i naprawy, dzia\u0142aj\u0105c r\u00f3wnocze\u015bnie koj\u0105co i przeciwzapalnie. Twoje cera odzyskuje g\u0142adko\u015b\u0107 i spr\u0119\u017cysto\u015b\u0107.","og_url":"https:\/\/praelskincare.com\/pl\/sklep\/collagen-high-repair-serum\/","og_site_name":"Prael","article_modified_time":"2019-10-31T09:27:32+00:00","og_image":[{"width":1280,"height":1280,"url":"https:\/\/praelskincare.com\/wp-content\/uploads\/2017\/10\/collagen-high-repair-serum-thumbnail.png","type":"image\/png"}],"twitter_card":"summary_large_image","schema":{"@context":"https:\/\/schema.org","@graph":[{"@type":"WebPage","@id":"https:\/\/praelskincare.com\/pl\/sklep\/collagen-high-repair-serum\/","url":"https:\/\/praelskincare.com\/pl\/sklep\/collagen-high-repair-serum\/","name":"Collagen High Repair Serum - Prael","isPartOf":{"@id":"https:\/\/praelskincare.com\/#website"},"primaryImageOfPage":{"@id":"https:\/\/praelskincare.com\/pl\/sklep\/collagen-high-repair-serum\/#primaryimage"},"image":{"@id":"https:\/\/praelskincare.com\/pl\/sklep\/collagen-high-repair-serum\/#primaryimage"},"thumbnailUrl":"https:\/\/praelskincare.com\/wp-content\/uploads\/2017\/10\/collagen-high-repair-serum-thumbnail.png","datePublished":"2017-09-27T14:58:51+00:00","dateModified":"2019-10-31T09:27:32+00:00","breadcrumb":{"@id":"https:\/\/praelskincare.com\/pl\/sklep\/collagen-high-repair-serum\/#breadcrumb"},"inLanguage":"pl-PL","potentialAction":[{"@type":"ReadAction","target":["https:\/\/praelskincare.com\/pl\/sklep\/collagen-high-repair-serum\/"]}]},{"@type":"ImageObject","inLanguage":"pl-PL","@id":"https:\/\/praelskincare.com\/pl\/sklep\/collagen-high-repair-serum\/#primaryimage","url":"https:\/\/praelskincare.com\/wp-content\/uploads\/2017\/10\/collagen-high-repair-serum-thumbnail.png","contentUrl":"https:\/\/praelskincare.com\/wp-content\/uploads\/2017\/10\/collagen-high-repair-serum-thumbnail.png","width":1280,"height":1280},{"@type":"BreadcrumbList","@id":"https:\/\/praelskincare.com\/pl\/sklep\/collagen-high-repair-serum\/#breadcrumb","itemListElement":[{"@type":"ListItem","position":1,"name":"Home","item":"https:\/\/praelskincare.com\/"},{"@type":"ListItem","position":2,"name":"Prael cosmetics","item":"https:\/\/praelskincare.com\/shop\/"},{"@type":"ListItem","position":3,"name":"Collagen High Repair Serum"}]},{"@type":"WebSite","@id":"https:\/\/praelskincare.com\/#website","url":"https:\/\/praelskincare.com\/","name":"Prael","description":"Luxury Collagen Skincare","publisher":{"@id":"https:\/\/praelskincare.com\/#organization"},"potentialAction":[{"@type":"SearchAction","target":{"@type":"EntryPoint","urlTemplate":"https:\/\/praelskincare.com\/?s={search_term_string}"},"query-input":{"@type":"PropertyValueSpecification","valueRequired":true,"valueName":"search_term_string"}}],"inLanguage":"pl-PL"},{"@type":"Organization","@id":"https:\/\/praelskincare.com\/#organization","name":"PRAEL","url":"https:\/\/praelskincare.com\/","logo":{"@type":"ImageObject","inLanguage":"pl-PL","@id":"https:\/\/praelskincare.com\/#\/schema\/logo\/image\/","url":"https:\/\/praelskincare.com\/wp-content\/uploads\/2017\/05\/logo_prael.png","contentUrl":"https:\/\/praelskincare.com\/wp-content\/uploads\/2017\/05\/logo_prael.png","width":88,"height":58,"caption":"PRAEL"},"image":{"@id":"https:\/\/praelskincare.com\/#\/schema\/logo\/image\/"}}]}},"_links":{"self":[{"href":"https:\/\/praelskincare.com\/pl\/wp-json\/wp\/v2\/product\/602\/"}],"collection":[{"href":"https:\/\/praelskincare.com\/pl\/wp-json\/wp\/v2\/product\/"}],"about":[{"href":"https:\/\/praelskincare.com\/pl\/wp-json\/wp\/v2\/types\/product\/"}],"wp:featuredmedia":[{"embeddable":true,"href":"https:\/\/praelskincare.com\/pl\/wp-json\/wp\/v2\/media\/631\/"}],"wp:attachment":[{"href":"https:\/\/praelskincare.com\/pl\/wp-json\/wp\/v2\/media\/?parent=602"}],"wp:term":[{"taxonomy":"product_brand","embeddable":true,"href":"https:\/\/praelskincare.com\/pl\/wp-json\/wp\/v2\/product_brand\/?post=602"},{"taxonomy":"product_cat","embeddable":true,"href":"https:\/\/praelskincare.com\/pl\/wp-json\/wp\/v2\/product_cat\/?post=602"},{"taxonomy":"product_tag","embeddable":true,"href":"https:\/\/praelskincare.com\/pl\/wp-json\/wp\/v2\/product_tag\/?post=602"}],"curies":[{"name":"wp","href":"https:\/\/api.w.org\/{rel}","templated":true}]}}