{"id":607,"date":"2017-09-28T22:00:25","date_gmt":"2017-09-28T22:00:25","guid":{"rendered":"https:\/\/praelskincare.local\/?post_type=product&#038;p=607"},"modified":"2019-10-31T09:26:50","modified_gmt":"2019-10-31T09:26:50","slug":"revitalising-night-solution","status":"publish","type":"product","link":"https:\/\/praelskincare.com\/pl\/sklep\/revitalising-night-solution\/","title":{"rendered":"Revitalising Night Solution"},"content":{"rendered":"<p><strong>Od\u017cywczy Krem na noc<\/strong>, kt\u00f3ry zawiera bogat\u0105 w bioaktywne elementy naturaln\u0105 bajkalin\u0119, charakteryzuj\u0105c\u0105 si\u0119 silnym dzia\u0142aniem przeciwutleniaj\u0105cym. Przywraca r\u00f3wnowag\u0119 sk\u00f3ry i spowalnia procesy up\u0142ywu czasu. \u00a0Naturalne ekstrakty z aloesu i owoc\u00f3w granata pobudzaj\u0105 procesy ochronne sk\u00f3ry i pomagaj\u0105 odzyska\u0107 po\u017c\u0105dan\u0105 j\u0119drno\u015b\u0107. Rekomendowany dla sk\u00f3ry wra\u017cliwej i podatnej na podra\u017cnienia.<\/p>\n","protected":false},"excerpt":{"rendered":"<p>Od\u017cywczy Krem na noc, kt\u00f3ry zawiera bogat\u0105 w bioaktywne elementy naturaln\u0105 bajkalin\u0119, charakteryzuj\u0105c\u0105 si\u0119 silnym dzia\u0142aniem przeciwutleniaj\u0105cym. Przywraca r\u00f3wnowag\u0119 sk\u00f3ry i spowalnia procesy up\u0142ywu czasu. \u00a0Naturalne ekstrakty z aloesu i owoc\u00f3w granata pobudzaj\u0105 procesy ochronne sk\u00f3ry i pomagaj\u0105 odzyska\u0107 po\u017c\u0105dan\u0105 j\u0119drno\u015b\u0107. Rekomendowany dla sk\u00f3ry wra\u017cliwej i podatnej na podra\u017cnienia.<\/p>\n","protected":false},"featured_media":657,"template":"","meta":{"inline_featured_image":false},"product_brand":[],"product_cat":[60],"product_tag":[52,51,53],"class_list":{"0":"post-607","1":"product","2":"type-product","3":"status-publish","4":"has-post-thumbnail","6":"product_cat-kremy","7":"product_tag-aloe-vera","8":"product_tag-baicalin","9":"product_tag-pomegranate","11":"first","12":"outofstock","13":"taxable","14":"shipping-taxable","15":"purchasable","16":"product-type-simple"},"yoast_head":"<!-- This site is optimized with the Yoast SEO plugin v25.4 - https:\/\/yoast.com\/wordpress\/plugins\/seo\/ -->\n<title>Revitalising Night Solution - Prael<\/title>\n<meta name=\"robots\" content=\"index, follow, max-snippet:-1, max-image-preview:large, max-video-preview:-1\" \/>\n<link rel=\"canonical\" href=\"https:\/\/praelskincare.com\/pl\/sklep\/revitalising-night-solution\/\" \/>\n<meta property=\"og:locale\" content=\"pl_PL\" \/>\n<meta property=\"og:type\" content=\"article\" \/>\n<meta property=\"og:title\" content=\"Revitalising Night Solution - Prael\" \/>\n<meta property=\"og:description\" content=\"Od\u017cywczy Krem na noc, kt\u00f3ry zawiera bogat\u0105 w bioaktywne elementy naturaln\u0105 bajkalin\u0119, charakteryzuj\u0105c\u0105 si\u0119 silnym dzia\u0142aniem przeciwutleniaj\u0105cym. Przywraca r\u00f3wnowag\u0119 sk\u00f3ry i spowalnia procesy up\u0142ywu czasu. \u00a0Naturalne ekstrakty z aloesu i owoc\u00f3w granata pobudzaj\u0105 procesy ochronne sk\u00f3ry i pomagaj\u0105 odzyska\u0107 po\u017c\u0105dan\u0105 j\u0119drno\u015b\u0107. Rekomendowany dla sk\u00f3ry wra\u017cliwej i podatnej na podra\u017cnienia.\" \/>\n<meta property=\"og:url\" content=\"https:\/\/praelskincare.com\/pl\/sklep\/revitalising-night-solution\/\" \/>\n<meta property=\"og:site_name\" content=\"Prael\" \/>\n<meta property=\"article:modified_time\" content=\"2019-10-31T09:26:50+00:00\" \/>\n<meta property=\"og:image\" content=\"https:\/\/praelskincare.com\/wp-content\/uploads\/2017\/10\/revitalising-night-solution-thumbnail.png\" \/>\n\t<meta property=\"og:image:width\" content=\"1280\" \/>\n\t<meta property=\"og:image:height\" content=\"1280\" \/>\n\t<meta property=\"og:image:type\" content=\"image\/png\" \/>\n<meta name=\"twitter:card\" content=\"summary_large_image\" \/>\n<script type=\"application\/ld+json\" class=\"yoast-schema-graph\">{\"@context\":\"https:\/\/schema.org\",\"@graph\":[{\"@type\":\"WebPage\",\"@id\":\"https:\/\/praelskincare.com\/pl\/sklep\/revitalising-night-solution\/\",\"url\":\"https:\/\/praelskincare.com\/pl\/sklep\/revitalising-night-solution\/\",\"name\":\"Revitalising Night Solution - Prael\",\"isPartOf\":{\"@id\":\"https:\/\/praelskincare.com\/#website\"},\"primaryImageOfPage\":{\"@id\":\"https:\/\/praelskincare.com\/pl\/sklep\/revitalising-night-solution\/#primaryimage\"},\"image\":{\"@id\":\"https:\/\/praelskincare.com\/pl\/sklep\/revitalising-night-solution\/#primaryimage\"},\"thumbnailUrl\":\"https:\/\/praelskincare.com\/wp-content\/uploads\/2017\/10\/revitalising-night-solution-thumbnail.png\",\"datePublished\":\"2017-09-28T22:00:25+00:00\",\"dateModified\":\"2019-10-31T09:26:50+00:00\",\"breadcrumb\":{\"@id\":\"https:\/\/praelskincare.com\/pl\/sklep\/revitalising-night-solution\/#breadcrumb\"},\"inLanguage\":\"pl-PL\",\"potentialAction\":[{\"@type\":\"ReadAction\",\"target\":[\"https:\/\/praelskincare.com\/pl\/sklep\/revitalising-night-solution\/\"]}]},{\"@type\":\"ImageObject\",\"inLanguage\":\"pl-PL\",\"@id\":\"https:\/\/praelskincare.com\/pl\/sklep\/revitalising-night-solution\/#primaryimage\",\"url\":\"https:\/\/praelskincare.com\/wp-content\/uploads\/2017\/10\/revitalising-night-solution-thumbnail.png\",\"contentUrl\":\"https:\/\/praelskincare.com\/wp-content\/uploads\/2017\/10\/revitalising-night-solution-thumbnail.png\",\"width\":1280,\"height\":1280},{\"@type\":\"BreadcrumbList\",\"@id\":\"https:\/\/praelskincare.com\/pl\/sklep\/revitalising-night-solution\/#breadcrumb\",\"itemListElement\":[{\"@type\":\"ListItem\",\"position\":1,\"name\":\"Home\",\"item\":\"https:\/\/praelskincare.com\/\"},{\"@type\":\"ListItem\",\"position\":2,\"name\":\"Prael cosmetics\",\"item\":\"https:\/\/praelskincare.com\/shop\/\"},{\"@type\":\"ListItem\",\"position\":3,\"name\":\"Revitalising Night Solution\"}]},{\"@type\":\"WebSite\",\"@id\":\"https:\/\/praelskincare.com\/#website\",\"url\":\"https:\/\/praelskincare.com\/\",\"name\":\"Prael\",\"description\":\"Luxury Collagen Skincare\",\"publisher\":{\"@id\":\"https:\/\/praelskincare.com\/#organization\"},\"potentialAction\":[{\"@type\":\"SearchAction\",\"target\":{\"@type\":\"EntryPoint\",\"urlTemplate\":\"https:\/\/praelskincare.com\/?s={search_term_string}\"},\"query-input\":{\"@type\":\"PropertyValueSpecification\",\"valueRequired\":true,\"valueName\":\"search_term_string\"}}],\"inLanguage\":\"pl-PL\"},{\"@type\":\"Organization\",\"@id\":\"https:\/\/praelskincare.com\/#organization\",\"name\":\"PRAEL\",\"url\":\"https:\/\/praelskincare.com\/\",\"logo\":{\"@type\":\"ImageObject\",\"inLanguage\":\"pl-PL\",\"@id\":\"https:\/\/praelskincare.com\/#\/schema\/logo\/image\/\",\"url\":\"https:\/\/praelskincare.com\/wp-content\/uploads\/2017\/05\/logo_prael.png\",\"contentUrl\":\"https:\/\/praelskincare.com\/wp-content\/uploads\/2017\/05\/logo_prael.png\",\"width\":88,\"height\":58,\"caption\":\"PRAEL\"},\"image\":{\"@id\":\"https:\/\/praelskincare.com\/#\/schema\/logo\/image\/\"}}]}<\/script>\n<!-- \/ Yoast SEO plugin. -->","yoast_head_json":{"title":"Revitalising Night Solution - Prael","robots":{"index":"index","follow":"follow","max-snippet":"max-snippet:-1","max-image-preview":"max-image-preview:large","max-video-preview":"max-video-preview:-1"},"canonical":"https:\/\/praelskincare.com\/pl\/sklep\/revitalising-night-solution\/","og_locale":"pl_PL","og_type":"article","og_title":"Revitalising Night Solution - Prael","og_description":"Od\u017cywczy Krem na noc, kt\u00f3ry zawiera bogat\u0105 w bioaktywne elementy naturaln\u0105 bajkalin\u0119, charakteryzuj\u0105c\u0105 si\u0119 silnym dzia\u0142aniem przeciwutleniaj\u0105cym. Przywraca r\u00f3wnowag\u0119 sk\u00f3ry i spowalnia procesy up\u0142ywu czasu. \u00a0Naturalne ekstrakty z aloesu i owoc\u00f3w granata pobudzaj\u0105 procesy ochronne sk\u00f3ry i pomagaj\u0105 odzyska\u0107 po\u017c\u0105dan\u0105 j\u0119drno\u015b\u0107. Rekomendowany dla sk\u00f3ry wra\u017cliwej i podatnej na podra\u017cnienia.","og_url":"https:\/\/praelskincare.com\/pl\/sklep\/revitalising-night-solution\/","og_site_name":"Prael","article_modified_time":"2019-10-31T09:26:50+00:00","og_image":[{"width":1280,"height":1280,"url":"https:\/\/praelskincare.com\/wp-content\/uploads\/2017\/10\/revitalising-night-solution-thumbnail.png","type":"image\/png"}],"twitter_card":"summary_large_image","schema":{"@context":"https:\/\/schema.org","@graph":[{"@type":"WebPage","@id":"https:\/\/praelskincare.com\/pl\/sklep\/revitalising-night-solution\/","url":"https:\/\/praelskincare.com\/pl\/sklep\/revitalising-night-solution\/","name":"Revitalising Night Solution - Prael","isPartOf":{"@id":"https:\/\/praelskincare.com\/#website"},"primaryImageOfPage":{"@id":"https:\/\/praelskincare.com\/pl\/sklep\/revitalising-night-solution\/#primaryimage"},"image":{"@id":"https:\/\/praelskincare.com\/pl\/sklep\/revitalising-night-solution\/#primaryimage"},"thumbnailUrl":"https:\/\/praelskincare.com\/wp-content\/uploads\/2017\/10\/revitalising-night-solution-thumbnail.png","datePublished":"2017-09-28T22:00:25+00:00","dateModified":"2019-10-31T09:26:50+00:00","breadcrumb":{"@id":"https:\/\/praelskincare.com\/pl\/sklep\/revitalising-night-solution\/#breadcrumb"},"inLanguage":"pl-PL","potentialAction":[{"@type":"ReadAction","target":["https:\/\/praelskincare.com\/pl\/sklep\/revitalising-night-solution\/"]}]},{"@type":"ImageObject","inLanguage":"pl-PL","@id":"https:\/\/praelskincare.com\/pl\/sklep\/revitalising-night-solution\/#primaryimage","url":"https:\/\/praelskincare.com\/wp-content\/uploads\/2017\/10\/revitalising-night-solution-thumbnail.png","contentUrl":"https:\/\/praelskincare.com\/wp-content\/uploads\/2017\/10\/revitalising-night-solution-thumbnail.png","width":1280,"height":1280},{"@type":"BreadcrumbList","@id":"https:\/\/praelskincare.com\/pl\/sklep\/revitalising-night-solution\/#breadcrumb","itemListElement":[{"@type":"ListItem","position":1,"name":"Home","item":"https:\/\/praelskincare.com\/"},{"@type":"ListItem","position":2,"name":"Prael cosmetics","item":"https:\/\/praelskincare.com\/shop\/"},{"@type":"ListItem","position":3,"name":"Revitalising Night Solution"}]},{"@type":"WebSite","@id":"https:\/\/praelskincare.com\/#website","url":"https:\/\/praelskincare.com\/","name":"Prael","description":"Luxury Collagen Skincare","publisher":{"@id":"https:\/\/praelskincare.com\/#organization"},"potentialAction":[{"@type":"SearchAction","target":{"@type":"EntryPoint","urlTemplate":"https:\/\/praelskincare.com\/?s={search_term_string}"},"query-input":{"@type":"PropertyValueSpecification","valueRequired":true,"valueName":"search_term_string"}}],"inLanguage":"pl-PL"},{"@type":"Organization","@id":"https:\/\/praelskincare.com\/#organization","name":"PRAEL","url":"https:\/\/praelskincare.com\/","logo":{"@type":"ImageObject","inLanguage":"pl-PL","@id":"https:\/\/praelskincare.com\/#\/schema\/logo\/image\/","url":"https:\/\/praelskincare.com\/wp-content\/uploads\/2017\/05\/logo_prael.png","contentUrl":"https:\/\/praelskincare.com\/wp-content\/uploads\/2017\/05\/logo_prael.png","width":88,"height":58,"caption":"PRAEL"},"image":{"@id":"https:\/\/praelskincare.com\/#\/schema\/logo\/image\/"}}]}},"_links":{"self":[{"href":"https:\/\/praelskincare.com\/pl\/wp-json\/wp\/v2\/product\/607\/"}],"collection":[{"href":"https:\/\/praelskincare.com\/pl\/wp-json\/wp\/v2\/product\/"}],"about":[{"href":"https:\/\/praelskincare.com\/pl\/wp-json\/wp\/v2\/types\/product\/"}],"wp:featuredmedia":[{"embeddable":true,"href":"https:\/\/praelskincare.com\/pl\/wp-json\/wp\/v2\/media\/657\/"}],"wp:attachment":[{"href":"https:\/\/praelskincare.com\/pl\/wp-json\/wp\/v2\/media\/?parent=607"}],"wp:term":[{"taxonomy":"product_brand","embeddable":true,"href":"https:\/\/praelskincare.com\/pl\/wp-json\/wp\/v2\/product_brand\/?post=607"},{"taxonomy":"product_cat","embeddable":true,"href":"https:\/\/praelskincare.com\/pl\/wp-json\/wp\/v2\/product_cat\/?post=607"},{"taxonomy":"product_tag","embeddable":true,"href":"https:\/\/praelskincare.com\/pl\/wp-json\/wp\/v2\/product_tag\/?post=607"}],"curies":[{"name":"wp","href":"https:\/\/api.w.org\/{rel}","templated":true}]}}