{"id":611,"date":"2017-09-28T22:04:06","date_gmt":"2017-09-28T22:04:06","guid":{"rendered":"http:\/\/praelskincare.localdev\/?post_type=product&#038;p=611"},"modified":"2018-03-14T16:24:16","modified_gmt":"2018-03-14T16:24:16","slug":"flash-moisture-mist","status":"publish","type":"product","link":"https:\/\/praelskincare.com\/pl\/sklep\/flash-moisture-mist\/","title":{"rendered":"Flash Moisture Mist"},"content":{"rendered":"<p><strong>Nawil\u017caj\u0105ca Mgie\u0142ka do Piel\u0119gnacji Twarzy<\/strong> &#8211; niezast\u0105piona i jedyna w swoim rodzaju. Zawarty w mgie\u0142ce cynk ma w\u0142a\u015bciwo\u015bci goj\u0105ce i wp\u0142ywa na procesy odnowy sk\u00f3ry. Chitozan tworzy niewidzialn\u0105 barier\u0119 przed zanieczyszczeniami z powietrza. Dzi\u0119ki lekkiej, pozbawionej olejk\u00f3w formule, mgie\u0142ka daje uczucie \u015bwie\u017co\u015bci i komfortu. Nadaje si\u0119 do zastosowania dla wszystkich rodzaj\u00f3w sk\u00f3ry, tak\u017ce w kuracji tr\u0105dzikowej.<\/p>\n","protected":false},"excerpt":{"rendered":"<p>Nawil\u017caj\u0105ca Mgie\u0142ka do Piel\u0119gnacji Twarzy &#8211; niezast\u0105piona i jedyna w swoim rodzaju. Zawarty w mgie\u0142ce cynk ma w\u0142a\u015bciwo\u015bci goj\u0105ce i wp\u0142ywa na procesy odnowy sk\u00f3ry. Chitozan tworzy niewidzialn\u0105 barier\u0119 przed zanieczyszczeniami z powietrza. Dzi\u0119ki lekkiej, pozbawionej olejk\u00f3w formule, mgie\u0142ka daje uczucie \u015bwie\u017co\u015bci i komfortu. Nadaje si\u0119 do zastosowania dla wszystkich rodzaj\u00f3w sk\u00f3ry, tak\u017ce w kuracji [&hellip;]<\/p>\n","protected":false},"featured_media":1786,"template":"","meta":{"inline_featured_image":false},"product_brand":[],"product_cat":[61],"product_tag":[43,41,42],"class_list":{"0":"post-611","1":"product","2":"type-product","3":"status-publish","4":"has-post-thumbnail","6":"product_cat-oczyszczanie","7":"product_tag-chitosan","8":"product_tag-panthenol","9":"product_tag-spring-water","11":"first","12":"instock","13":"taxable","14":"shipping-taxable","15":"purchasable","16":"product-type-simple"},"yoast_head":"<!-- This site is optimized with the Yoast SEO plugin v25.4 - https:\/\/yoast.com\/wordpress\/plugins\/seo\/ -->\n<title>Flash Moisture Mist - Prael<\/title>\n<meta name=\"robots\" content=\"index, follow, max-snippet:-1, max-image-preview:large, max-video-preview:-1\" \/>\n<link rel=\"canonical\" href=\"https:\/\/praelskincare.com\/pl\/shop\/flash-moisture-mist\/\" \/>\n<meta property=\"og:locale\" content=\"pl_PL\" \/>\n<meta property=\"og:type\" content=\"article\" \/>\n<meta property=\"og:title\" content=\"Flash Moisture Mist - Prael\" \/>\n<meta property=\"og:description\" content=\"Nawil\u017caj\u0105ca Mgie\u0142ka do Piel\u0119gnacji Twarzy &#8211; niezast\u0105piona i jedyna w swoim rodzaju. Zawarty w mgie\u0142ce cynk ma w\u0142a\u015bciwo\u015bci goj\u0105ce i wp\u0142ywa na procesy odnowy sk\u00f3ry. Chitozan tworzy niewidzialn\u0105 barier\u0119 przed zanieczyszczeniami z powietrza. Dzi\u0119ki lekkiej, pozbawionej olejk\u00f3w formule, mgie\u0142ka daje uczucie \u015bwie\u017co\u015bci i komfortu. Nadaje si\u0119 do zastosowania dla wszystkich rodzaj\u00f3w sk\u00f3ry, tak\u017ce w kuracji [&hellip;]\" \/>\n<meta property=\"og:url\" content=\"https:\/\/praelskincare.com\/shop\/flash-moisture-mist\/\" \/>\n<meta property=\"og:site_name\" content=\"Prael\" \/>\n<meta property=\"article:modified_time\" content=\"2018-03-14T16:24:16+00:00\" \/>\n<meta property=\"og:image\" content=\"https:\/\/praelskincare.com\/wp-content\/uploads\/2018\/03\/flash-moisture-mist-5.png\" \/>\n\t<meta property=\"og:image:width\" content=\"1280\" \/>\n\t<meta property=\"og:image:height\" content=\"1280\" \/>\n\t<meta property=\"og:image:type\" content=\"image\/png\" \/>\n<meta name=\"twitter:card\" content=\"summary_large_image\" \/>\n<script type=\"application\/ld+json\" class=\"yoast-schema-graph\">{\"@context\":\"https:\/\/schema.org\",\"@graph\":[{\"@type\":\"WebPage\",\"@id\":\"https:\/\/praelskincare.com\/shop\/flash-moisture-mist\/\",\"url\":\"https:\/\/praelskincare.com\/shop\/flash-moisture-mist\/\",\"name\":\"Flash Moisture Mist - Prael\",\"isPartOf\":{\"@id\":\"https:\/\/praelskincare.com\/#website\"},\"primaryImageOfPage\":{\"@id\":\"https:\/\/praelskincare.com\/shop\/flash-moisture-mist\/#primaryimage\"},\"image\":{\"@id\":\"https:\/\/praelskincare.com\/shop\/flash-moisture-mist\/#primaryimage\"},\"thumbnailUrl\":\"https:\/\/praelskincare.com\/wp-content\/uploads\/2018\/03\/flash-moisture-mist-5.png\",\"datePublished\":\"2017-09-28T22:04:06+00:00\",\"dateModified\":\"2018-03-14T16:24:16+00:00\",\"breadcrumb\":{\"@id\":\"https:\/\/praelskincare.com\/shop\/flash-moisture-mist\/#breadcrumb\"},\"inLanguage\":\"pl-PL\",\"potentialAction\":[{\"@type\":\"ReadAction\",\"target\":[\"https:\/\/praelskincare.com\/shop\/flash-moisture-mist\/\"]}]},{\"@type\":\"ImageObject\",\"inLanguage\":\"pl-PL\",\"@id\":\"https:\/\/praelskincare.com\/shop\/flash-moisture-mist\/#primaryimage\",\"url\":\"https:\/\/praelskincare.com\/wp-content\/uploads\/2018\/03\/flash-moisture-mist-5.png\",\"contentUrl\":\"https:\/\/praelskincare.com\/wp-content\/uploads\/2018\/03\/flash-moisture-mist-5.png\",\"width\":1280,\"height\":1280,\"caption\":\"Flash Moisture Mist 5\"},{\"@type\":\"BreadcrumbList\",\"@id\":\"https:\/\/praelskincare.com\/shop\/flash-moisture-mist\/#breadcrumb\",\"itemListElement\":[{\"@type\":\"ListItem\",\"position\":1,\"name\":\"Home\",\"item\":\"https:\/\/praelskincare.com\/\"},{\"@type\":\"ListItem\",\"position\":2,\"name\":\"Prael cosmetics\",\"item\":\"https:\/\/praelskincare.com\/shop\/\"},{\"@type\":\"ListItem\",\"position\":3,\"name\":\"Flash Moisture Mist\"}]},{\"@type\":\"WebSite\",\"@id\":\"https:\/\/praelskincare.com\/#website\",\"url\":\"https:\/\/praelskincare.com\/\",\"name\":\"Prael\",\"description\":\"Luxury Collagen Skincare\",\"publisher\":{\"@id\":\"https:\/\/praelskincare.com\/#organization\"},\"potentialAction\":[{\"@type\":\"SearchAction\",\"target\":{\"@type\":\"EntryPoint\",\"urlTemplate\":\"https:\/\/praelskincare.com\/?s={search_term_string}\"},\"query-input\":{\"@type\":\"PropertyValueSpecification\",\"valueRequired\":true,\"valueName\":\"search_term_string\"}}],\"inLanguage\":\"pl-PL\"},{\"@type\":\"Organization\",\"@id\":\"https:\/\/praelskincare.com\/#organization\",\"name\":\"PRAEL\",\"url\":\"https:\/\/praelskincare.com\/\",\"logo\":{\"@type\":\"ImageObject\",\"inLanguage\":\"pl-PL\",\"@id\":\"https:\/\/praelskincare.com\/#\/schema\/logo\/image\/\",\"url\":\"https:\/\/praelskincare.com\/wp-content\/uploads\/2017\/05\/logo_prael.png\",\"contentUrl\":\"https:\/\/praelskincare.com\/wp-content\/uploads\/2017\/05\/logo_prael.png\",\"width\":88,\"height\":58,\"caption\":\"PRAEL\"},\"image\":{\"@id\":\"https:\/\/praelskincare.com\/#\/schema\/logo\/image\/\"}}]}<\/script>\n<!-- \/ Yoast SEO plugin. -->","yoast_head_json":{"title":"Flash Moisture Mist - Prael","robots":{"index":"index","follow":"follow","max-snippet":"max-snippet:-1","max-image-preview":"max-image-preview:large","max-video-preview":"max-video-preview:-1"},"canonical":"https:\/\/praelskincare.com\/pl\/shop\/flash-moisture-mist\/","og_locale":"pl_PL","og_type":"article","og_title":"Flash Moisture Mist - Prael","og_description":"Nawil\u017caj\u0105ca Mgie\u0142ka do Piel\u0119gnacji Twarzy &#8211; niezast\u0105piona i jedyna w swoim rodzaju. Zawarty w mgie\u0142ce cynk ma w\u0142a\u015bciwo\u015bci goj\u0105ce i wp\u0142ywa na procesy odnowy sk\u00f3ry. Chitozan tworzy niewidzialn\u0105 barier\u0119 przed zanieczyszczeniami z powietrza. Dzi\u0119ki lekkiej, pozbawionej olejk\u00f3w formule, mgie\u0142ka daje uczucie \u015bwie\u017co\u015bci i komfortu. Nadaje si\u0119 do zastosowania dla wszystkich rodzaj\u00f3w sk\u00f3ry, tak\u017ce w kuracji [&hellip;]","og_url":"https:\/\/praelskincare.com\/shop\/flash-moisture-mist\/","og_site_name":"Prael","article_modified_time":"2018-03-14T16:24:16+00:00","og_image":[{"width":1280,"height":1280,"url":"https:\/\/praelskincare.com\/wp-content\/uploads\/2018\/03\/flash-moisture-mist-5.png","type":"image\/png"}],"twitter_card":"summary_large_image","schema":{"@context":"https:\/\/schema.org","@graph":[{"@type":"WebPage","@id":"https:\/\/praelskincare.com\/shop\/flash-moisture-mist\/","url":"https:\/\/praelskincare.com\/shop\/flash-moisture-mist\/","name":"Flash Moisture Mist - Prael","isPartOf":{"@id":"https:\/\/praelskincare.com\/#website"},"primaryImageOfPage":{"@id":"https:\/\/praelskincare.com\/shop\/flash-moisture-mist\/#primaryimage"},"image":{"@id":"https:\/\/praelskincare.com\/shop\/flash-moisture-mist\/#primaryimage"},"thumbnailUrl":"https:\/\/praelskincare.com\/wp-content\/uploads\/2018\/03\/flash-moisture-mist-5.png","datePublished":"2017-09-28T22:04:06+00:00","dateModified":"2018-03-14T16:24:16+00:00","breadcrumb":{"@id":"https:\/\/praelskincare.com\/shop\/flash-moisture-mist\/#breadcrumb"},"inLanguage":"pl-PL","potentialAction":[{"@type":"ReadAction","target":["https:\/\/praelskincare.com\/shop\/flash-moisture-mist\/"]}]},{"@type":"ImageObject","inLanguage":"pl-PL","@id":"https:\/\/praelskincare.com\/shop\/flash-moisture-mist\/#primaryimage","url":"https:\/\/praelskincare.com\/wp-content\/uploads\/2018\/03\/flash-moisture-mist-5.png","contentUrl":"https:\/\/praelskincare.com\/wp-content\/uploads\/2018\/03\/flash-moisture-mist-5.png","width":1280,"height":1280,"caption":"Flash Moisture Mist 5"},{"@type":"BreadcrumbList","@id":"https:\/\/praelskincare.com\/shop\/flash-moisture-mist\/#breadcrumb","itemListElement":[{"@type":"ListItem","position":1,"name":"Home","item":"https:\/\/praelskincare.com\/"},{"@type":"ListItem","position":2,"name":"Prael cosmetics","item":"https:\/\/praelskincare.com\/shop\/"},{"@type":"ListItem","position":3,"name":"Flash Moisture Mist"}]},{"@type":"WebSite","@id":"https:\/\/praelskincare.com\/#website","url":"https:\/\/praelskincare.com\/","name":"Prael","description":"Luxury Collagen Skincare","publisher":{"@id":"https:\/\/praelskincare.com\/#organization"},"potentialAction":[{"@type":"SearchAction","target":{"@type":"EntryPoint","urlTemplate":"https:\/\/praelskincare.com\/?s={search_term_string}"},"query-input":{"@type":"PropertyValueSpecification","valueRequired":true,"valueName":"search_term_string"}}],"inLanguage":"pl-PL"},{"@type":"Organization","@id":"https:\/\/praelskincare.com\/#organization","name":"PRAEL","url":"https:\/\/praelskincare.com\/","logo":{"@type":"ImageObject","inLanguage":"pl-PL","@id":"https:\/\/praelskincare.com\/#\/schema\/logo\/image\/","url":"https:\/\/praelskincare.com\/wp-content\/uploads\/2017\/05\/logo_prael.png","contentUrl":"https:\/\/praelskincare.com\/wp-content\/uploads\/2017\/05\/logo_prael.png","width":88,"height":58,"caption":"PRAEL"},"image":{"@id":"https:\/\/praelskincare.com\/#\/schema\/logo\/image\/"}}]}},"_links":{"self":[{"href":"https:\/\/praelskincare.com\/pl\/wp-json\/wp\/v2\/product\/611\/"}],"collection":[{"href":"https:\/\/praelskincare.com\/pl\/wp-json\/wp\/v2\/product\/"}],"about":[{"href":"https:\/\/praelskincare.com\/pl\/wp-json\/wp\/v2\/types\/product\/"}],"wp:featuredmedia":[{"embeddable":true,"href":"https:\/\/praelskincare.com\/pl\/wp-json\/wp\/v2\/media\/1786\/"}],"wp:attachment":[{"href":"https:\/\/praelskincare.com\/pl\/wp-json\/wp\/v2\/media\/?parent=611"}],"wp:term":[{"taxonomy":"product_brand","embeddable":true,"href":"https:\/\/praelskincare.com\/pl\/wp-json\/wp\/v2\/product_brand\/?post=611"},{"taxonomy":"product_cat","embeddable":true,"href":"https:\/\/praelskincare.com\/pl\/wp-json\/wp\/v2\/product_cat\/?post=611"},{"taxonomy":"product_tag","embeddable":true,"href":"https:\/\/praelskincare.com\/pl\/wp-json\/wp\/v2\/product_tag\/?post=611"}],"curies":[{"name":"wp","href":"https:\/\/api.w.org\/{rel}","templated":true}]}}