{"id":613,"date":"2017-09-28T22:07:21","date_gmt":"2017-09-28T22:07:21","guid":{"rendered":"https:\/\/praelskincare.local\/?post_type=product&#038;p=613"},"modified":"2019-10-07T15:22:41","modified_gmt":"2019-10-07T15:22:41","slug":"solash-eyelash-conditioner","status":"publish","type":"product","link":"https:\/\/praelskincare.com\/pl\/sklep\/solash-eyelash-conditioner\/","title":{"rendered":"SOLASH Eyelash Conditioner"},"content":{"rendered":"<p><strong>Od\u017cywka do Piel\u0119gnacji Rz\u0119s<\/strong>. D\u0142ugie i jedwabi\u015bcie g\u0142adkie rz\u0119sy, o kt\u00f3rych zawsze marzy\u0142a\u015b. Od\u017cywka PRAEL SOLASH wzmacnia mieszki w\u0142osowe stymuluj\u0105c naturalny wzrost rz\u0119s i brwi, a poprzez wype\u0142nianie ubytk\u00f3w w strukturze w\u0142osa zapobiega wypadaniu rz\u0119s. Ju\u017c po dw\u00f3ch tygodniach stosowania, rz\u0119sy zaczn\u0105 by\u0107 bardziej g\u0119ste i mocniejsze, a pe\u0142ny efekt zauwa\u017cysz ju\u017c po dw\u00f3ch miesi\u0105cach stosowania.<\/p>\n","protected":false},"excerpt":{"rendered":"<p>Od\u017cywka do Piel\u0119gnacji Rz\u0119s. D\u0142ugie i jedwabi\u015bcie g\u0142adkie rz\u0119sy, o kt\u00f3rych zawsze marzy\u0142a\u015b. Od\u017cywka PRAEL SOLASH wzmacnia mieszki w\u0142osowe stymuluj\u0105c naturalny wzrost rz\u0119s i brwi, a poprzez wype\u0142nianie ubytk\u00f3w w strukturze w\u0142osa zapobiega wypadaniu rz\u0119s. Ju\u017c po dw\u00f3ch tygodniach stosowania, rz\u0119sy zaczn\u0105 by\u0107 bardziej g\u0119ste i mocniejsze, a pe\u0142ny efekt zauwa\u017cysz ju\u017c po dw\u00f3ch miesi\u0105cach [&hellip;]<\/p>\n","protected":false},"featured_media":1286,"template":"","meta":{"inline_featured_image":false},"product_brand":[],"product_cat":[62],"product_tag":[44],"class_list":{"0":"post-613","1":"product","2":"type-product","3":"status-publish","4":"has-post-thumbnail","6":"product_cat-pielegnacja-rzes","7":"product_tag-biotinoyl-tripeptide-1","9":"first","10":"outofstock","11":"taxable","12":"shipping-taxable","13":"purchasable","14":"product-type-simple"},"yoast_head":"<!-- This site is optimized with the Yoast SEO plugin v25.4 - https:\/\/yoast.com\/wordpress\/plugins\/seo\/ -->\n<title>SOLASH Eyelash Conditioner - Prael<\/title>\n<meta name=\"robots\" content=\"index, follow, max-snippet:-1, max-image-preview:large, max-video-preview:-1\" \/>\n<link rel=\"canonical\" href=\"https:\/\/praelskincare.com\/pl\/sklep\/solash-eyelash-conditioner\/\" \/>\n<meta property=\"og:locale\" content=\"pl_PL\" \/>\n<meta property=\"og:type\" content=\"article\" \/>\n<meta property=\"og:title\" content=\"SOLASH Eyelash Conditioner - Prael\" \/>\n<meta property=\"og:description\" content=\"Od\u017cywka do Piel\u0119gnacji Rz\u0119s. D\u0142ugie i jedwabi\u015bcie g\u0142adkie rz\u0119sy, o kt\u00f3rych zawsze marzy\u0142a\u015b. Od\u017cywka PRAEL SOLASH wzmacnia mieszki w\u0142osowe stymuluj\u0105c naturalny wzrost rz\u0119s i brwi, a poprzez wype\u0142nianie ubytk\u00f3w w strukturze w\u0142osa zapobiega wypadaniu rz\u0119s. Ju\u017c po dw\u00f3ch tygodniach stosowania, rz\u0119sy zaczn\u0105 by\u0107 bardziej g\u0119ste i mocniejsze, a pe\u0142ny efekt zauwa\u017cysz ju\u017c po dw\u00f3ch miesi\u0105cach [&hellip;]\" \/>\n<meta property=\"og:url\" content=\"https:\/\/praelskincare.com\/pl\/sklep\/solash-eyelash-conditioner\/\" \/>\n<meta property=\"og:site_name\" content=\"Prael\" \/>\n<meta property=\"article:modified_time\" content=\"2019-10-07T15:22:41+00:00\" \/>\n<meta property=\"og:image\" content=\"https:\/\/praelskincare.com\/wp-content\/uploads\/2017\/11\/prael-solash-front.png\" \/>\n\t<meta property=\"og:image:width\" content=\"1280\" \/>\n\t<meta property=\"og:image:height\" content=\"1280\" \/>\n\t<meta property=\"og:image:type\" content=\"image\/png\" \/>\n<meta name=\"twitter:card\" content=\"summary_large_image\" \/>\n<script type=\"application\/ld+json\" class=\"yoast-schema-graph\">{\"@context\":\"https:\/\/schema.org\",\"@graph\":[{\"@type\":\"WebPage\",\"@id\":\"https:\/\/praelskincare.com\/pl\/sklep\/solash-eyelash-conditioner\/\",\"url\":\"https:\/\/praelskincare.com\/pl\/sklep\/solash-eyelash-conditioner\/\",\"name\":\"SOLASH Eyelash Conditioner - Prael\",\"isPartOf\":{\"@id\":\"https:\/\/praelskincare.com\/#website\"},\"primaryImageOfPage\":{\"@id\":\"https:\/\/praelskincare.com\/pl\/sklep\/solash-eyelash-conditioner\/#primaryimage\"},\"image\":{\"@id\":\"https:\/\/praelskincare.com\/pl\/sklep\/solash-eyelash-conditioner\/#primaryimage\"},\"thumbnailUrl\":\"https:\/\/praelskincare.com\/wp-content\/uploads\/2017\/11\/prael-solash-front.png\",\"datePublished\":\"2017-09-28T22:07:21+00:00\",\"dateModified\":\"2019-10-07T15:22:41+00:00\",\"breadcrumb\":{\"@id\":\"https:\/\/praelskincare.com\/pl\/sklep\/solash-eyelash-conditioner\/#breadcrumb\"},\"inLanguage\":\"pl-PL\",\"potentialAction\":[{\"@type\":\"ReadAction\",\"target\":[\"https:\/\/praelskincare.com\/pl\/sklep\/solash-eyelash-conditioner\/\"]}]},{\"@type\":\"ImageObject\",\"inLanguage\":\"pl-PL\",\"@id\":\"https:\/\/praelskincare.com\/pl\/sklep\/solash-eyelash-conditioner\/#primaryimage\",\"url\":\"https:\/\/praelskincare.com\/wp-content\/uploads\/2017\/11\/prael-solash-front.png\",\"contentUrl\":\"https:\/\/praelskincare.com\/wp-content\/uploads\/2017\/11\/prael-solash-front.png\",\"width\":1280,\"height\":1280},{\"@type\":\"BreadcrumbList\",\"@id\":\"https:\/\/praelskincare.com\/pl\/sklep\/solash-eyelash-conditioner\/#breadcrumb\",\"itemListElement\":[{\"@type\":\"ListItem\",\"position\":1,\"name\":\"Home\",\"item\":\"https:\/\/praelskincare.com\/\"},{\"@type\":\"ListItem\",\"position\":2,\"name\":\"Prael cosmetics\",\"item\":\"https:\/\/praelskincare.com\/shop\/\"},{\"@type\":\"ListItem\",\"position\":3,\"name\":\"SOLASH Eyelash Conditioner\"}]},{\"@type\":\"WebSite\",\"@id\":\"https:\/\/praelskincare.com\/#website\",\"url\":\"https:\/\/praelskincare.com\/\",\"name\":\"Prael\",\"description\":\"Luxury Collagen Skincare\",\"publisher\":{\"@id\":\"https:\/\/praelskincare.com\/#organization\"},\"potentialAction\":[{\"@type\":\"SearchAction\",\"target\":{\"@type\":\"EntryPoint\",\"urlTemplate\":\"https:\/\/praelskincare.com\/?s={search_term_string}\"},\"query-input\":{\"@type\":\"PropertyValueSpecification\",\"valueRequired\":true,\"valueName\":\"search_term_string\"}}],\"inLanguage\":\"pl-PL\"},{\"@type\":\"Organization\",\"@id\":\"https:\/\/praelskincare.com\/#organization\",\"name\":\"PRAEL\",\"url\":\"https:\/\/praelskincare.com\/\",\"logo\":{\"@type\":\"ImageObject\",\"inLanguage\":\"pl-PL\",\"@id\":\"https:\/\/praelskincare.com\/#\/schema\/logo\/image\/\",\"url\":\"https:\/\/praelskincare.com\/wp-content\/uploads\/2017\/05\/logo_prael.png\",\"contentUrl\":\"https:\/\/praelskincare.com\/wp-content\/uploads\/2017\/05\/logo_prael.png\",\"width\":88,\"height\":58,\"caption\":\"PRAEL\"},\"image\":{\"@id\":\"https:\/\/praelskincare.com\/#\/schema\/logo\/image\/\"}}]}<\/script>\n<!-- \/ Yoast SEO plugin. -->","yoast_head_json":{"title":"SOLASH Eyelash Conditioner - Prael","robots":{"index":"index","follow":"follow","max-snippet":"max-snippet:-1","max-image-preview":"max-image-preview:large","max-video-preview":"max-video-preview:-1"},"canonical":"https:\/\/praelskincare.com\/pl\/sklep\/solash-eyelash-conditioner\/","og_locale":"pl_PL","og_type":"article","og_title":"SOLASH Eyelash Conditioner - Prael","og_description":"Od\u017cywka do Piel\u0119gnacji Rz\u0119s. D\u0142ugie i jedwabi\u015bcie g\u0142adkie rz\u0119sy, o kt\u00f3rych zawsze marzy\u0142a\u015b. Od\u017cywka PRAEL SOLASH wzmacnia mieszki w\u0142osowe stymuluj\u0105c naturalny wzrost rz\u0119s i brwi, a poprzez wype\u0142nianie ubytk\u00f3w w strukturze w\u0142osa zapobiega wypadaniu rz\u0119s. Ju\u017c po dw\u00f3ch tygodniach stosowania, rz\u0119sy zaczn\u0105 by\u0107 bardziej g\u0119ste i mocniejsze, a pe\u0142ny efekt zauwa\u017cysz ju\u017c po dw\u00f3ch miesi\u0105cach [&hellip;]","og_url":"https:\/\/praelskincare.com\/pl\/sklep\/solash-eyelash-conditioner\/","og_site_name":"Prael","article_modified_time":"2019-10-07T15:22:41+00:00","og_image":[{"width":1280,"height":1280,"url":"https:\/\/praelskincare.com\/wp-content\/uploads\/2017\/11\/prael-solash-front.png","type":"image\/png"}],"twitter_card":"summary_large_image","schema":{"@context":"https:\/\/schema.org","@graph":[{"@type":"WebPage","@id":"https:\/\/praelskincare.com\/pl\/sklep\/solash-eyelash-conditioner\/","url":"https:\/\/praelskincare.com\/pl\/sklep\/solash-eyelash-conditioner\/","name":"SOLASH Eyelash Conditioner - Prael","isPartOf":{"@id":"https:\/\/praelskincare.com\/#website"},"primaryImageOfPage":{"@id":"https:\/\/praelskincare.com\/pl\/sklep\/solash-eyelash-conditioner\/#primaryimage"},"image":{"@id":"https:\/\/praelskincare.com\/pl\/sklep\/solash-eyelash-conditioner\/#primaryimage"},"thumbnailUrl":"https:\/\/praelskincare.com\/wp-content\/uploads\/2017\/11\/prael-solash-front.png","datePublished":"2017-09-28T22:07:21+00:00","dateModified":"2019-10-07T15:22:41+00:00","breadcrumb":{"@id":"https:\/\/praelskincare.com\/pl\/sklep\/solash-eyelash-conditioner\/#breadcrumb"},"inLanguage":"pl-PL","potentialAction":[{"@type":"ReadAction","target":["https:\/\/praelskincare.com\/pl\/sklep\/solash-eyelash-conditioner\/"]}]},{"@type":"ImageObject","inLanguage":"pl-PL","@id":"https:\/\/praelskincare.com\/pl\/sklep\/solash-eyelash-conditioner\/#primaryimage","url":"https:\/\/praelskincare.com\/wp-content\/uploads\/2017\/11\/prael-solash-front.png","contentUrl":"https:\/\/praelskincare.com\/wp-content\/uploads\/2017\/11\/prael-solash-front.png","width":1280,"height":1280},{"@type":"BreadcrumbList","@id":"https:\/\/praelskincare.com\/pl\/sklep\/solash-eyelash-conditioner\/#breadcrumb","itemListElement":[{"@type":"ListItem","position":1,"name":"Home","item":"https:\/\/praelskincare.com\/"},{"@type":"ListItem","position":2,"name":"Prael cosmetics","item":"https:\/\/praelskincare.com\/shop\/"},{"@type":"ListItem","position":3,"name":"SOLASH Eyelash Conditioner"}]},{"@type":"WebSite","@id":"https:\/\/praelskincare.com\/#website","url":"https:\/\/praelskincare.com\/","name":"Prael","description":"Luxury Collagen Skincare","publisher":{"@id":"https:\/\/praelskincare.com\/#organization"},"potentialAction":[{"@type":"SearchAction","target":{"@type":"EntryPoint","urlTemplate":"https:\/\/praelskincare.com\/?s={search_term_string}"},"query-input":{"@type":"PropertyValueSpecification","valueRequired":true,"valueName":"search_term_string"}}],"inLanguage":"pl-PL"},{"@type":"Organization","@id":"https:\/\/praelskincare.com\/#organization","name":"PRAEL","url":"https:\/\/praelskincare.com\/","logo":{"@type":"ImageObject","inLanguage":"pl-PL","@id":"https:\/\/praelskincare.com\/#\/schema\/logo\/image\/","url":"https:\/\/praelskincare.com\/wp-content\/uploads\/2017\/05\/logo_prael.png","contentUrl":"https:\/\/praelskincare.com\/wp-content\/uploads\/2017\/05\/logo_prael.png","width":88,"height":58,"caption":"PRAEL"},"image":{"@id":"https:\/\/praelskincare.com\/#\/schema\/logo\/image\/"}}]}},"_links":{"self":[{"href":"https:\/\/praelskincare.com\/pl\/wp-json\/wp\/v2\/product\/613\/"}],"collection":[{"href":"https:\/\/praelskincare.com\/pl\/wp-json\/wp\/v2\/product\/"}],"about":[{"href":"https:\/\/praelskincare.com\/pl\/wp-json\/wp\/v2\/types\/product\/"}],"wp:featuredmedia":[{"embeddable":true,"href":"https:\/\/praelskincare.com\/pl\/wp-json\/wp\/v2\/media\/1286\/"}],"wp:attachment":[{"href":"https:\/\/praelskincare.com\/pl\/wp-json\/wp\/v2\/media\/?parent=613"}],"wp:term":[{"taxonomy":"product_brand","embeddable":true,"href":"https:\/\/praelskincare.com\/pl\/wp-json\/wp\/v2\/product_brand\/?post=613"},{"taxonomy":"product_cat","embeddable":true,"href":"https:\/\/praelskincare.com\/pl\/wp-json\/wp\/v2\/product_cat\/?post=613"},{"taxonomy":"product_tag","embeddable":true,"href":"https:\/\/praelskincare.com\/pl\/wp-json\/wp\/v2\/product_tag\/?post=613"}],"curies":[{"name":"wp","href":"https:\/\/api.w.org\/{rel}","templated":true}]}}