{"id":614,"date":"2017-09-28T22:08:53","date_gmt":"2017-09-28T22:08:53","guid":{"rendered":"https:\/\/praelskincare.local\/?post_type=product&#038;p=614"},"modified":"2019-02-23T17:23:27","modified_gmt":"2019-02-23T17:23:27","slug":"face-sunscreen-spf-50","status":"publish","type":"product","link":"https:\/\/praelskincare.com\/pl\/sklep\/face-sunscreen-spf-50\/","title":{"rendered":"Face Sunscreen SPF 50"},"content":{"rendered":"<p><strong>Krem z Filtrem SPF50<\/strong>. Zaawansowana technologicznie receptura. Filtr SPF 50 oraz aktywne sk\u0142adniki zapewniaj\u0105 komfort p\u0142yn\u0105cy z ochrony przed promieniowaniem UVA, UVB i zanieczyszczeniami z powietrza. Rewolucyjna, oparta na mineralnych filtrach Formu\u0142a G-Block pomaga walczy\u0107 z procesami starzenia. Olejek z ziaren sezamu \u00a0zatrzymuje wolne rodniki. Twoja sk\u00f3ra jest pod pe\u0142n\u0105 ochron\u0105.<\/p>\n","protected":false},"excerpt":{"rendered":"<p>Krem z Filtrem SPF50. Zaawansowana technologicznie receptura. Filtr SPF 50 oraz aktywne sk\u0142adniki zapewniaj\u0105 komfort p\u0142yn\u0105cy z ochrony przed promieniowaniem UVA, UVB i zanieczyszczeniami z powietrza. Rewolucyjna, oparta na mineralnych filtrach Formu\u0142a G-Block pomaga walczy\u0107 z procesami starzenia. Olejek z ziaren sezamu \u00a0zatrzymuje wolne rodniki. Twoja sk\u00f3ra jest pod pe\u0142n\u0105 ochron\u0105.<\/p>\n","protected":false},"featured_media":639,"template":"","meta":{"inline_featured_image":false},"product_brand":[],"product_cat":[63],"product_tag":[47,45,46],"class_list":{"0":"post-614","1":"product","2":"type-product","3":"status-publish","4":"has-post-thumbnail","6":"product_cat-ochrona-przeciwsloneczna","7":"product_tag-g-block","8":"product_tag-uva","9":"product_tag-uvb","11":"first","12":"outofstock","13":"taxable","14":"shipping-taxable","15":"purchasable","16":"product-type-simple"},"yoast_head":"<!-- This site is optimized with the Yoast SEO plugin v25.4 - https:\/\/yoast.com\/wordpress\/plugins\/seo\/ -->\n<title>Face Sunscreen SPF 50 - Prael<\/title>\n<meta name=\"robots\" content=\"index, follow, max-snippet:-1, max-image-preview:large, max-video-preview:-1\" \/>\n<link rel=\"canonical\" href=\"https:\/\/praelskincare.com\/pl\/sklep\/face-sunscreen-spf-50\/\" \/>\n<meta property=\"og:locale\" content=\"pl_PL\" \/>\n<meta property=\"og:type\" content=\"article\" \/>\n<meta property=\"og:title\" content=\"Face Sunscreen SPF 50 - Prael\" \/>\n<meta property=\"og:description\" content=\"Krem z Filtrem SPF50. Zaawansowana technologicznie receptura. Filtr SPF 50 oraz aktywne sk\u0142adniki zapewniaj\u0105 komfort p\u0142yn\u0105cy z ochrony przed promieniowaniem UVA, UVB i zanieczyszczeniami z powietrza. Rewolucyjna, oparta na mineralnych filtrach Formu\u0142a G-Block pomaga walczy\u0107 z procesami starzenia. Olejek z ziaren sezamu \u00a0zatrzymuje wolne rodniki. Twoja sk\u00f3ra jest pod pe\u0142n\u0105 ochron\u0105.\" \/>\n<meta property=\"og:url\" content=\"https:\/\/praelskincare.com\/pl\/sklep\/face-sunscreen-spf-50\/\" \/>\n<meta property=\"og:site_name\" content=\"Prael\" \/>\n<meta property=\"article:modified_time\" content=\"2019-02-23T17:23:27+00:00\" \/>\n<meta property=\"og:image\" content=\"https:\/\/praelskincare.com\/wp-content\/uploads\/2017\/10\/face-sunscreen-thumbnail.png\" \/>\n\t<meta property=\"og:image:width\" content=\"1280\" \/>\n\t<meta property=\"og:image:height\" content=\"1280\" \/>\n\t<meta property=\"og:image:type\" content=\"image\/png\" \/>\n<meta name=\"twitter:card\" content=\"summary_large_image\" \/>\n<script type=\"application\/ld+json\" class=\"yoast-schema-graph\">{\"@context\":\"https:\/\/schema.org\",\"@graph\":[{\"@type\":\"WebPage\",\"@id\":\"https:\/\/praelskincare.com\/pl\/sklep\/face-sunscreen-spf-50\/\",\"url\":\"https:\/\/praelskincare.com\/pl\/sklep\/face-sunscreen-spf-50\/\",\"name\":\"Face Sunscreen SPF 50 - Prael\",\"isPartOf\":{\"@id\":\"https:\/\/praelskincare.com\/#website\"},\"primaryImageOfPage\":{\"@id\":\"https:\/\/praelskincare.com\/pl\/sklep\/face-sunscreen-spf-50\/#primaryimage\"},\"image\":{\"@id\":\"https:\/\/praelskincare.com\/pl\/sklep\/face-sunscreen-spf-50\/#primaryimage\"},\"thumbnailUrl\":\"https:\/\/praelskincare.com\/wp-content\/uploads\/2017\/10\/face-sunscreen-thumbnail.png\",\"datePublished\":\"2017-09-28T22:08:53+00:00\",\"dateModified\":\"2019-02-23T17:23:27+00:00\",\"breadcrumb\":{\"@id\":\"https:\/\/praelskincare.com\/pl\/sklep\/face-sunscreen-spf-50\/#breadcrumb\"},\"inLanguage\":\"pl-PL\",\"potentialAction\":[{\"@type\":\"ReadAction\",\"target\":[\"https:\/\/praelskincare.com\/pl\/sklep\/face-sunscreen-spf-50\/\"]}]},{\"@type\":\"ImageObject\",\"inLanguage\":\"pl-PL\",\"@id\":\"https:\/\/praelskincare.com\/pl\/sklep\/face-sunscreen-spf-50\/#primaryimage\",\"url\":\"https:\/\/praelskincare.com\/wp-content\/uploads\/2017\/10\/face-sunscreen-thumbnail.png\",\"contentUrl\":\"https:\/\/praelskincare.com\/wp-content\/uploads\/2017\/10\/face-sunscreen-thumbnail.png\",\"width\":1280,\"height\":1280},{\"@type\":\"BreadcrumbList\",\"@id\":\"https:\/\/praelskincare.com\/pl\/sklep\/face-sunscreen-spf-50\/#breadcrumb\",\"itemListElement\":[{\"@type\":\"ListItem\",\"position\":1,\"name\":\"Home\",\"item\":\"https:\/\/praelskincare.com\/\"},{\"@type\":\"ListItem\",\"position\":2,\"name\":\"Prael cosmetics\",\"item\":\"https:\/\/praelskincare.com\/shop\/\"},{\"@type\":\"ListItem\",\"position\":3,\"name\":\"Face Sunscreen SPF 50\"}]},{\"@type\":\"WebSite\",\"@id\":\"https:\/\/praelskincare.com\/#website\",\"url\":\"https:\/\/praelskincare.com\/\",\"name\":\"Prael\",\"description\":\"Luxury Collagen Skincare\",\"publisher\":{\"@id\":\"https:\/\/praelskincare.com\/#organization\"},\"potentialAction\":[{\"@type\":\"SearchAction\",\"target\":{\"@type\":\"EntryPoint\",\"urlTemplate\":\"https:\/\/praelskincare.com\/?s={search_term_string}\"},\"query-input\":{\"@type\":\"PropertyValueSpecification\",\"valueRequired\":true,\"valueName\":\"search_term_string\"}}],\"inLanguage\":\"pl-PL\"},{\"@type\":\"Organization\",\"@id\":\"https:\/\/praelskincare.com\/#organization\",\"name\":\"PRAEL\",\"url\":\"https:\/\/praelskincare.com\/\",\"logo\":{\"@type\":\"ImageObject\",\"inLanguage\":\"pl-PL\",\"@id\":\"https:\/\/praelskincare.com\/#\/schema\/logo\/image\/\",\"url\":\"https:\/\/praelskincare.com\/wp-content\/uploads\/2017\/05\/logo_prael.png\",\"contentUrl\":\"https:\/\/praelskincare.com\/wp-content\/uploads\/2017\/05\/logo_prael.png\",\"width\":88,\"height\":58,\"caption\":\"PRAEL\"},\"image\":{\"@id\":\"https:\/\/praelskincare.com\/#\/schema\/logo\/image\/\"}}]}<\/script>\n<!-- \/ Yoast SEO plugin. -->","yoast_head_json":{"title":"Face Sunscreen SPF 50 - Prael","robots":{"index":"index","follow":"follow","max-snippet":"max-snippet:-1","max-image-preview":"max-image-preview:large","max-video-preview":"max-video-preview:-1"},"canonical":"https:\/\/praelskincare.com\/pl\/sklep\/face-sunscreen-spf-50\/","og_locale":"pl_PL","og_type":"article","og_title":"Face Sunscreen SPF 50 - Prael","og_description":"Krem z Filtrem SPF50. Zaawansowana technologicznie receptura. Filtr SPF 50 oraz aktywne sk\u0142adniki zapewniaj\u0105 komfort p\u0142yn\u0105cy z ochrony przed promieniowaniem UVA, UVB i zanieczyszczeniami z powietrza. Rewolucyjna, oparta na mineralnych filtrach Formu\u0142a G-Block pomaga walczy\u0107 z procesami starzenia. Olejek z ziaren sezamu \u00a0zatrzymuje wolne rodniki. Twoja sk\u00f3ra jest pod pe\u0142n\u0105 ochron\u0105.","og_url":"https:\/\/praelskincare.com\/pl\/sklep\/face-sunscreen-spf-50\/","og_site_name":"Prael","article_modified_time":"2019-02-23T17:23:27+00:00","og_image":[{"width":1280,"height":1280,"url":"https:\/\/praelskincare.com\/wp-content\/uploads\/2017\/10\/face-sunscreen-thumbnail.png","type":"image\/png"}],"twitter_card":"summary_large_image","schema":{"@context":"https:\/\/schema.org","@graph":[{"@type":"WebPage","@id":"https:\/\/praelskincare.com\/pl\/sklep\/face-sunscreen-spf-50\/","url":"https:\/\/praelskincare.com\/pl\/sklep\/face-sunscreen-spf-50\/","name":"Face Sunscreen SPF 50 - Prael","isPartOf":{"@id":"https:\/\/praelskincare.com\/#website"},"primaryImageOfPage":{"@id":"https:\/\/praelskincare.com\/pl\/sklep\/face-sunscreen-spf-50\/#primaryimage"},"image":{"@id":"https:\/\/praelskincare.com\/pl\/sklep\/face-sunscreen-spf-50\/#primaryimage"},"thumbnailUrl":"https:\/\/praelskincare.com\/wp-content\/uploads\/2017\/10\/face-sunscreen-thumbnail.png","datePublished":"2017-09-28T22:08:53+00:00","dateModified":"2019-02-23T17:23:27+00:00","breadcrumb":{"@id":"https:\/\/praelskincare.com\/pl\/sklep\/face-sunscreen-spf-50\/#breadcrumb"},"inLanguage":"pl-PL","potentialAction":[{"@type":"ReadAction","target":["https:\/\/praelskincare.com\/pl\/sklep\/face-sunscreen-spf-50\/"]}]},{"@type":"ImageObject","inLanguage":"pl-PL","@id":"https:\/\/praelskincare.com\/pl\/sklep\/face-sunscreen-spf-50\/#primaryimage","url":"https:\/\/praelskincare.com\/wp-content\/uploads\/2017\/10\/face-sunscreen-thumbnail.png","contentUrl":"https:\/\/praelskincare.com\/wp-content\/uploads\/2017\/10\/face-sunscreen-thumbnail.png","width":1280,"height":1280},{"@type":"BreadcrumbList","@id":"https:\/\/praelskincare.com\/pl\/sklep\/face-sunscreen-spf-50\/#breadcrumb","itemListElement":[{"@type":"ListItem","position":1,"name":"Home","item":"https:\/\/praelskincare.com\/"},{"@type":"ListItem","position":2,"name":"Prael cosmetics","item":"https:\/\/praelskincare.com\/shop\/"},{"@type":"ListItem","position":3,"name":"Face Sunscreen SPF 50"}]},{"@type":"WebSite","@id":"https:\/\/praelskincare.com\/#website","url":"https:\/\/praelskincare.com\/","name":"Prael","description":"Luxury Collagen Skincare","publisher":{"@id":"https:\/\/praelskincare.com\/#organization"},"potentialAction":[{"@type":"SearchAction","target":{"@type":"EntryPoint","urlTemplate":"https:\/\/praelskincare.com\/?s={search_term_string}"},"query-input":{"@type":"PropertyValueSpecification","valueRequired":true,"valueName":"search_term_string"}}],"inLanguage":"pl-PL"},{"@type":"Organization","@id":"https:\/\/praelskincare.com\/#organization","name":"PRAEL","url":"https:\/\/praelskincare.com\/","logo":{"@type":"ImageObject","inLanguage":"pl-PL","@id":"https:\/\/praelskincare.com\/#\/schema\/logo\/image\/","url":"https:\/\/praelskincare.com\/wp-content\/uploads\/2017\/05\/logo_prael.png","contentUrl":"https:\/\/praelskincare.com\/wp-content\/uploads\/2017\/05\/logo_prael.png","width":88,"height":58,"caption":"PRAEL"},"image":{"@id":"https:\/\/praelskincare.com\/#\/schema\/logo\/image\/"}}]}},"_links":{"self":[{"href":"https:\/\/praelskincare.com\/pl\/wp-json\/wp\/v2\/product\/614\/"}],"collection":[{"href":"https:\/\/praelskincare.com\/pl\/wp-json\/wp\/v2\/product\/"}],"about":[{"href":"https:\/\/praelskincare.com\/pl\/wp-json\/wp\/v2\/types\/product\/"}],"wp:featuredmedia":[{"embeddable":true,"href":"https:\/\/praelskincare.com\/pl\/wp-json\/wp\/v2\/media\/639\/"}],"wp:attachment":[{"href":"https:\/\/praelskincare.com\/pl\/wp-json\/wp\/v2\/media\/?parent=614"}],"wp:term":[{"taxonomy":"product_brand","embeddable":true,"href":"https:\/\/praelskincare.com\/pl\/wp-json\/wp\/v2\/product_brand\/?post=614"},{"taxonomy":"product_cat","embeddable":true,"href":"https:\/\/praelskincare.com\/pl\/wp-json\/wp\/v2\/product_cat\/?post=614"},{"taxonomy":"product_tag","embeddable":true,"href":"https:\/\/praelskincare.com\/pl\/wp-json\/wp\/v2\/product_tag\/?post=614"}],"curies":[{"name":"wp","href":"https:\/\/api.w.org\/{rel}","templated":true}]}}