{"id":621,"date":"2017-09-28T22:35:39","date_gmt":"2017-09-28T22:35:39","guid":{"rendered":"https:\/\/praelskincare.local\/?post_type=product&#038;p=621"},"modified":"2022-01-20T16:25:09","modified_gmt":"2022-01-20T16:25:09","slug":"gold-renewal-mask","status":"publish","type":"product","link":"https:\/\/praelskincare.com\/pl\/sklep\/gold-renewal-mask\/","title":{"rendered":"Gold Renewal Mask"},"content":{"rendered":"<p>G\u0142\u00f3wnym sk\u0142adnikiem aktywnym maseczki jest ekstrakt z Kocanki W\u0142oskiej (Helichrysum Italicum). Ekstrakt ma w\u0142a\u015bciwo\u015bci przeciwzapalne, antyalergiczne i antybakteryjne, dzi\u0119ki czemu wspomaga gojenie, zwalcza infekcje i \u0142agodzi stany zapalne, nadaj\u0105c sk\u00f3rze zdrowy wygl\u0105d.<\/p>\n<p>W\u0142a\u015bciwo\u015bci antybakteryjne wyci\u0105gu z Kocanki W\u0142oskiej pomagaj\u0105 zapobiega\u0107 infekcjom sk\u00f3ry. Zawarty w produkcie wyci\u0105g z Sorgo (Sorghum Juice) jest bogaty w poliozydy i sacharoz\u0119 oraz ma silne w\u0142a\u015bciwo\u015bci energetyzuj\u0105ce i antyoksydacyjne zapewniaj\u0105c natychmiastowy efekt mikro liftingu i napi\u0119cia sk\u00f3ry.<\/p>\n<p>Drobinki z\u0142ota dodaj\u0105 mieni\u0105cego si\u0119 blasku, kt\u00f3ry podkre\u015bla naturalny proces odnowy sk\u00f3ry. Regularne stosowanie maski wyg\u0142adza i zmi\u0119kcza drobne linie i zmarszczki. Sk\u00f3ra staje si\u0119 promienna, od\u015bwie\u017cona i j\u0119drna.<\/p>\n","protected":false},"excerpt":{"rendered":"<p>G\u0142\u00f3wnym sk\u0142adnikiem aktywnym maseczki jest ekstrakt z Kocanki W\u0142oskiej (Helichrysum Italicum). Ekstrakt ma w\u0142a\u015bciwo\u015bci przeciwzapalne, antyalergiczne i antybakteryjne, dzi\u0119ki czemu wspomaga gojenie, zwalcza infekcje i \u0142agodzi stany zapalne, nadaj\u0105c sk\u00f3rze zdrowy wygl\u0105d. W\u0142a\u015bciwo\u015bci antybakteryjne wyci\u0105gu z Kocanki W\u0142oskiej pomagaj\u0105 zapobiega\u0107 infekcjom sk\u00f3ry. Zawarty w produkcie wyci\u0105g z Sorgo (Sorghum Juice) jest bogaty w poliozydy i [&hellip;]<\/p>\n","protected":false},"featured_media":2740,"template":"","meta":{"inline_featured_image":false},"product_brand":[],"product_cat":[64],"product_tag":[],"class_list":{"0":"post-621","1":"product","2":"type-product","3":"status-publish","4":"has-post-thumbnail","6":"product_cat-maska-regenerujaca","8":"first","9":"instock","10":"taxable","11":"shipping-taxable","12":"purchasable","13":"product-type-simple"},"yoast_head":"<!-- This site is optimized with the Yoast SEO plugin v25.4 - https:\/\/yoast.com\/wordpress\/plugins\/seo\/ -->\n<title>Gold Renewal Mask - Prael<\/title>\n<meta name=\"robots\" content=\"index, follow, max-snippet:-1, max-image-preview:large, max-video-preview:-1\" \/>\n<link rel=\"canonical\" href=\"https:\/\/praelskincare.com\/pl\/sklep\/gold-renewal-mask\/\" \/>\n<meta property=\"og:locale\" content=\"pl_PL\" \/>\n<meta property=\"og:type\" content=\"article\" \/>\n<meta property=\"og:title\" content=\"Gold Renewal Mask - Prael\" \/>\n<meta property=\"og:description\" content=\"G\u0142\u00f3wnym sk\u0142adnikiem aktywnym maseczki jest ekstrakt z Kocanki W\u0142oskiej (Helichrysum Italicum). Ekstrakt ma w\u0142a\u015bciwo\u015bci przeciwzapalne, antyalergiczne i antybakteryjne, dzi\u0119ki czemu wspomaga gojenie, zwalcza infekcje i \u0142agodzi stany zapalne, nadaj\u0105c sk\u00f3rze zdrowy wygl\u0105d. W\u0142a\u015bciwo\u015bci antybakteryjne wyci\u0105gu z Kocanki W\u0142oskiej pomagaj\u0105 zapobiega\u0107 infekcjom sk\u00f3ry. Zawarty w produkcie wyci\u0105g z Sorgo (Sorghum Juice) jest bogaty w poliozydy i [&hellip;]\" \/>\n<meta property=\"og:url\" content=\"https:\/\/praelskincare.com\/pl\/sklep\/gold-renewal-mask\/\" \/>\n<meta property=\"og:site_name\" content=\"Prael\" \/>\n<meta property=\"article:modified_time\" content=\"2022-01-20T16:25:09+00:00\" \/>\n<meta property=\"og:image\" content=\"https:\/\/praelskincare.com\/wp-content\/uploads\/2017\/09\/gold-renewal-mask-scaled.jpg\" \/>\n\t<meta property=\"og:image:width\" content=\"2560\" \/>\n\t<meta property=\"og:image:height\" content=\"2332\" \/>\n\t<meta property=\"og:image:type\" content=\"image\/jpeg\" \/>\n<meta name=\"twitter:card\" content=\"summary_large_image\" \/>\n<meta name=\"twitter:label1\" content=\"Szacowany czas czytania\" \/>\n\t<meta name=\"twitter:data1\" content=\"1 minuta\" \/>\n<script type=\"application\/ld+json\" class=\"yoast-schema-graph\">{\"@context\":\"https:\/\/schema.org\",\"@graph\":[{\"@type\":\"WebPage\",\"@id\":\"https:\/\/praelskincare.com\/pl\/sklep\/gold-renewal-mask\/\",\"url\":\"https:\/\/praelskincare.com\/pl\/sklep\/gold-renewal-mask\/\",\"name\":\"Gold Renewal Mask - Prael\",\"isPartOf\":{\"@id\":\"https:\/\/praelskincare.com\/#website\"},\"primaryImageOfPage\":{\"@id\":\"https:\/\/praelskincare.com\/pl\/sklep\/gold-renewal-mask\/#primaryimage\"},\"image\":{\"@id\":\"https:\/\/praelskincare.com\/pl\/sklep\/gold-renewal-mask\/#primaryimage\"},\"thumbnailUrl\":\"https:\/\/praelskincare.com\/wp-content\/uploads\/2017\/09\/gold-renewal-mask-scaled.jpg\",\"datePublished\":\"2017-09-28T22:35:39+00:00\",\"dateModified\":\"2022-01-20T16:25:09+00:00\",\"breadcrumb\":{\"@id\":\"https:\/\/praelskincare.com\/pl\/sklep\/gold-renewal-mask\/#breadcrumb\"},\"inLanguage\":\"pl-PL\",\"potentialAction\":[{\"@type\":\"ReadAction\",\"target\":[\"https:\/\/praelskincare.com\/pl\/sklep\/gold-renewal-mask\/\"]}]},{\"@type\":\"ImageObject\",\"inLanguage\":\"pl-PL\",\"@id\":\"https:\/\/praelskincare.com\/pl\/sklep\/gold-renewal-mask\/#primaryimage\",\"url\":\"https:\/\/praelskincare.com\/wp-content\/uploads\/2017\/09\/gold-renewal-mask-scaled.jpg\",\"contentUrl\":\"https:\/\/praelskincare.com\/wp-content\/uploads\/2017\/09\/gold-renewal-mask-scaled.jpg\",\"width\":2560,\"height\":2332,\"caption\":\"Gold Renewal Mask\"},{\"@type\":\"BreadcrumbList\",\"@id\":\"https:\/\/praelskincare.com\/pl\/sklep\/gold-renewal-mask\/#breadcrumb\",\"itemListElement\":[{\"@type\":\"ListItem\",\"position\":1,\"name\":\"Home\",\"item\":\"https:\/\/praelskincare.com\/\"},{\"@type\":\"ListItem\",\"position\":2,\"name\":\"Prael cosmetics\",\"item\":\"https:\/\/praelskincare.com\/shop\/\"},{\"@type\":\"ListItem\",\"position\":3,\"name\":\"Gold Renewal Mask\"}]},{\"@type\":\"WebSite\",\"@id\":\"https:\/\/praelskincare.com\/#website\",\"url\":\"https:\/\/praelskincare.com\/\",\"name\":\"Prael\",\"description\":\"Luxury Collagen Skincare\",\"publisher\":{\"@id\":\"https:\/\/praelskincare.com\/#organization\"},\"potentialAction\":[{\"@type\":\"SearchAction\",\"target\":{\"@type\":\"EntryPoint\",\"urlTemplate\":\"https:\/\/praelskincare.com\/?s={search_term_string}\"},\"query-input\":{\"@type\":\"PropertyValueSpecification\",\"valueRequired\":true,\"valueName\":\"search_term_string\"}}],\"inLanguage\":\"pl-PL\"},{\"@type\":\"Organization\",\"@id\":\"https:\/\/praelskincare.com\/#organization\",\"name\":\"PRAEL\",\"url\":\"https:\/\/praelskincare.com\/\",\"logo\":{\"@type\":\"ImageObject\",\"inLanguage\":\"pl-PL\",\"@id\":\"https:\/\/praelskincare.com\/#\/schema\/logo\/image\/\",\"url\":\"https:\/\/praelskincare.com\/wp-content\/uploads\/2017\/05\/logo_prael.png\",\"contentUrl\":\"https:\/\/praelskincare.com\/wp-content\/uploads\/2017\/05\/logo_prael.png\",\"width\":88,\"height\":58,\"caption\":\"PRAEL\"},\"image\":{\"@id\":\"https:\/\/praelskincare.com\/#\/schema\/logo\/image\/\"}}]}<\/script>\n<!-- \/ Yoast SEO plugin. -->","yoast_head_json":{"title":"Gold Renewal Mask - Prael","robots":{"index":"index","follow":"follow","max-snippet":"max-snippet:-1","max-image-preview":"max-image-preview:large","max-video-preview":"max-video-preview:-1"},"canonical":"https:\/\/praelskincare.com\/pl\/sklep\/gold-renewal-mask\/","og_locale":"pl_PL","og_type":"article","og_title":"Gold Renewal Mask - Prael","og_description":"G\u0142\u00f3wnym sk\u0142adnikiem aktywnym maseczki jest ekstrakt z Kocanki W\u0142oskiej (Helichrysum Italicum). Ekstrakt ma w\u0142a\u015bciwo\u015bci przeciwzapalne, antyalergiczne i antybakteryjne, dzi\u0119ki czemu wspomaga gojenie, zwalcza infekcje i \u0142agodzi stany zapalne, nadaj\u0105c sk\u00f3rze zdrowy wygl\u0105d. W\u0142a\u015bciwo\u015bci antybakteryjne wyci\u0105gu z Kocanki W\u0142oskiej pomagaj\u0105 zapobiega\u0107 infekcjom sk\u00f3ry. Zawarty w produkcie wyci\u0105g z Sorgo (Sorghum Juice) jest bogaty w poliozydy i [&hellip;]","og_url":"https:\/\/praelskincare.com\/pl\/sklep\/gold-renewal-mask\/","og_site_name":"Prael","article_modified_time":"2022-01-20T16:25:09+00:00","og_image":[{"width":2560,"height":2332,"url":"https:\/\/praelskincare.com\/wp-content\/uploads\/2017\/09\/gold-renewal-mask-scaled.jpg","type":"image\/jpeg"}],"twitter_card":"summary_large_image","twitter_misc":{"Szacowany czas czytania":"1 minuta"},"schema":{"@context":"https:\/\/schema.org","@graph":[{"@type":"WebPage","@id":"https:\/\/praelskincare.com\/pl\/sklep\/gold-renewal-mask\/","url":"https:\/\/praelskincare.com\/pl\/sklep\/gold-renewal-mask\/","name":"Gold Renewal Mask - Prael","isPartOf":{"@id":"https:\/\/praelskincare.com\/#website"},"primaryImageOfPage":{"@id":"https:\/\/praelskincare.com\/pl\/sklep\/gold-renewal-mask\/#primaryimage"},"image":{"@id":"https:\/\/praelskincare.com\/pl\/sklep\/gold-renewal-mask\/#primaryimage"},"thumbnailUrl":"https:\/\/praelskincare.com\/wp-content\/uploads\/2017\/09\/gold-renewal-mask-scaled.jpg","datePublished":"2017-09-28T22:35:39+00:00","dateModified":"2022-01-20T16:25:09+00:00","breadcrumb":{"@id":"https:\/\/praelskincare.com\/pl\/sklep\/gold-renewal-mask\/#breadcrumb"},"inLanguage":"pl-PL","potentialAction":[{"@type":"ReadAction","target":["https:\/\/praelskincare.com\/pl\/sklep\/gold-renewal-mask\/"]}]},{"@type":"ImageObject","inLanguage":"pl-PL","@id":"https:\/\/praelskincare.com\/pl\/sklep\/gold-renewal-mask\/#primaryimage","url":"https:\/\/praelskincare.com\/wp-content\/uploads\/2017\/09\/gold-renewal-mask-scaled.jpg","contentUrl":"https:\/\/praelskincare.com\/wp-content\/uploads\/2017\/09\/gold-renewal-mask-scaled.jpg","width":2560,"height":2332,"caption":"Gold Renewal Mask"},{"@type":"BreadcrumbList","@id":"https:\/\/praelskincare.com\/pl\/sklep\/gold-renewal-mask\/#breadcrumb","itemListElement":[{"@type":"ListItem","position":1,"name":"Home","item":"https:\/\/praelskincare.com\/"},{"@type":"ListItem","position":2,"name":"Prael cosmetics","item":"https:\/\/praelskincare.com\/shop\/"},{"@type":"ListItem","position":3,"name":"Gold Renewal Mask"}]},{"@type":"WebSite","@id":"https:\/\/praelskincare.com\/#website","url":"https:\/\/praelskincare.com\/","name":"Prael","description":"Luxury Collagen Skincare","publisher":{"@id":"https:\/\/praelskincare.com\/#organization"},"potentialAction":[{"@type":"SearchAction","target":{"@type":"EntryPoint","urlTemplate":"https:\/\/praelskincare.com\/?s={search_term_string}"},"query-input":{"@type":"PropertyValueSpecification","valueRequired":true,"valueName":"search_term_string"}}],"inLanguage":"pl-PL"},{"@type":"Organization","@id":"https:\/\/praelskincare.com\/#organization","name":"PRAEL","url":"https:\/\/praelskincare.com\/","logo":{"@type":"ImageObject","inLanguage":"pl-PL","@id":"https:\/\/praelskincare.com\/#\/schema\/logo\/image\/","url":"https:\/\/praelskincare.com\/wp-content\/uploads\/2017\/05\/logo_prael.png","contentUrl":"https:\/\/praelskincare.com\/wp-content\/uploads\/2017\/05\/logo_prael.png","width":88,"height":58,"caption":"PRAEL"},"image":{"@id":"https:\/\/praelskincare.com\/#\/schema\/logo\/image\/"}}]}},"_links":{"self":[{"href":"https:\/\/praelskincare.com\/pl\/wp-json\/wp\/v2\/product\/621\/"}],"collection":[{"href":"https:\/\/praelskincare.com\/pl\/wp-json\/wp\/v2\/product\/"}],"about":[{"href":"https:\/\/praelskincare.com\/pl\/wp-json\/wp\/v2\/types\/product\/"}],"wp:featuredmedia":[{"embeddable":true,"href":"https:\/\/praelskincare.com\/pl\/wp-json\/wp\/v2\/media\/2740\/"}],"wp:attachment":[{"href":"https:\/\/praelskincare.com\/pl\/wp-json\/wp\/v2\/media\/?parent=621"}],"wp:term":[{"taxonomy":"product_brand","embeddable":true,"href":"https:\/\/praelskincare.com\/pl\/wp-json\/wp\/v2\/product_brand\/?post=621"},{"taxonomy":"product_cat","embeddable":true,"href":"https:\/\/praelskincare.com\/pl\/wp-json\/wp\/v2\/product_cat\/?post=621"},{"taxonomy":"product_tag","embeddable":true,"href":"https:\/\/praelskincare.com\/pl\/wp-json\/wp\/v2\/product_tag\/?post=621"}],"curies":[{"name":"wp","href":"https:\/\/api.w.org\/{rel}","templated":true}]}}